{"id":24711,"date":"2023-04-25T12:40:56","date_gmt":"2023-04-25T12:40:56","guid":{"rendered":"https:\/\/www.dokobit.com\/?page_id=24711"},"modified":"2023-06-19T08:53:13","modified_gmt":"2023-06-19T08:53:13","slug":"retningslinjer-for-informasjonskapsler","status":"publish","type":"page","link":"https:\/\/www.dokobit.com\/no\/overholdelse\/retningslinjer-for-informasjonskapsler","title":{"rendered":"Retningslinjer for informasjonskapsler"},"content":{"rendered":"\n<h1 class=\"wp-block-heading\"><strong>Retningslinjer for informasjonskapsler<\/strong><\/h1>\n\n\n\n<p>N\u00e5r du bruker Dokobit-nettstedet, portalen eller mobilappen eller andre Dokobit-tjenester, kan vi og v\u00e5re partnere lagre og\/eller f\u00e5 tilgang til informasjon p\u00e5 enheten din via informasjonskapsler eller lignende teknologier for \u00e5 behandle personopplysninger. I disse retningslinjene for informasjonskapsler kan du lese om:<\/p>\n\n\n\n<ul>\n<li>hvordan vi bruker informasjonskapsler,<\/li>\n\n\n\n<li>hvilke typer informasjonskapsler vi bruker,<\/li>\n\n\n\n<li>hvor lenge de fungerer og til hvilke form\u00e5l de brukes,<\/li>\n\n\n\n<li>hvordan endre innstillingene for informasjonskapsler og velge bort, og<\/li>\n\n\n\n<li>hvem vi er og hvordan du kan kontakte oss.<\/li>\n<\/ul>\n\n\n\n<p>N\u00e5r vi bruker ordene som &#8220;oss&#8221;, &#8220;vi&#8221;, og &#8220;v\u00e5r&#8221;, mener vi Dokobit. Du finner bedriftsinformasjonen v\u00e5r nedenfor. Vi er behandlingsansvarlig for dataene som samles inn ved bruk av informasjonskapsler p\u00e5 nettstedet v\u00e5rt.<\/p>\n\n\n\n<p>V\u00e5r nettside er&nbsp;<a href=\"https:\/\/www.dokobit.com\/\">https:\/\/www.dokobit.com\/<\/a>,&nbsp;inkludert v\u00e5re underdomener, som vi eier og driver.<\/p>\n\n\n\n<p>N\u00e5r vi refererer til &#8220;deg&#8221;, mener vi deg som bruker eller bes\u00f8kende p\u00e5 nettstedet v\u00e5rt.<\/p>\n\n\n\n<p>Disse retningslinjene er en del av v\u00e5r personvernerkl\u00e6ring. V\u00e5r bruk av informasjonskapsler kan inkludere behandling av dine personopplysninger og vi anbefaler derfor at du leser v\u00e5r\u00a0<a href=\"https:\/\/www.dokobit.com\/no\/overholdelse\/privacy-policy\">personvernerkl\u00e6ring<\/a>.<\/p>\n\n\n\n<h2 class=\"wp-block-heading\"><strong>Samtykke<\/strong><\/h2>\n\n\n\n<p>Ved \u00e5 godta v\u00e5r bruk av informasjonskapsler, bortsett fra n\u00f8dvendige informasjonskapsler, samtykker du til v\u00e5r bruk av informasjonskapsler som er beskrevet under &#8220;Typer informasjonskapsler og hvordan vi bruker dem&#8221; nedenfor. Du kan endre eller trekke tilbake samtykket til informasjonskapsler n\u00e5r som helst \u2013 se avsnittet &#8220;Hvordan du kan endre innstillingene for informasjonskapsler, inkludert \u00e5 melde deg ut&#8221; nedenfor.<\/p>\n\n\n\n<h2 class=\"wp-block-heading\"><strong>Hva trenger jeg \u00e5 vite om informasjonskapsler?<\/strong><\/h2>\n\n\n\n<p>Det finnes forskjellige typer informasjonskapsler og de brukes til forskjellige form\u00e5l.<\/p>\n\n\n\n<p>Nedenfor kan du lese om hva en informasjonskapsel er, forskjellen mellom f\u00f8rste- og tredjepartsinformasjonskapsler og forskjellen mellom \u00f8ktbaserte informasjonskapsler og vedvarende informasjonskapsler samt hvilke typer informasjonskapsler vi bruker p\u00e5 nettstedet v\u00e5rt og hvorfor.<\/p>\n\n\n\n<h3 class=\"wp-block-heading\"><strong>Hva er en informasjonskapsel?<\/strong><\/h3>\n\n\n\n<p>En informasjonskapsel er et lite stykke data som et nettsted lagrer p\u00e5 enheten din n\u00e5r du bes\u00f8ker det, og som deretter leses n\u00e5r du senere bes\u00f8ker nettstedet igjen. Ordet &#8220;informasjonskapsler&#8221; i disse retningslinjene og samtykket refererer ogs\u00e5 til andre former for automatisk innsamling av data, f.eks. flash-informasjonskapsler (lokale delte objekter), nettlagring (HTML5), Javascript eller informasjonskapsler plassert av en annen programvare.<\/p>\n\n\n\n<p>En informasjonskapsel kan inneholde informasjon om selve nettstedet, en unik identifikator som lar nettstedet gjenkjenne nettleseren din n\u00e5r du kommer tilbake til nettstedet, tilleggsdata som tjener form\u00e5let med informasjonskapselen, og levetiden til selve informasjonskapselen.<\/p>\n\n\n\n<p>Ordet &#8220;informasjonskapsler&#8221; eller &#8220;informasjonskapseldata&#8221; dekker ogs\u00e5 informasjon om IP- og MAC-adresser og annen informasjon om enheten din samlet inn av nevnte teknologier.<\/p>\n\n\n\n<p>Informasjonskapsler brukes til \u00e5 aktivere visse funksjoner (f.eks. innlogging) for \u00e5 spore bruk av nettstedet (f.eks. analyse), for \u00e5 lagre brukerinnstillingene dine (f.eks. tidssone, varslingspreferanser) og for \u00e5 tilpasse innholdet ditt (f.eks. reklame, spr\u00e5k).<\/p>\n\n\n\n<h3 class=\"wp-block-heading\"><strong>\u00d8ktbaserte informasjonskapsler vs. vedvarende informasjonskapsler<\/strong><strong><\/strong><\/h3>\n\n\n\n<p>\u00d8ktbaserte informasjonskapsler varer bare s\u00e5 lenge som nett\u00f8kten din varer. Dette betyr at de forsvinner fra datamaskinen eller enheten din n\u00e5r du lukker nettleseren. De blir derfor ogs\u00e5 noen ganger referert til som midlertidige informasjonskapsler. Vanligvis brukes \u00f8ktbaserte informasjonskapsler for \u00e5 huske at en bruker allerede har logget inn n\u00e5r de surfer p\u00e5 et nettsted.<\/p>\n\n\n\n<p>Vedvarende informasjonskapsler er forskjellige. Disse informasjonskapslene kalles noen ganger permanente informasjonskapsler. De forblir p\u00e5 datamaskinen eller enheten din etter at du lukker nettleseren. Denne typen informasjonskapsler vil utl\u00f8pe i henhold til tiden angitt i informasjonskapselen. Du kan se den spesifikke varigheten av hver vedvarende informasjonskapsel nedenfor.<\/p>\n\n\n\n<h3 class=\"wp-block-heading\"><strong>Hva er forskjellen mellom f\u00f8rste- og tredjeparts informasjonskapsler?<\/strong><\/h3>\n\n\n\n<p>F\u00f8rsteparts informasjonskapsler er informasjonskapslene som settes av nettstedet du bes\u00f8ker, og det er bare denne nettsiden som kan f\u00e5 tilgang til og lese disse informasjonskapslene.<\/p>\n\n\n\n<p>Tredjeparts informasjonskapsler settes av noen andre enn eieren av nettstedet du bes\u00f8ker. Informasjonskapslene satt av andre nettsteder og selskaper (dvs. tredjeparter) kan brukes til \u00e5 spore deg p\u00e5 andre nettsteder som bruker samme tredjepartstjeneste.<\/p>\n\n\n\n<p>Vi kan engasjere tredjeparter for \u00e5 bist\u00e5 med vedlikehold, drift, opprettelse eller funksjonalitet av nettstedet v\u00e5rt, f.eks. analyseleverand\u00f8rer og innholdspartnere. Vi gir disse tredjepartene tilgang til utvalgt informasjon for \u00e5 utf\u00f8re spesifikke oppgaver p\u00e5 v\u00e5re vegne.<\/p>\n\n\n\n<p>Vi anbefaler \u00e5 lese leverand\u00f8rens retningslinjer for personvern som finnes gjennom lenker i tabellene under, hvor du kan ogs\u00e5 se hvilke informasjonskapsler p\u00e5 nettsiden v\u00e5r som er f\u00f8rsteparts informasjonskapsler og tredjeparts informasjonskapsler.<\/p>\n\n\n\n<h2 class=\"wp-block-heading\"><strong>Typer informasjonskapsler og hvordan vi bruker dem<\/strong><\/h2>\n\n\n\n<p>Vi bruker informasjonskapsler for \u00e5:<\/p>\n\n\n\n<ol type=\"1\">\n<li>F\u00e5 nettstedet v\u00e5rt til \u00e5 fungere som forventet og overv\u00e5ke tilgjengeligheten og kvaliteten p\u00e5 tjenestene eller funksjonene vi tilbyr til v\u00e5re kunder.<\/li>\n\n\n\n<li>S\u00f8rge for sikkerhet, forhindre svindel og feils\u00f8ke systemene v\u00e5re for \u00e5 sikre at systemene og prosessene v\u00e5re fungerer riktig og sikkert.<\/li>\n\n\n\n<li>Motta og bruke informasjon som sendes automatisk fra enheten din, for eksempel IP-adresse eller nettlesertype, for \u00e5 skille enheten fra andre enheter.<\/li>\n\n\n\n<li>Lagre og\/eller f\u00e5 tilgang til informasjon p\u00e5 en enhet. Vi lagrer informasjonskapsler, enhetsidentifikatorer eller annen informasjon p\u00e5 enheten din for form\u00e5lene som presenteres for deg.<\/li>\n\n\n\n<li>Kjenne deg igjen n\u00e5r du bes\u00f8ker nettstedet v\u00e5rt p\u00e5 nytt. Dette hjelper oss med \u00e5 tilpasse innholdet v\u00e5rt for deg og notere dine preferanser (f.eks. ditt foretrukne spr\u00e5k eller autentiseringsmetode).<\/li>\n\n\n\n<li>Forst\u00e5 hvor mange bes\u00f8kende som bes\u00f8ker nettstedet v\u00e5rt, hva de liker eller misliker og deres interaksjoner med det. Dette hjelper oss med \u00e5 forbedre funksjonaliteten til nettstedet v\u00e5rt, f.eks. ved \u00e5 forbedre navigasjonen og foresl\u00e5 for brukeren den optimale m\u00e5ten \u00e5 bruke nettstedet p\u00e5.<\/li>\n\n\n\n<li>Bedre skreddersy nettsiden v\u00e5r og annonseringen vi viser deg til dine interesser. Om du gir oss tillatelse til \u00e5 sende deg markedsf\u00f8rings-e-poster, bruker vi ogs\u00e5 denne informasjonen til \u00e5 sende deg personlig tilpassede markedsf\u00f8rings e-poster.<\/li>\n\n\n\n<li>Tilpasse tjenesterelatert kommunikasjon og annonser, m\u00e5le innhold-&nbsp;og annonseytelse og gi publikumsinnsikt for produktutviklingsteamet v\u00e5rt. Vi bruker disse dataene til \u00e5 bygge eller forbedre brukeropplevelsen, kundereise, v\u00e5re systemer og programvare. For eksempel kan nye funksjonsforslag eller annonser vises til deg basert p\u00e5 innholdet du ser p\u00e5, funksjonene du bruker eller din omtrentlige plassering. En profil kan bygges om deg og dine interesser for \u00e5 vise deg personlig tilpassede annonser og innhold som er relevant for deg. Personlig tilpassede annonser og innhold kan vises til deg basert p\u00e5 profilen din. Ytelsen og effektiviteten til annonser og innhold du ser eller samhandler med kan m\u00e5les. Markedsunders\u00f8kelser kan brukes til \u00e5 l\u00e6re mer om m\u00e5lgruppene som bes\u00f8ker nettsteder\/apper og ser annonser. Dataene dine kan brukes til \u00e5 forbedre eksisterende systemer og programvare samt til \u00e5 utvikle nye produkter.<\/li>\n\n\n\n<li>Bruke n\u00f8yaktige geolokaliseringsdata. Vi bruker geolokaliseringsdataene dine til ett eller flere form\u00e5l.<\/li>\n<\/ol>\n\n\n\n<h3 class=\"wp-block-heading\"><strong>Strengt n\u00f8dvendige informasjonskapsler<\/strong><\/h3>\n\n\n\n<p>N\u00f8dvendige informasjonskapsler kreves for at den grunnleggende funksjonaliteten til nettstedet v\u00e5rt skal fungere. Disse informasjonskapslene er avgj\u00f8rende for levering av tjenester og n\u00f8dvendige for \u00e5 sikre at informasjon og tjenester leveres sikkert og best mulig. For eksempel bruker vi de n\u00f8dvendige informasjonskapslene for \u00e5 gj\u00f8re det mulig for deg \u00e5 kun logge inn \u00e9n gang under et bes\u00f8k p\u00e5 nettsiden v\u00e5r. Vi bruker ogs\u00e5 disse informasjonskapslene for \u00e5 overv\u00e5ke tilgjengeligheten og kvaliteten p\u00e5 v\u00e5re tjenester og funksjoner.<\/p>\n\n\n\n<p>Vi bruker ogs\u00e5 de n\u00f8dvendige informasjonskapslene for \u00e5 sikre at du f\u00e5r muligheten til \u00e5 godta eller avvise informasjonskapsler, blokkere ikke n\u00f8dvendige informasjonskapsler fra \u00e5 virke inntil du gir samtykke og huske innstillingene og valgene dine for informasjonskapsler. Informasjonskapslene hjelper ogs\u00e5 med \u00e5 holde oversikt over, om og n\u00e5r du har gitt samtykke til analytiske informasjonskapsler, vilk\u00e5r for bruk og markedsf\u00f8ring.<\/p>\n\n\n\n<p>Det er ikke n\u00f8dvendig \u00e5 akseptere eller mulig \u00e5 avvise bruken av n\u00f8dvendige informasjonskapsler da de er kjernen for funksjonaliteten til nettstedet v\u00e5rt.<\/p>\n\n\n\n<h3 class=\"wp-block-heading\"><strong>Funksjonelle informasjonskapsler<\/strong><\/h3>\n\n\n\n<p>Disse informasjonskapslene gj\u00f8r det mulig for nettstedet \u00e5 tilby forbedret funksjonalitet og personalisering. Funksjonelle informasjonskapsler bidrar til \u00e5 forbedre opplevelsen din ved \u00e5 tilby en mer personlig tjeneste. Disse informasjonskapslene husker dine valg, f.eks. spr\u00e5k, foretrukket innloggingsalternativ osv. De kan settes av oss eller av tredjepartsleverand\u00f8rer som tjenester vi har lagt til p\u00e5 sidene v\u00e5re. Vi vil bare sette de funksjonelle informasjonskapslene p\u00e5 enheten din om du gir oss ditt samtykke, men om du ikke tillater disse informasjonskapslene, kan det hende at noen eller alle av disse tjenestene ikke fungerer som de skal.<\/p>\n\n\n\n<h3 class=\"wp-block-heading\"><strong>Ytelsesinformasjonskapsler<\/strong><\/h3>\n\n\n\n<p>Ytelsesinformasjonskapsler, ogs\u00e5 kjent som analytiske informasjonskapsler, samler inn statistikk. Vi bruker denne informasjonen for \u00e5 gj\u00f8re nettstedet v\u00e5rt enda bedre. Informasjonen som samles inn via ytelsesinformasjonskapsler, sporer hvordan du bruker nettstedet v\u00e5rt under bes\u00f8ket ditt. Det hjelper oss med \u00e5 forst\u00e5 bes\u00f8kendes bruksm\u00f8nstre, identifisere og diagnostisere problemer eller feil du kan st\u00f8te p\u00e5 og ta bedre strategiske beslutninger for \u00e5 forbedre nettsideopplevelsen.<\/p>\n\n\n\n<p>Vi vil bare sette ytelsesinformasjonskapsler p\u00e5 enheten din om du gir oss ditt samtykke.<\/p>\n\n\n\n<h3 class=\"wp-block-heading\"><strong>M\u00e5lrettede informasjonskapsler<\/strong><\/h3>\n\n\n\n<p>M\u00e5lrettede informasjonskapsler \u2013 n\u00e5r du bes\u00f8ker nettstedet v\u00e5rt, kan annonsepartnerne v\u00e5re sette m\u00e5lrettede informasjonskapsler.<\/p>\n\n\n\n<p>De m\u00e5lrettede informasjonskapslene brukes til \u00e5 bestemme hvilket reklameinnhold som er mer relevant og passende for deg og dine interesser. V\u00e5re partnere bruker slike informasjonskapsler for \u00e5 bygge en profil av interessene dine og vise deg relevante annonser p\u00e5 andre nettsteder. De utf\u00f8rer funksjoner som \u00e5 forhindre at den samme annonsen stadig vises igjen, s\u00f8rge for at annonser vises riktig for annons\u00f8rer og i noen tilfeller velge annonser som er basert p\u00e5 dine interesser. Dette hjelper bedrifter med \u00e5 forbedre effektiviteten til kampanjene deres og kvaliteten p\u00e5 innholdet som presenteres for deg. Disse informasjonskapslene kan settes av nettstedet du bes\u00f8ker (f\u00f8rstepart) eller av tredjepartstjenester. Markedsf\u00f8rings informasjonskapsler satt av en tredjepartstjeneste kan brukes til \u00e5 spore deg p\u00e5 andre nettsteder som bruker samme tredjepartstjeneste. De identifiserer deg ikke direkte, men bruker unike identifikatorer for nettleseren og internettenheten din. Om du ikke tillater disse informasjonskapslene, vil du oppleve mindre m\u00e5lrettet annonsering.<\/p>\n\n\n\n<p>Vi vil bare sette m\u00e5lrettede informasjonskapsler p\u00e5 enheten din om du gir oss ditt samtykke.<\/p>\n\n\n\n<div id=\"ot-sdk-cookie-policy\"><\/div>\n\n\n\n<h2 class=\"wp-block-heading\"><strong>Hvordan du kan endre innstillingene for informasjonskapsler, inkludert \u00e5 melde deg ut<\/strong><\/h2>\n\n\n\n<p>Som en del av v\u00e5r l\u00f8sning for informasjonskapsler, ber vi alltid om ditt samtykke til informasjonskapsler og andre lignende teknologier med unntak av n\u00f8dvendige informasjonskapsler, f\u00f8r vi plasserer informasjonskapsler p\u00e5 enheten din.<\/p>\n\n\n\n<p>Vi gir deg ogs\u00e5 alltid muligheten til \u00e5 endre ditt samtykke om du har gitt samtykke til ikke n\u00f8dvendige informasjonskapsler p\u00e5 nettsiden v\u00e5r p\u00e5 et tidspunkt. Da kan du alltid endre hvilke informasjonskapsler du vil gi samtykke til. Bare se etter lenken til innstillingene for informasjonskapsler i bunnteksten p\u00e5 nettstedet eller innstillingsmenyen p\u00e5 kontoen. Om du trykker p\u00e5 skjoldet, vil innstillingene dine for informasjonskapsler vises slik at du alltid kan endre innstillingene og avvise informasjonskapsler.<\/p>\n\n\n\n<p>Det er ogs\u00e5 mulig \u00e5 instruere nettleseren din til \u00e5 nekte informasjonskapsler fra nettstedet v\u00e5rt. De fleste nettlesere er konfigurert til \u00e5 akseptere informasjonskapsler som standard, men du kan oppdatere disse innstillingene for enten \u00e5 nekte informasjonskapsler helt eller for \u00e5 varsle deg n\u00e5r et nettsted pr\u00f8ver \u00e5 sette eller oppdatere en informasjonskapsel. Om du bruker flere nettlesere og \u00f8nsker \u00e5 blokkere informasjonskapsler, endre eller trekke tilbake samtykket ditt, husk \u00e5 gj\u00f8re dette i alle nettlesere.<\/p>\n\n\n\n<p>Om du surfer p\u00e5 nettsteder fra flere enheter, kan det hende at du ogs\u00e5 m\u00e5 oppdatere innstillingene p\u00e5 hver enkelt enhet.<\/p>\n\n\n\n<p>Selv om noen informasjonskapsler kan blokkeres med liten innvirkning p\u00e5 opplevelsen din av et nettsted, kan blokkering av alle informasjonskapsler bety at du ikke f\u00e5r tilgang til visse funksjoner og innhold p\u00e5 nettstedet.<\/p>\n\n\n\n<h2 class=\"wp-block-heading\"><strong>Behandling av dine personopplysninger<\/strong><\/h2>\n\n\n\n<p>N\u00e5r du godtar v\u00e5r bruk av informasjonskapsler, vil det i visse tilfeller, som angitt i informasjonskapselmeldingen, inneb\u00e6re behandling av dine personopplysninger, inkludert f.eks. din IP-adresse og informasjon om hvordan du bruker tjenestene v\u00e5re. Du kan lese mer om behandling av personopplysninger og dine rettigheter i v\u00e5r\u00a0<a href=\"https:\/\/www.dokobit.com\/no\/overholdelse\/privacy-policy\">personvernerkl\u00e6ring<\/a>.<\/p>\n\n\n\n<h2 class=\"wp-block-heading\"><strong>Hvor ofte vil vi oppdatere retningslinjer for informasjonskapsler?<\/strong><\/h2>\n\n\n\n<p>Vi kan oppdatere disse retningslinjene for informasjonskapsler for \u00e5 gjenspeile for eksempel endringer i informasjonskapslene vi bruker eller av andre operasjonelle, juridiske eller regulatoriske \u00e5rsaker. G\u00e5 derfor regelmessig gjennom disse retningslinjene for informasjonskapsler for \u00e5 holde deg informert om v\u00e5r bruk av informasjonskapsler og relaterte teknologier.<\/p>\n\n\n\n<h2 class=\"wp-block-heading\"><strong>Hvem er vi og hvordan kan du kontakte oss?<\/strong><\/h2>\n\n\n\n<p>Her er bedriftsinformasjonen v\u00e5r:<\/p>\n\n\n\n<p>Dokobit, UAB<br>Paupio g. 50-136<br>LT-11341 Vilnius<br>Litauen<\/p>\n\n\n\n<p>Firmanummer: 301549834<\/p>\n\n\n\n<p>Du kan alltid skrive til oss p\u00e5:&nbsp;<a href=\"mailto:dpo@dokobit.com\">dpo@dokobit.com<\/a>.<\/p>\n","protected":false},"excerpt":{"rendered":"<p>Retningslinjer for informasjonskapsler N\u00e5r du bruker Dokobit-nettstedet, portalen eller mobilappen eller andre Dokobit-tjenester, kan vi og v\u00e5re partnere lagre og\/eller f\u00e5 tilgang til informasjon p\u00e5 enheten din via informasjonskapsler eller lignende teknologier for \u00e5 behandle personopplysninger. I disse retningslinjene for informasjonskapsler kan du lese om: N\u00e5r vi bruker ordene som &#8220;oss&#8221;, &#8220;vi&#8221;, og &#8220;v\u00e5r&#8221;, mener [&hellip;]<\/p>\n","protected":false},"author":10,"featured_media":0,"parent":9056,"menu_order":0,"comment_status":"closed","ping_status":"closed","template":"","meta":{"footnotes":""},"acf":[],"yoast_head":"<!-- This site is optimized with the Yoast SEO plugin v22.7 - https:\/\/yoast.com\/wordpress\/plugins\/seo\/ -->\n<title>Retningslinjer for informasjonskapsler | Dokobit<\/title>\n<meta name=\"robots\" content=\"index, follow, max-snippet:-1, max-image-preview:large, max-video-preview:-1\" \/>\n<link rel=\"canonical\" href=\"https:\/\/www.dokobit.com\/no\/wp-json\/wp\/v2\/pages\/24711\" \/>\n<meta property=\"og:locale\" content=\"en_US\" \/>\n<meta property=\"og:type\" content=\"article\" \/>\n<meta property=\"og:title\" content=\"Retningslinjer for informasjonskapsler | Dokobit\" \/>\n<meta property=\"og:description\" content=\"Retningslinjer for informasjonskapsler N\u00e5r du bruker Dokobit-nettstedet, portalen eller mobilappen eller andre Dokobit-tjenester, kan vi og v\u00e5re partnere lagre og\/eller f\u00e5 tilgang til informasjon p\u00e5 enheten din via informasjonskapsler eller lignende teknologier for \u00e5 behandle personopplysninger. I disse retningslinjene for informasjonskapsler kan du lese om: N\u00e5r vi bruker ordene som &#8220;oss&#8221;, &#8220;vi&#8221;, og &#8220;v\u00e5r&#8221;, mener [&hellip;]\" \/>\n<meta property=\"og:url\" content=\"https:\/\/www.dokobit.com\/no\/overholdelse\/retningslinjer-for-informasjonskapsler\" \/>\n<meta property=\"og:site_name\" content=\"Dokobit\" \/>\n<meta property=\"article:publisher\" content=\"https:\/\/www.facebook.com\/dokobit\" \/>\n<meta property=\"article:modified_time\" content=\"2023-06-19T08:53:13+00:00\" \/>\n<meta property=\"og:image\" content=\"https:\/\/www.dokobit.com\/wp-content\/uploads\/2024\/07\/2x-image-23.png\" \/>\n\t<meta property=\"og:image:width\" content=\"2403\" \/>\n\t<meta property=\"og:image:height\" content=\"1803\" \/>\n\t<meta property=\"og:image:type\" content=\"image\/png\" \/>\n<meta name=\"twitter:card\" content=\"summary_large_image\" \/>\n<meta name=\"twitter:label1\" content=\"Est. reading time\" \/>\n\t<meta name=\"twitter:data1\" content=\"9 minutes\" \/>\n<script type=\"application\/ld+json\" class=\"yoast-schema-graph\">{\"@context\":\"https:\/\/schema.org\",\"@graph\":[{\"@type\":\"WebPage\",\"@id\":\"https:\/\/www.dokobit.com\/no\/overholdelse\/retningslinjer-for-informasjonskapsler\",\"url\":\"https:\/\/www.dokobit.com\/no\/overholdelse\/retningslinjer-for-informasjonskapsler\",\"name\":\"Retningslinjer for informasjonskapsler | Dokobit\",\"isPartOf\":{\"@id\":\"https:\/\/www.dokobit.com\/no#website\"},\"datePublished\":\"2023-04-25T12:40:56+00:00\",\"dateModified\":\"2023-06-19T08:53:13+00:00\",\"breadcrumb\":{\"@id\":\"https:\/\/www.dokobit.com\/no\/overholdelse\/retningslinjer-for-informasjonskapsler#breadcrumb\"},\"inLanguage\":\"no\",\"potentialAction\":[{\"@type\":\"ReadAction\",\"target\":[\"https:\/\/www.dokobit.com\/no\/overholdelse\/retningslinjer-for-informasjonskapsler\"]}]},{\"@type\":\"BreadcrumbList\",\"@id\":\"https:\/\/www.dokobit.com\/no\/overholdelse\/retningslinjer-for-informasjonskapsler#breadcrumb\",\"itemListElement\":[{\"@type\":\"ListItem\",\"position\":1,\"name\":\"Home\",\"item\":\"https:\/\/www.dokobit.com\/no\"},{\"@type\":\"ListItem\",\"position\":2,\"name\":\"Overholdelse\",\"item\":\"https:\/\/www.dokobit.com\/no\/overholdelse\"},{\"@type\":\"ListItem\",\"position\":3,\"name\":\"Retningslinjer for informasjonskapsler\"}]},{\"@type\":\"WebSite\",\"@id\":\"https:\/\/www.dokobit.com\/no#website\",\"url\":\"https:\/\/www.dokobit.com\/no\",\"name\":\"Dokobit\",\"description\":\"Electronic document signing as an everyday service\",\"potentialAction\":[{\"@type\":\"SearchAction\",\"target\":{\"@type\":\"EntryPoint\",\"urlTemplate\":\"https:\/\/www.dokobit.com\/no?s={search_term_string}\"},\"query-input\":\"required name=search_term_string\"}],\"inLanguage\":\"no\"}]}<\/script>\n<!-- \/ Yoast SEO plugin. -->","yoast_head_json":{"title":"Retningslinjer for informasjonskapsler | Dokobit","robots":{"index":"index","follow":"follow","max-snippet":"max-snippet:-1","max-image-preview":"max-image-preview:large","max-video-preview":"max-video-preview:-1"},"canonical":"https:\/\/www.dokobit.com\/no\/wp-json\/wp\/v2\/pages\/24711","og_locale":"en_US","og_type":"article","og_title":"Retningslinjer for informasjonskapsler | Dokobit","og_description":"Retningslinjer for informasjonskapsler N\u00e5r du bruker Dokobit-nettstedet, portalen eller mobilappen eller andre Dokobit-tjenester, kan vi og v\u00e5re partnere lagre og\/eller f\u00e5 tilgang til informasjon p\u00e5 enheten din via informasjonskapsler eller lignende teknologier for \u00e5 behandle personopplysninger. I disse retningslinjene for informasjonskapsler kan du lese om: N\u00e5r vi bruker ordene som &#8220;oss&#8221;, &#8220;vi&#8221;, og &#8220;v\u00e5r&#8221;, mener [&hellip;]","og_url":"https:\/\/www.dokobit.com\/no\/overholdelse\/retningslinjer-for-informasjonskapsler","og_site_name":"Dokobit","article_publisher":"https:\/\/www.facebook.com\/dokobit","article_modified_time":"2023-06-19T08:53:13+00:00","og_image":[{"width":2403,"height":1803,"url":"https:\/\/www.dokobit.com\/wp-content\/uploads\/2024\/07\/2x-image-23.png","type":"image\/png"}],"twitter_card":"summary_large_image","twitter_misc":{"Est. reading time":"9 minutes"},"schema":{"@context":"https:\/\/schema.org","@graph":[{"@type":"WebPage","@id":"https:\/\/www.dokobit.com\/no\/overholdelse\/retningslinjer-for-informasjonskapsler","url":"https:\/\/www.dokobit.com\/no\/overholdelse\/retningslinjer-for-informasjonskapsler","name":"Retningslinjer for informasjonskapsler | Dokobit","isPartOf":{"@id":"https:\/\/www.dokobit.com\/no#website"},"datePublished":"2023-04-25T12:40:56+00:00","dateModified":"2023-06-19T08:53:13+00:00","breadcrumb":{"@id":"https:\/\/www.dokobit.com\/no\/overholdelse\/retningslinjer-for-informasjonskapsler#breadcrumb"},"inLanguage":"no","potentialAction":[{"@type":"ReadAction","target":["https:\/\/www.dokobit.com\/no\/overholdelse\/retningslinjer-for-informasjonskapsler"]}]},{"@type":"BreadcrumbList","@id":"https:\/\/www.dokobit.com\/no\/overholdelse\/retningslinjer-for-informasjonskapsler#breadcrumb","itemListElement":[{"@type":"ListItem","position":1,"name":"Home","item":"https:\/\/www.dokobit.com\/no"},{"@type":"ListItem","position":2,"name":"Overholdelse","item":"https:\/\/www.dokobit.com\/no\/overholdelse"},{"@type":"ListItem","position":3,"name":"Retningslinjer for informasjonskapsler"}]},{"@type":"WebSite","@id":"https:\/\/www.dokobit.com\/no#website","url":"https:\/\/www.dokobit.com\/no","name":"Dokobit","description":"Electronic document signing as an everyday service","potentialAction":[{"@type":"SearchAction","target":{"@type":"EntryPoint","urlTemplate":"https:\/\/www.dokobit.com\/no?s={search_term_string}"},"query-input":"required name=search_term_string"}],"inLanguage":"no"}]}},"_links":{"self":[{"href":"https:\/\/www.dokobit.com\/no\/wp-json\/wp\/v2\/pages\/24711"}],"collection":[{"href":"https:\/\/www.dokobit.com\/no\/wp-json\/wp\/v2\/pages"}],"about":[{"href":"https:\/\/www.dokobit.com\/no\/wp-json\/wp\/v2\/types\/page"}],"author":[{"embeddable":true,"href":"https:\/\/www.dokobit.com\/no\/wp-json\/wp\/v2\/users\/10"}],"replies":[{"embeddable":true,"href":"https:\/\/www.dokobit.com\/no\/wp-json\/wp\/v2\/comments?post=24711"}],"version-history":[{"count":10,"href":"https:\/\/www.dokobit.com\/no\/wp-json\/wp\/v2\/pages\/24711\/revisions"}],"predecessor-version":[{"id":25438,"href":"https:\/\/www.dokobit.com\/no\/wp-json\/wp\/v2\/pages\/24711\/revisions\/25438"}],"up":[{"embeddable":true,"href":"https:\/\/www.dokobit.com\/no\/wp-json\/wp\/v2\/pages\/9056"}],"wp:attachment":[{"href":"https:\/\/www.dokobit.com\/no\/wp-json\/wp\/v2\/media?parent=24711"}],"curies":[{"name":"wp","href":"https:\/\/api.w.org\/{rel}","templated":true}]}}