{"id":11878,"date":"2021-10-22T13:19:35","date_gmt":"2021-10-22T13:19:35","guid":{"rendered":"https:\/\/www.dokobit.com\/overholdelse\/dispute-resolution"},"modified":"2021-11-09T14:03:59","modified_gmt":"2021-11-09T14:03:59","slug":"tvistelosning","status":"publish","type":"page","link":"https:\/\/www.dokobit.com\/no\/overholdelse\/tvistelosning","title":{"rendered":"Tvistel\u00f8sning"},"content":{"rendered":"\n<h1 class=\"wp-block-heading\"><strong>Tvistel\u00f8sning<\/strong><\/h1>\n\n\n\n<p>Vi s\u00f8ker \u00e5 l\u00f8se alle tvister med kunder fredelig, raskt og p\u00e5 vilk\u00e5r som er akseptable for begge parter. Vennligst kontakt oss direkte p\u00e5 <a href=\"mailto:support@dokobit.com\">kundeservice@dokobit.com<\/a> hvis du har noen klager.<\/p>\n\n\n\n<p>I tilfeller der det ikke er mulig \u00e5 l\u00f8se problemer tilfredsstillende for alle parter, har du rett til \u00e5 s\u00f8ke om en alternativ tvistel\u00f8sning ved \u00e5 sende inn en foresp\u00f8rsel til den europeiske nettbaserte klageportalen (ODR). Systemet er bygget i henhold til forordning nr. 524\/2013 for \u00e5 sikre rettferdige og sikre nettbaserte transaksjoner med tilgang til tvistel\u00f8sningssystemer. <a href=\"https:\/\/ec.europa.eu\/consumers\/odr\/main\/index.cfm?event=main.home2.show&amp;lng=NO\">F\u00e5 tilgang til plattformen her.<\/a><\/p>\n","protected":false},"excerpt":{"rendered":"<p>Tvistel\u00f8sning Vi s\u00f8ker \u00e5 l\u00f8se alle tvister med kunder fredelig, raskt og p\u00e5 vilk\u00e5r som er akseptable for begge parter. Vennligst kontakt oss direkte p\u00e5 kundeservice@dokobit.com hvis du har noen klager. I tilfeller der det ikke er mulig \u00e5 l\u00f8se problemer tilfredsstillende for alle parter, har du rett til \u00e5 s\u00f8ke om en alternativ tvistel\u00f8sning [&hellip;]<\/p>\n","protected":false},"author":2,"featured_media":0,"parent":9056,"menu_order":0,"comment_status":"closed","ping_status":"closed","template":"","meta":{"footnotes":""},"acf":[],"yoast_head":"<!-- This site is optimized with the Yoast SEO plugin v22.7 - https:\/\/yoast.com\/wordpress\/plugins\/seo\/ -->\n<title>Tvistel\u00f8sning Dokobit<\/title>\n<meta name=\"robots\" content=\"index, follow, max-snippet:-1, max-image-preview:large, max-video-preview:-1\" \/>\n<link rel=\"canonical\" href=\"https:\/\/www.dokobit.com\/no\/wp-json\/wp\/v2\/pages\/11878\" \/>\n<meta property=\"og:locale\" content=\"en_US\" \/>\n<meta property=\"og:type\" content=\"article\" \/>\n<meta property=\"og:title\" content=\"Tvistel\u00f8sning Dokobit\" \/>\n<meta property=\"og:description\" content=\"Tvistel\u00f8sning Vi s\u00f8ker \u00e5 l\u00f8se alle tvister med kunder fredelig, raskt og p\u00e5 vilk\u00e5r som er akseptable for begge parter. Vennligst kontakt oss direkte p\u00e5 kundeservice@dokobit.com hvis du har noen klager. I tilfeller der det ikke er mulig \u00e5 l\u00f8se problemer tilfredsstillende for alle parter, har du rett til \u00e5 s\u00f8ke om en alternativ tvistel\u00f8sning [&hellip;]\" \/>\n<meta property=\"og:url\" content=\"https:\/\/www.dokobit.com\/no\/overholdelse\/tvistelosning\" \/>\n<meta property=\"og:site_name\" content=\"Dokobit\" \/>\n<meta property=\"article:publisher\" content=\"https:\/\/www.facebook.com\/dokobit\" \/>\n<meta property=\"article:modified_time\" content=\"2021-11-09T14:03:59+00:00\" \/>\n<meta property=\"og:image\" content=\"https:\/\/www.dokobit.com\/wp-content\/uploads\/2024\/07\/2x-image-23.png\" \/>\n\t<meta property=\"og:image:width\" content=\"2403\" \/>\n\t<meta property=\"og:image:height\" content=\"1803\" \/>\n\t<meta property=\"og:image:type\" content=\"image\/png\" \/>\n<meta name=\"twitter:card\" content=\"summary_large_image\" \/>\n<script type=\"application\/ld+json\" class=\"yoast-schema-graph\">{\"@context\":\"https:\/\/schema.org\",\"@graph\":[{\"@type\":\"WebPage\",\"@id\":\"https:\/\/www.dokobit.com\/no\/overholdelse\/tvistelosning\",\"url\":\"https:\/\/www.dokobit.com\/no\/overholdelse\/tvistelosning\",\"name\":\"Tvistel\u00f8sning Dokobit\",\"isPartOf\":{\"@id\":\"https:\/\/www.dokobit.com\/no#website\"},\"datePublished\":\"2021-10-22T13:19:35+00:00\",\"dateModified\":\"2021-11-09T14:03:59+00:00\",\"breadcrumb\":{\"@id\":\"https:\/\/www.dokobit.com\/no\/overholdelse\/tvistelosning#breadcrumb\"},\"inLanguage\":\"no\",\"potentialAction\":[{\"@type\":\"ReadAction\",\"target\":[\"https:\/\/www.dokobit.com\/no\/overholdelse\/tvistelosning\"]}]},{\"@type\":\"BreadcrumbList\",\"@id\":\"https:\/\/www.dokobit.com\/no\/overholdelse\/tvistelosning#breadcrumb\",\"itemListElement\":[{\"@type\":\"ListItem\",\"position\":1,\"name\":\"Home\",\"item\":\"https:\/\/www.dokobit.com\/no\"},{\"@type\":\"ListItem\",\"position\":2,\"name\":\"Overholdelse\",\"item\":\"https:\/\/www.dokobit.com\/no\/overholdelse\"},{\"@type\":\"ListItem\",\"position\":3,\"name\":\"Tvistel\u00f8sning\"}]},{\"@type\":\"WebSite\",\"@id\":\"https:\/\/www.dokobit.com\/no#website\",\"url\":\"https:\/\/www.dokobit.com\/no\",\"name\":\"Dokobit\",\"description\":\"Electronic document signing as an everyday service\",\"potentialAction\":[{\"@type\":\"SearchAction\",\"target\":{\"@type\":\"EntryPoint\",\"urlTemplate\":\"https:\/\/www.dokobit.com\/no?s={search_term_string}\"},\"query-input\":\"required name=search_term_string\"}],\"inLanguage\":\"no\"}]}<\/script>\n<!-- \/ Yoast SEO plugin. -->","yoast_head_json":{"title":"Tvistel\u00f8sning Dokobit","robots":{"index":"index","follow":"follow","max-snippet":"max-snippet:-1","max-image-preview":"max-image-preview:large","max-video-preview":"max-video-preview:-1"},"canonical":"https:\/\/www.dokobit.com\/no\/wp-json\/wp\/v2\/pages\/11878","og_locale":"en_US","og_type":"article","og_title":"Tvistel\u00f8sning Dokobit","og_description":"Tvistel\u00f8sning Vi s\u00f8ker \u00e5 l\u00f8se alle tvister med kunder fredelig, raskt og p\u00e5 vilk\u00e5r som er akseptable for begge parter. Vennligst kontakt oss direkte p\u00e5 kundeservice@dokobit.com hvis du har noen klager. I tilfeller der det ikke er mulig \u00e5 l\u00f8se problemer tilfredsstillende for alle parter, har du rett til \u00e5 s\u00f8ke om en alternativ tvistel\u00f8sning [&hellip;]","og_url":"https:\/\/www.dokobit.com\/no\/overholdelse\/tvistelosning","og_site_name":"Dokobit","article_publisher":"https:\/\/www.facebook.com\/dokobit","article_modified_time":"2021-11-09T14:03:59+00:00","og_image":[{"width":2403,"height":1803,"url":"https:\/\/www.dokobit.com\/wp-content\/uploads\/2024\/07\/2x-image-23.png","type":"image\/png"}],"twitter_card":"summary_large_image","schema":{"@context":"https:\/\/schema.org","@graph":[{"@type":"WebPage","@id":"https:\/\/www.dokobit.com\/no\/overholdelse\/tvistelosning","url":"https:\/\/www.dokobit.com\/no\/overholdelse\/tvistelosning","name":"Tvistel\u00f8sning Dokobit","isPartOf":{"@id":"https:\/\/www.dokobit.com\/no#website"},"datePublished":"2021-10-22T13:19:35+00:00","dateModified":"2021-11-09T14:03:59+00:00","breadcrumb":{"@id":"https:\/\/www.dokobit.com\/no\/overholdelse\/tvistelosning#breadcrumb"},"inLanguage":"no","potentialAction":[{"@type":"ReadAction","target":["https:\/\/www.dokobit.com\/no\/overholdelse\/tvistelosning"]}]},{"@type":"BreadcrumbList","@id":"https:\/\/www.dokobit.com\/no\/overholdelse\/tvistelosning#breadcrumb","itemListElement":[{"@type":"ListItem","position":1,"name":"Home","item":"https:\/\/www.dokobit.com\/no"},{"@type":"ListItem","position":2,"name":"Overholdelse","item":"https:\/\/www.dokobit.com\/no\/overholdelse"},{"@type":"ListItem","position":3,"name":"Tvistel\u00f8sning"}]},{"@type":"WebSite","@id":"https:\/\/www.dokobit.com\/no#website","url":"https:\/\/www.dokobit.com\/no","name":"Dokobit","description":"Electronic document signing as an everyday service","potentialAction":[{"@type":"SearchAction","target":{"@type":"EntryPoint","urlTemplate":"https:\/\/www.dokobit.com\/no?s={search_term_string}"},"query-input":"required name=search_term_string"}],"inLanguage":"no"}]}},"_links":{"self":[{"href":"https:\/\/www.dokobit.com\/no\/wp-json\/wp\/v2\/pages\/11878"}],"collection":[{"href":"https:\/\/www.dokobit.com\/no\/wp-json\/wp\/v2\/pages"}],"about":[{"href":"https:\/\/www.dokobit.com\/no\/wp-json\/wp\/v2\/types\/page"}],"author":[{"embeddable":true,"href":"https:\/\/www.dokobit.com\/no\/wp-json\/wp\/v2\/users\/2"}],"replies":[{"embeddable":true,"href":"https:\/\/www.dokobit.com\/no\/wp-json\/wp\/v2\/comments?post=11878"}],"version-history":[{"count":4,"href":"https:\/\/www.dokobit.com\/no\/wp-json\/wp\/v2\/pages\/11878\/revisions"}],"predecessor-version":[{"id":11913,"href":"https:\/\/www.dokobit.com\/no\/wp-json\/wp\/v2\/pages\/11878\/revisions\/11913"}],"up":[{"embeddable":true,"href":"https:\/\/www.dokobit.com\/no\/wp-json\/wp\/v2\/pages\/9056"}],"wp:attachment":[{"href":"https:\/\/www.dokobit.com\/no\/wp-json\/wp\/v2\/media?parent=11878"}],"curies":[{"name":"wp","href":"https:\/\/api.w.org\/{rel}","templated":true}]}}