{"id":4272,"date":"2020-10-06T13:33:40","date_gmt":"2020-10-06T13:33:40","guid":{"rendered":"https:\/\/www.dokobit.com\/solutions"},"modified":"2026-04-28T14:27:08","modified_gmt":"2026-04-28T12:27:08","slug":"risinajumi","status":"publish","type":"page","link":"https:\/\/www.dokobit.com\/lv\/risinajumi","title":{"rendered":"Risin\u0101jumi"},"content":{"rendered":"","protected":false},"excerpt":{"rendered":"","protected":false},"author":2,"featured_media":0,"parent":0,"menu_order":0,"comment_status":"closed","ping_status":"closed","template":"templates\/solutions.php","meta":{"footnotes":""},"acf":[],"yoast_head":"<!-- This site is optimized with the Yoast SEO plugin v22.7 - https:\/\/yoast.com\/wordpress\/plugins\/seo\/ -->\n<title>Elektronisk\u0101 paraksta API risin\u0101jumi | Dokobit<\/title>\n<meta name=\"description\" content=\"API risin\u0101jumi elektroniskai parakst\u012b\u0161anai, z\u012bmogo\u0161anai un identifik\u0101cijai. Viegli integr\u0113jami, dro\u0161i un atbilsto\u0161i normat\u012bviem.\" \/>\n<meta name=\"robots\" content=\"index, follow, max-snippet:-1, max-image-preview:large, max-video-preview:-1\" \/>\n<link rel=\"canonical\" href=\"https:\/\/www.dokobit.com\/lv\/wp-json\/wp\/v2\/pages\/4272\" \/>\n<meta property=\"og:locale\" content=\"lv_LV\" \/>\n<meta property=\"og:type\" content=\"article\" \/>\n<meta property=\"og:title\" content=\"Elektronisk\u0101 paraksta API risin\u0101jumi | Dokobit\" \/>\n<meta property=\"og:description\" content=\"API risin\u0101jumi elektroniskai parakst\u012b\u0161anai, z\u012bmogo\u0161anai un identifik\u0101cijai. Viegli integr\u0113jami, dro\u0161i un atbilsto\u0161i normat\u012bviem.\" \/>\n<meta property=\"og:url\" content=\"https:\/\/www.dokobit.com\/lv\/risinajumi\" \/>\n<meta property=\"og:site_name\" content=\"Dokobit\" \/>\n<meta property=\"article:publisher\" content=\"https:\/\/www.facebook.com\/dokobit\" \/>\n<meta property=\"article:modified_time\" content=\"2026-04-28T12:27:08+00:00\" \/>\n<meta property=\"og:image\" content=\"https:\/\/www.dokobit.com\/wp-content\/uploads\/2024\/07\/2x-image-23.png\" \/>\n\t<meta property=\"og:image:width\" content=\"2403\" \/>\n\t<meta property=\"og:image:height\" content=\"1803\" \/>\n\t<meta property=\"og:image:type\" content=\"image\/png\" \/>\n<meta name=\"twitter:card\" content=\"summary_large_image\" \/>\n<script type=\"application\/ld+json\" class=\"yoast-schema-graph\">{\"@context\":\"https:\/\/schema.org\",\"@graph\":[{\"@type\":\"WebPage\",\"@id\":\"https:\/\/www.dokobit.com\/lv\/risinajumi\",\"url\":\"https:\/\/www.dokobit.com\/lv\/risinajumi\",\"name\":\"Elektronisk\u0101 paraksta API risin\u0101jumi | Dokobit\",\"isPartOf\":{\"@id\":\"https:\/\/www.dokobit.com\/lv#website\"},\"datePublished\":\"2020-10-06T13:33:40+00:00\",\"dateModified\":\"2026-04-28T12:27:08+00:00\",\"description\":\"API risin\u0101jumi elektroniskai parakst\u012b\u0161anai, z\u012bmogo\u0161anai un identifik\u0101cijai. Viegli integr\u0113jami, dro\u0161i un atbilsto\u0161i normat\u012bviem.\",\"breadcrumb\":{\"@id\":\"https:\/\/www.dokobit.com\/lv\/risinajumi#breadcrumb\"},\"inLanguage\":\"lv-LV\",\"potentialAction\":[{\"@type\":\"ReadAction\",\"target\":[\"https:\/\/www.dokobit.com\/lv\/risinajumi\"]}]},{\"@type\":\"BreadcrumbList\",\"@id\":\"https:\/\/www.dokobit.com\/lv\/risinajumi#breadcrumb\",\"itemListElement\":[{\"@type\":\"ListItem\",\"position\":1,\"name\":\"Home\",\"item\":\"https:\/\/www.dokobit.com\/lv\"},{\"@type\":\"ListItem\",\"position\":2,\"name\":\"Risin\u0101jumi\"}]},{\"@type\":\"WebSite\",\"@id\":\"https:\/\/www.dokobit.com\/lv#website\",\"url\":\"https:\/\/www.dokobit.com\/lv\",\"name\":\"Dokobit\",\"description\":\"Electronic document signing as an everyday service\",\"potentialAction\":[{\"@type\":\"SearchAction\",\"target\":{\"@type\":\"EntryPoint\",\"urlTemplate\":\"https:\/\/www.dokobit.com\/lv?s={search_term_string}\"},\"query-input\":\"required name=search_term_string\"}],\"inLanguage\":\"lv-LV\"}]}<\/script>\n<!-- \/ Yoast SEO plugin. -->","yoast_head_json":{"title":"Elektronisk\u0101 paraksta API risin\u0101jumi | Dokobit","description":"API risin\u0101jumi elektroniskai parakst\u012b\u0161anai, z\u012bmogo\u0161anai un identifik\u0101cijai. Viegli integr\u0113jami, dro\u0161i un atbilsto\u0161i normat\u012bviem.","robots":{"index":"index","follow":"follow","max-snippet":"max-snippet:-1","max-image-preview":"max-image-preview:large","max-video-preview":"max-video-preview:-1"},"canonical":"https:\/\/www.dokobit.com\/lv\/wp-json\/wp\/v2\/pages\/4272","og_locale":"lv_LV","og_type":"article","og_title":"Elektronisk\u0101 paraksta API risin\u0101jumi | Dokobit","og_description":"API risin\u0101jumi elektroniskai parakst\u012b\u0161anai, z\u012bmogo\u0161anai un identifik\u0101cijai. Viegli integr\u0113jami, dro\u0161i un atbilsto\u0161i normat\u012bviem.","og_url":"https:\/\/www.dokobit.com\/lv\/risinajumi","og_site_name":"Dokobit","article_publisher":"https:\/\/www.facebook.com\/dokobit","article_modified_time":"2026-04-28T12:27:08+00:00","og_image":[{"width":2403,"height":1803,"url":"https:\/\/www.dokobit.com\/wp-content\/uploads\/2024\/07\/2x-image-23.png","type":"image\/png"}],"twitter_card":"summary_large_image","schema":{"@context":"https:\/\/schema.org","@graph":[{"@type":"WebPage","@id":"https:\/\/www.dokobit.com\/lv\/risinajumi","url":"https:\/\/www.dokobit.com\/lv\/risinajumi","name":"Elektronisk\u0101 paraksta API risin\u0101jumi | Dokobit","isPartOf":{"@id":"https:\/\/www.dokobit.com\/lv#website"},"datePublished":"2020-10-06T13:33:40+00:00","dateModified":"2026-04-28T12:27:08+00:00","description":"API risin\u0101jumi elektroniskai parakst\u012b\u0161anai, z\u012bmogo\u0161anai un identifik\u0101cijai. Viegli integr\u0113jami, dro\u0161i un atbilsto\u0161i normat\u012bviem.","breadcrumb":{"@id":"https:\/\/www.dokobit.com\/lv\/risinajumi#breadcrumb"},"inLanguage":"lv-LV","potentialAction":[{"@type":"ReadAction","target":["https:\/\/www.dokobit.com\/lv\/risinajumi"]}]},{"@type":"BreadcrumbList","@id":"https:\/\/www.dokobit.com\/lv\/risinajumi#breadcrumb","itemListElement":[{"@type":"ListItem","position":1,"name":"Home","item":"https:\/\/www.dokobit.com\/lv"},{"@type":"ListItem","position":2,"name":"Risin\u0101jumi"}]},{"@type":"WebSite","@id":"https:\/\/www.dokobit.com\/lv#website","url":"https:\/\/www.dokobit.com\/lv","name":"Dokobit","description":"Electronic document signing as an everyday service","potentialAction":[{"@type":"SearchAction","target":{"@type":"EntryPoint","urlTemplate":"https:\/\/www.dokobit.com\/lv?s={search_term_string}"},"query-input":"required name=search_term_string"}],"inLanguage":"lv-LV"}]}},"_links":{"self":[{"href":"https:\/\/www.dokobit.com\/lv\/wp-json\/wp\/v2\/pages\/4272"}],"collection":[{"href":"https:\/\/www.dokobit.com\/lv\/wp-json\/wp\/v2\/pages"}],"about":[{"href":"https:\/\/www.dokobit.com\/lv\/wp-json\/wp\/v2\/types\/page"}],"author":[{"embeddable":true,"href":"https:\/\/www.dokobit.com\/lv\/wp-json\/wp\/v2\/users\/2"}],"replies":[{"embeddable":true,"href":"https:\/\/www.dokobit.com\/lv\/wp-json\/wp\/v2\/comments?post=4272"}],"version-history":[{"count":40,"href":"https:\/\/www.dokobit.com\/lv\/wp-json\/wp\/v2\/pages\/4272\/revisions"}],"predecessor-version":[{"id":37976,"href":"https:\/\/www.dokobit.com\/lv\/wp-json\/wp\/v2\/pages\/4272\/revisions\/37976"}],"wp:attachment":[{"href":"https:\/\/www.dokobit.com\/lv\/wp-json\/wp\/v2\/media?parent=4272"}],"curies":[{"name":"wp","href":"https:\/\/api.w.org\/{rel}","templated":true}]}}