{"id":37246,"date":"2025-07-30T15:41:43","date_gmt":"2025-07-30T13:41:43","guid":{"rendered":"https:\/\/www.dokobit.com\/?page_id=37246"},"modified":"2025-10-08T08:26:29","modified_gmt":"2025-10-08T06:26:29","slug":"cenu-salidzinajums","status":"publish","type":"page","link":"https:\/\/www.dokobit.com\/lv\/planu-salidzinajums","title":{"rendered":"Pl\u0101nu sal\u012bdzin\u0101jums"},"content":{"rendered":"","protected":false},"excerpt":{"rendered":"","protected":false},"author":14,"featured_media":0,"parent":0,"menu_order":0,"comment_status":"closed","ping_status":"closed","template":"templates\/simple-page.php","meta":{"footnotes":""},"acf":[],"yoast_head":"<!-- This site is optimized with the Yoast SEO plugin v22.7 - https:\/\/yoast.com\/wordpress\/plugins\/seo\/ -->\n<title>Pl\u0101nu sal\u012bdzin\u0101jums Dokobit<\/title>\n<meta name=\"description\" content=\"Sal\u012bdziniet Dokobit elektronisk\u0101s parakst\u012b\u0161anas cenas. Piel\u0101goti cenu pl\u0101ni pa\u0161nodarbin\u0101tajiem, komand\u0101m un uz\u0146\u0113mumiem.\" \/>\n<meta name=\"robots\" content=\"index, follow, max-snippet:-1, max-image-preview:large, max-video-preview:-1\" \/>\n<link rel=\"canonical\" href=\"https:\/\/www.dokobit.com\/lv\/wp-json\/wp\/v2\/pages\/37246\" \/>\n<meta property=\"og:locale\" content=\"lv_LV\" \/>\n<meta property=\"og:type\" content=\"article\" \/>\n<meta property=\"og:title\" content=\"Pl\u0101nu sal\u012bdzin\u0101jums Dokobit\" \/>\n<meta property=\"og:description\" content=\"Sal\u012bdziniet Dokobit elektronisk\u0101s parakst\u012b\u0161anas cenas. Piel\u0101goti cenu pl\u0101ni pa\u0161nodarbin\u0101tajiem, komand\u0101m un uz\u0146\u0113mumiem.\" \/>\n<meta property=\"og:url\" content=\"https:\/\/www.dokobit.com\/lv\/planu-salidzinajums\" \/>\n<meta property=\"og:site_name\" content=\"Dokobit\" \/>\n<meta property=\"article:publisher\" content=\"https:\/\/www.facebook.com\/dokobit\" \/>\n<meta property=\"article:modified_time\" content=\"2025-10-08T06:26:29+00:00\" \/>\n<meta property=\"og:image\" content=\"https:\/\/www.dokobit.com\/wp-content\/uploads\/2024\/07\/2x-image-23.png\" \/>\n\t<meta property=\"og:image:width\" content=\"2403\" \/>\n\t<meta property=\"og:image:height\" content=\"1803\" \/>\n\t<meta property=\"og:image:type\" content=\"image\/png\" \/>\n<meta name=\"twitter:card\" content=\"summary_large_image\" \/>\n<script type=\"application\/ld+json\" class=\"yoast-schema-graph\">{\"@context\":\"https:\/\/schema.org\",\"@graph\":[{\"@type\":\"WebPage\",\"@id\":\"https:\/\/www.dokobit.com\/lv\/planu-salidzinajums\",\"url\":\"https:\/\/www.dokobit.com\/lv\/planu-salidzinajums\",\"name\":\"Pl\u0101nu sal\u012bdzin\u0101jums Dokobit\",\"isPartOf\":{\"@id\":\"https:\/\/www.dokobit.com\/lv#website\"},\"datePublished\":\"2025-07-30T13:41:43+00:00\",\"dateModified\":\"2025-10-08T06:26:29+00:00\",\"description\":\"Sal\u012bdziniet Dokobit elektronisk\u0101s parakst\u012b\u0161anas cenas. Piel\u0101goti cenu pl\u0101ni pa\u0161nodarbin\u0101tajiem, komand\u0101m un uz\u0146\u0113mumiem.\",\"breadcrumb\":{\"@id\":\"https:\/\/www.dokobit.com\/lv\/planu-salidzinajums#breadcrumb\"},\"inLanguage\":\"lv-LV\",\"potentialAction\":[{\"@type\":\"ReadAction\",\"target\":[\"https:\/\/www.dokobit.com\/lv\/planu-salidzinajums\"]}]},{\"@type\":\"BreadcrumbList\",\"@id\":\"https:\/\/www.dokobit.com\/lv\/planu-salidzinajums#breadcrumb\",\"itemListElement\":[{\"@type\":\"ListItem\",\"position\":1,\"name\":\"Home\",\"item\":\"https:\/\/www.dokobit.com\/lv\"},{\"@type\":\"ListItem\",\"position\":2,\"name\":\"Pl\u0101nu sal\u012bdzin\u0101jums\"}]},{\"@type\":\"WebSite\",\"@id\":\"https:\/\/www.dokobit.com\/lv#website\",\"url\":\"https:\/\/www.dokobit.com\/lv\",\"name\":\"Dokobit\",\"description\":\"Electronic document signing as an everyday service\",\"potentialAction\":[{\"@type\":\"SearchAction\",\"target\":{\"@type\":\"EntryPoint\",\"urlTemplate\":\"https:\/\/www.dokobit.com\/lv?s={search_term_string}\"},\"query-input\":\"required name=search_term_string\"}],\"inLanguage\":\"lv-LV\"}]}<\/script>\n<!-- \/ Yoast SEO plugin. -->","yoast_head_json":{"title":"Pl\u0101nu sal\u012bdzin\u0101jums Dokobit","description":"Sal\u012bdziniet Dokobit elektronisk\u0101s parakst\u012b\u0161anas cenas. Piel\u0101goti cenu pl\u0101ni pa\u0161nodarbin\u0101tajiem, komand\u0101m un uz\u0146\u0113mumiem.","robots":{"index":"index","follow":"follow","max-snippet":"max-snippet:-1","max-image-preview":"max-image-preview:large","max-video-preview":"max-video-preview:-1"},"canonical":"https:\/\/www.dokobit.com\/lv\/wp-json\/wp\/v2\/pages\/37246","og_locale":"lv_LV","og_type":"article","og_title":"Pl\u0101nu sal\u012bdzin\u0101jums Dokobit","og_description":"Sal\u012bdziniet Dokobit elektronisk\u0101s parakst\u012b\u0161anas cenas. Piel\u0101goti cenu pl\u0101ni pa\u0161nodarbin\u0101tajiem, komand\u0101m un uz\u0146\u0113mumiem.","og_url":"https:\/\/www.dokobit.com\/lv\/planu-salidzinajums","og_site_name":"Dokobit","article_publisher":"https:\/\/www.facebook.com\/dokobit","article_modified_time":"2025-10-08T06:26:29+00:00","og_image":[{"width":2403,"height":1803,"url":"https:\/\/www.dokobit.com\/wp-content\/uploads\/2024\/07\/2x-image-23.png","type":"image\/png"}],"twitter_card":"summary_large_image","schema":{"@context":"https:\/\/schema.org","@graph":[{"@type":"WebPage","@id":"https:\/\/www.dokobit.com\/lv\/planu-salidzinajums","url":"https:\/\/www.dokobit.com\/lv\/planu-salidzinajums","name":"Pl\u0101nu sal\u012bdzin\u0101jums Dokobit","isPartOf":{"@id":"https:\/\/www.dokobit.com\/lv#website"},"datePublished":"2025-07-30T13:41:43+00:00","dateModified":"2025-10-08T06:26:29+00:00","description":"Sal\u012bdziniet Dokobit elektronisk\u0101s parakst\u012b\u0161anas cenas. Piel\u0101goti cenu pl\u0101ni pa\u0161nodarbin\u0101tajiem, komand\u0101m un uz\u0146\u0113mumiem.","breadcrumb":{"@id":"https:\/\/www.dokobit.com\/lv\/planu-salidzinajums#breadcrumb"},"inLanguage":"lv-LV","potentialAction":[{"@type":"ReadAction","target":["https:\/\/www.dokobit.com\/lv\/planu-salidzinajums"]}]},{"@type":"BreadcrumbList","@id":"https:\/\/www.dokobit.com\/lv\/planu-salidzinajums#breadcrumb","itemListElement":[{"@type":"ListItem","position":1,"name":"Home","item":"https:\/\/www.dokobit.com\/lv"},{"@type":"ListItem","position":2,"name":"Pl\u0101nu sal\u012bdzin\u0101jums"}]},{"@type":"WebSite","@id":"https:\/\/www.dokobit.com\/lv#website","url":"https:\/\/www.dokobit.com\/lv","name":"Dokobit","description":"Electronic document signing as an everyday service","potentialAction":[{"@type":"SearchAction","target":{"@type":"EntryPoint","urlTemplate":"https:\/\/www.dokobit.com\/lv?s={search_term_string}"},"query-input":"required name=search_term_string"}],"inLanguage":"lv-LV"}]}},"_links":{"self":[{"href":"https:\/\/www.dokobit.com\/lv\/wp-json\/wp\/v2\/pages\/37246"}],"collection":[{"href":"https:\/\/www.dokobit.com\/lv\/wp-json\/wp\/v2\/pages"}],"about":[{"href":"https:\/\/www.dokobit.com\/lv\/wp-json\/wp\/v2\/types\/page"}],"author":[{"embeddable":true,"href":"https:\/\/www.dokobit.com\/lv\/wp-json\/wp\/v2\/users\/14"}],"replies":[{"embeddable":true,"href":"https:\/\/www.dokobit.com\/lv\/wp-json\/wp\/v2\/comments?post=37246"}],"version-history":[{"count":16,"href":"https:\/\/www.dokobit.com\/lv\/wp-json\/wp\/v2\/pages\/37246\/revisions"}],"predecessor-version":[{"id":37511,"href":"https:\/\/www.dokobit.com\/lv\/wp-json\/wp\/v2\/pages\/37246\/revisions\/37511"}],"wp:attachment":[{"href":"https:\/\/www.dokobit.com\/lv\/wp-json\/wp\/v2\/media?parent=37246"}],"curies":[{"name":"wp","href":"https:\/\/api.w.org\/{rel}","templated":true}]}}