{"id":12201,"date":"2021-11-29T17:22:47","date_gmt":"2021-11-29T17:22:47","guid":{"rendered":"https:\/\/www.dokobit.com\/atbilstiba\/acceptable-use-policy-2"},"modified":"2023-07-05T07:34:20","modified_gmt":"2023-07-05T07:34:20","slug":"pienemamas-lietosanas-politika","status":"publish","type":"page","link":"https:\/\/www.dokobit.com\/lv\/atbilstiba\/pienemamas-lietosanas-politika","title":{"rendered":"Pie\u0146emamas lieto\u0161anas politika"},"content":{"rendered":"\n<h1 class=\"wp-block-heading\"><strong>Pie\u0146emamas lieto\u0161anas politika<\/strong><\/h1>\n\n\n\n<div class=\"alert alert-borderless alert-info mb-32\">\n  <div class=\"alert-icon\">\n    <svg width=\"20\" height=\"20\" viewBox=\"0 0 20 20\" fill=\"none\" xmlns=\"http:\/\/www.w3.org\/2000\/svg\">\n      <path d=\"M10 0C4.48 0 0 4.48 0 10C0 15.52 4.48 20 10 20C15.52 20 20 15.52 20 10C20 4.48 15.52 0 10 0ZM11 15H9V13H11V15ZM11 11H9V5H11V11Z\"><\/path>\n    <\/svg>\n  <\/div>\n  <div class=\"alert-content\">\n    <div class=\"alert__text\">\n      <p>\u0160\u012b Pie\u0146emamas lieto\u0161anas politika st\u0101jas sp\u0113k\u0101 un tika p\u0113d\u0113jo reizi atjaunin\u0101ta:<\/p>\n      <ul class=\"mb-0\">\n        <li>\u201cDokobit\u201d port\u0101la lietot\u0101jiem &#8211; 28.05.2023,<\/li>\n        <li>\u201cDokobit\u201d API risin\u0101jumu klientiem &#8211; 18.06.2023.<\/li>\n      <\/ul>\n    <\/div>\n  <\/div>\n<\/div>\n\n\n\n<p>\u0160\u012b Pie\u0146emamas lieto\u0161anas politika regul\u0113 Pakalpojumu lieto\u0161anu. J\u016bs piekr\u012btat nelietot Pakalpojumus neatbilsto\u0161\u0101 veid\u0101 un nepal\u012bdz\u0113t nevienai citai personai to dar\u012bt turpm\u0101k tekst\u0101 aprakst\u012btajos veidos, un izprotat saist\u012bbas, kas rodas, p\u0101rk\u0101pjot \u0161o Pie\u0146emamas lieto\u0161anas politiku. L\u016bdzam \u0146emt v\u0113r\u0101, ka ar lielo s\u0101kuma burtu lietotos terminus lieto tiem Pakalpojumu snieg\u0161anas noteikumos pie\u0161\u0137irtaj\u0101 noz\u012bm\u0113.<\/p>\n\n\n\n<p>Neatbilsto\u0161a Pakalpojumu lieto\u0161ana var b\u016bt:<\/p>\n\n\n\n<h2 class=\"wp-block-heading\"><strong>1. Pakalpojumu trauc\u0113jumi<\/strong><\/h2>\n\n\n\n<p>1.1. M\u016bsu Pakalpojumu un\/vai m\u016bsu Pakalpojumu sist\u0113mu, tostarp m\u016bsu apak\u0161apstr\u0101d\u0101t\u0101ju pakalpojumu un sist\u0113mu, kas saist\u012btas ar m\u016bsu Pakalpojumu snieg\u0161anu, integrit\u0101tes, konfidencialit\u0101tes un\/vai pieejam\u012bbas p\u0101rk\u0101p\u0161ana. Tas ietver jebkuras sist\u0113mas vai t\u012bkla, kur tiek izvietoti m\u016bsu Pakalpojumi, ievainojam\u012bbas izp\u0113t\u012b\u0161anu, caurl\u016bko\u0161anu vai test\u0113\u0161anu.<\/p>\n\n\n\n<p>1.2. M\u016bsu programmat\u016bras main\u012b\u0161ana (iejauk\u0161an\u0101s t\u0101s darb\u0101), revers\u0101s in\u017eenierijas veik\u0161ana, jebk\u0101da dro\u0161\u012bbas vai autentifik\u0101cijas pas\u0101kumu apie\u0161ana vai m\u0113\u0123in\u0101jumi g\u016bt neat\u013cautu piek\u013cuvi Pakalpojumiem, saist\u012btaj\u0101m sist\u0113m\u0101m, t\u012bkliem vai datiem.<\/p>\n\n\n\n<p>1.3. M\u016bsu infrastrukt\u016bras p\u0101rslogo\u0161ana vai m\u0113\u0123in\u0101jumi to p\u0101rslogot, uzliekot nesam\u0113r\u012bgi lielu slogu m\u016bsu sist\u0113m\u0101m.<\/p>\n\n\n\n<p>1.4. Jebk\u0101du s\u016bt\u012bjumu uz vai no serveriem, kuros izvietoti Pakalpojumi, at\u0161ifr\u0113\u0161ana.<\/p>\n\n\n\n<h2 class=\"wp-block-heading\"><strong>2. Pakalpojumu neatbilsto\u0161a lieto\u0161ana<\/strong><\/h2>\n\n\n\n<p>2.1. P\u0101rveidotas, maldino\u0161as vai nepatiesas pirmkodu identific\u0113jo\u0161as inform\u0101cijas nos\u016bt\u012b\u0161ana, ieskaitot vilto\u0161anu vai pik\u0161\u0137er\u0113\u0161anu.<\/p>\n\n\n\n<p>2.2. M\u016bsu vai m\u016bsu partneru, pieg\u0101d\u0101t\u0101ju vai saist\u012bto personu noniecin\u0101\u0161ana.<\/p>\n\n\n\n<p>2.3. Produktu vai pakalpojumu, kas nav j\u016bsu pa\u0161u produkti vai pakalpojumi, tirdzniec\u012bbas veicin\u0101\u0161ana vai reklam\u0113\u0161ana bez atbilsto\u0161a pilnvarojuma.<\/p>\n\n\n\n<p>2.4. Pakalpojumu lieto\u0161ana ar m\u0113r\u0137i p\u0101rk\u0101pt citu personu priv\u0101tumu, tostarp publiskojot vai public\u0113jot citu cilv\u0113ku priv\u0101tu vai Konfidenci\u0101lu inform\u0101ciju bez vi\u0146u skaidras at\u013caujas vai iev\u0101cot vai apkopojot citu cilv\u0113ku Personas datus.<\/p>\n\n\n\n<p>2.5. Autentifik\u0101cijas un\/vai paraksta piepras\u012bjuma nos\u016bt\u012b\u0161ana vair\u0101kiem nejau\u0161iem sa\u0146\u0113m\u0113jiem, kuri negaida \u0161\u0101du piepras\u012bjumu un attiec\u012bgi nav par to vienoju\u0161ies ar nos\u016bto\u0161o pusi.<\/p>\n\n\n\n<p>2.6. Pakalpojumus var lietot tikai, lai uzglab\u0101tu Klienta datus, kurus Lietot\u0101js ir tiesiski ieguvis vai rad\u012bjis. Pakalpojumus nedr\u012bkst nedz tie\u0161i, nedz netie\u0161i lietot jebk\u0101d\u0101m nelikum\u012bg\u0101m darb\u012bb\u0101m.<\/p>\n\n\n\n<p>2.7. Pakalpojumus nedr\u012bkst lietot, lai sniegtu j\u016bsu pa\u0161u elektronisk\u0101s identit\u0101tes aizsardz\u012bbas risin\u0101jumu, balstoties uz lietot\u0101ja autentifik\u0101cijas vai parakst\u012b\u0161an\u0101s oper\u0101ciju, ko veic, izmantojot \u201cDokobit\u201d API (Lietotnes programm\u0113\u0161anas saskarnes) pakalpojumus. Piem\u0113ram, Klients pierakst\u0101s ar jebkuru no m\u016bsu atbalst\u012btajiem eID r\u012bkiem, un taj\u0101 pa\u0161\u0101 sesij\u0101 j\u016bs l\u016bdzat Klientu re\u0123istr\u0113t Lietot\u0101ju, izmantojot pa\u0161a br\u012bvi izv\u0113l\u0113tu paroli, ko Klients p\u0113c tam izmanto turpm\u0101kaj\u0101s autentifik\u0101cijas oper\u0101cij\u0101s.<\/p>\n\n\n\n<p>2.8. \u201cDokobit\u201d sniegtos API pakalpojumus var izmantot tikai Lietot\u0101ja sist\u0113m\u0101s p\u0113c veiksm\u012bgas integr\u0101cijas p\u0101rbaudes no \u201cDokobit\u201d puses. Sniegto API piek\u013cuvi nedr\u012bkst atk\u0101rtoti izmantot tie\u0161i vai netie\u0161i jebkur\u0101s tre\u0161\u0101s personas sist\u0113m\u0101s, kas netika ietvertas s\u0101kotn\u0113j\u0101 integr\u0101cijas p\u0101rbaud\u0113. Ja Pakalpojumus paredz\u0113ts lietot tre\u0161\u0101s personas sist\u0113m\u0101s, nodro\u0161ina jaunu vieno\u0161anos ar jaunu piek\u013cuvi katram lietojumam.<\/p>\n\n\n\n<p>2.9. Nesp\u0113ja nodro\u0161in\u0101t Eiropas Savien\u012bbas Kiberdro\u0161\u012bbas a\u0123ent\u016bras (<em>ENISA<\/em>) ieteikto dro\u0161\u012bbas l\u012bmeni sist\u0113m\u0101s, kur\u0101s ir integr\u0113ti m\u016bsu Pakalpojumi (<em>ENISA<\/em>&nbsp;ieteikumi par algoritmiem, atsl\u0113gu lielumu un parametriem).<\/p>\n\n\n\n<p>2.10. Piek\u013cuve vai mekl\u0113\u0161ana jebkur\u0101 Pakalpojumu da\u013c\u0101 ar jebk\u0101diem citiem l\u012bdzek\u013ciem, kas nav m\u016bsu publiski atbalst\u012bt\u0101s saskarnes (piem\u0113ram, datu izvilk\u0161ana).<\/p>\n\n\n\n<h2 class=\"wp-block-heading\"><strong>3. Neatbilsto\u0161s saturs<\/strong><\/h2>\n\n\n\n<p>3.1. J\u016bs public\u0113jat, aug\u0161upiel\u0101d\u0113jat, iesniedzat vai k\u0101 cit\u0101di nodro\u0161in\u0101t saturu:<\/p>\n\n\n\n<p>3.1.1. kas aizskar Pakalpojumu sniedz\u0113ja vai tre\u0161\u0101s personas Intelektu\u0101lo \u012bpa\u0161umu vai citas ties\u012bbas, tostarp jebk\u0101das autorties\u012bbas, pre\u010du z\u012bmes, patentu, komercnosl\u0113pumu, personisk\u0101s ties\u012bbas, publicit\u0101tes priv\u0101tuma ties\u012bbas vai jebk\u0101das citas Intelektu\u0101l\u0101 \u012bpa\u0161uma ties\u012bbas vai \u012bpa\u0161uma vai l\u012bgumiskas ties\u012bbas;<\/p>\n\n\n\n<p>3.1.2. kas ir pornogr\u0101fisks, satur \u0101rk\u0101rt\u012bgu vardarb\u012bbu vai terorismu, tostarp terorisma propagandu, vai ir k\u0101 cit\u0101di prettiesisks;<\/p>\n\n\n\n<p>3.1.3. veicina neieciet\u012bbu vai naidu pret jebkuru personu vai personu grupu, pamatojoties uz vi\u0146u rasi, reli\u0123iju, etnisko izcelsmi, dzimumu, dzimuma identit\u0101ti, seksu\u0101lo orient\u0101ciju, invalidit\u0101ti vai trauc\u0113jumiem;<\/p>\n\n\n\n<p>3.1.4. kas mudina uz nelikum\u012bgu vai prettiesisku r\u012bc\u012bbu;<\/p>\n\n\n\n<p>3.1.5. kas satur v\u012brusus, robotprogrammat\u016bras, t\u0101rpus, skript\u0113\u0161anas uzlau\u0161anas r\u012bkus vai citus taml\u012bdz\u012bgus materi\u0101lus;<\/p>\n\n\n\n<p>3.1.6. ko jums nav ties\u012bbu iesniegt;<\/p>\n\n\n\n<p>3.1.7. kas var\u0113tu k\u0101 cit\u0101di kait\u0113t Pakalpojumu sniedz\u0113jam vai jebkurai tre\u0161ajai personai.<\/p>\n\n\n\n<h2 class=\"wp-block-heading\"><strong>4. Pie\u0146emamas lieto\u0161anas politikas p\u0101rk\u0101pums<\/strong><\/h2>\n\n\n\n<p>4.1. P\u0101rk\u0101pumu no j\u016bsu puses, j\u016bsu uz\u0146\u0113muma vai jebkuras citas personas, kura ir pilnvarota piek\u013c\u016bt Pakalpojumiem un tos lietot, puses rezult\u0101t\u0101 var tikt blo\u0137\u0113ta piek\u013cuve Pakalpojumiem vai Pakalpojumu snieg\u0161ana vai tikt da\u013c\u0113ji vai piln\u012bb\u0101 p\u0101rtraukta, vai var tikt veiktas citas sapr\u0101t\u012bgas darb\u012bbas, kas ir piem\u0113rotas p\u0101rk\u0101puma atrisin\u0101\u0161anai, ko m\u0113s nosak\u0101m p\u0113c saviem ieskatiem.<\/p>\n\n\n\n<p>4.2. M\u0113s paturam ties\u012bbas r\u012bkoties bez pazi\u0146ojuma, ja tas ir nepiecie\u0161ams, lai saglab\u0101tu stabilu, dro\u0161u un nep\u0101rtrauktu Pakalpojumu darb\u012bbu, ko m\u0113s nosak\u0101m p\u0113c saviem ieskatiem.<\/p>\n\n\n\n<p>4.3. M\u0113s varam piesaist\u012bt un sadarbosimies ar ties\u012bbu aizsardz\u012bbas dienestiem un valsts p\u0101rvaldes dienestiem, ja past\u0101v aizdomas par noziedz\u012bgu darb\u012bbu. P\u0101rk\u0101p\u0113ji t\u0101pat var tikt saukti pie piem\u0113rojamajos ties\u012bbu aktos paredz\u0113t\u0101s civiltiesisk\u0101s atbild\u012bbas vai krimin\u0101latbild\u012bbas.<\/p>\n\n\n\n<p>4.4. \u0160\u012bs Pie\u0146emamas lieto\u0161anas politikas p\u0101rk\u0101puma gad\u012bjum\u0101 Klients nav ties\u012bgs sa\u0146emt nek\u0101du kompens\u0101ciju.<\/p>\n","protected":false},"excerpt":{"rendered":"<p>Pie\u0146emamas lieto\u0161anas politika \u0160\u012b Pie\u0146emamas lieto\u0161anas politika st\u0101jas sp\u0113k\u0101 un tika p\u0113d\u0113jo reizi atjaunin\u0101ta: \u201cDokobit\u201d port\u0101la lietot\u0101jiem &#8211; 28.05.2023, \u201cDokobit\u201d API risin\u0101jumu klientiem &#8211; 18.06.2023. \u0160\u012b Pie\u0146emamas lieto\u0161anas politika regul\u0113 Pakalpojumu lieto\u0161anu. J\u016bs piekr\u012btat nelietot Pakalpojumus neatbilsto\u0161\u0101 veid\u0101 un nepal\u012bdz\u0113t nevienai citai personai to dar\u012bt turpm\u0101k tekst\u0101 aprakst\u012btajos veidos, un izprotat saist\u012bbas, kas rodas, p\u0101rk\u0101pjot [&hellip;]<\/p>\n","protected":false},"author":2,"featured_media":0,"parent":4115,"menu_order":0,"comment_status":"closed","ping_status":"closed","template":"","meta":{"footnotes":""},"acf":[],"yoast_head":"<!-- This site is optimized with the Yoast SEO plugin v22.7 - https:\/\/yoast.com\/wordpress\/plugins\/seo\/ -->\n<title>Pie\u0146emamas lieto\u0161anas politika | Dokobit<\/title>\n<meta name=\"robots\" content=\"index, follow, max-snippet:-1, max-image-preview:large, max-video-preview:-1\" \/>\n<link rel=\"canonical\" href=\"https:\/\/www.dokobit.com\/lv\/wp-json\/wp\/v2\/pages\/12201\" \/>\n<meta property=\"og:locale\" content=\"lv_LV\" \/>\n<meta property=\"og:type\" content=\"article\" \/>\n<meta property=\"og:title\" content=\"Pie\u0146emamas lieto\u0161anas politika | Dokobit\" \/>\n<meta property=\"og:description\" content=\"Pie\u0146emamas lieto\u0161anas politika \u0160\u012b Pie\u0146emamas lieto\u0161anas politika st\u0101jas sp\u0113k\u0101 un tika p\u0113d\u0113jo reizi atjaunin\u0101ta: \u201cDokobit\u201d port\u0101la lietot\u0101jiem &#8211; 28.05.2023, \u201cDokobit\u201d API risin\u0101jumu klientiem &#8211; 18.06.2023. \u0160\u012b Pie\u0146emamas lieto\u0161anas politika regul\u0113 Pakalpojumu lieto\u0161anu. J\u016bs piekr\u012btat nelietot Pakalpojumus neatbilsto\u0161\u0101 veid\u0101 un nepal\u012bdz\u0113t nevienai citai personai to dar\u012bt turpm\u0101k tekst\u0101 aprakst\u012btajos veidos, un izprotat saist\u012bbas, kas rodas, p\u0101rk\u0101pjot [&hellip;]\" \/>\n<meta property=\"og:url\" content=\"https:\/\/www.dokobit.com\/lv\/atbilstiba\/pienemamas-lietosanas-politika\" \/>\n<meta property=\"og:site_name\" content=\"Dokobit\" \/>\n<meta property=\"article:publisher\" content=\"https:\/\/www.facebook.com\/dokobit\" \/>\n<meta property=\"article:modified_time\" content=\"2023-07-05T07:34:20+00:00\" \/>\n<meta property=\"og:image\" content=\"https:\/\/www.dokobit.com\/wp-content\/uploads\/2024\/07\/2x-image-23.png\" \/>\n\t<meta property=\"og:image:width\" content=\"2403\" \/>\n\t<meta property=\"og:image:height\" content=\"1803\" \/>\n\t<meta property=\"og:image:type\" content=\"image\/png\" \/>\n<meta name=\"twitter:card\" content=\"summary_large_image\" \/>\n<meta name=\"twitter:label1\" content=\"Est. reading time\" \/>\n\t<meta name=\"twitter:data1\" content=\"4 min\u016btes\" \/>\n<script type=\"application\/ld+json\" class=\"yoast-schema-graph\">{\"@context\":\"https:\/\/schema.org\",\"@graph\":[{\"@type\":\"WebPage\",\"@id\":\"https:\/\/www.dokobit.com\/lv\/atbilstiba\/pienemamas-lietosanas-politika\",\"url\":\"https:\/\/www.dokobit.com\/lv\/atbilstiba\/pienemamas-lietosanas-politika\",\"name\":\"Pie\u0146emamas lieto\u0161anas politika | Dokobit\",\"isPartOf\":{\"@id\":\"https:\/\/www.dokobit.com\/lv#website\"},\"datePublished\":\"2021-11-29T17:22:47+00:00\",\"dateModified\":\"2023-07-05T07:34:20+00:00\",\"breadcrumb\":{\"@id\":\"https:\/\/www.dokobit.com\/lv\/atbilstiba\/pienemamas-lietosanas-politika#breadcrumb\"},\"inLanguage\":\"lv-LV\",\"potentialAction\":[{\"@type\":\"ReadAction\",\"target\":[\"https:\/\/www.dokobit.com\/lv\/atbilstiba\/pienemamas-lietosanas-politika\"]}]},{\"@type\":\"BreadcrumbList\",\"@id\":\"https:\/\/www.dokobit.com\/lv\/atbilstiba\/pienemamas-lietosanas-politika#breadcrumb\",\"itemListElement\":[{\"@type\":\"ListItem\",\"position\":1,\"name\":\"Home\",\"item\":\"https:\/\/www.dokobit.com\/lv\"},{\"@type\":\"ListItem\",\"position\":2,\"name\":\"Atbilst\u012bba standartiem\",\"item\":\"https:\/\/www.dokobit.com\/lv\/atbilstiba\"},{\"@type\":\"ListItem\",\"position\":3,\"name\":\"Pie\u0146emamas lieto\u0161anas politika\"}]},{\"@type\":\"WebSite\",\"@id\":\"https:\/\/www.dokobit.com\/lv#website\",\"url\":\"https:\/\/www.dokobit.com\/lv\",\"name\":\"Dokobit\",\"description\":\"Electronic document signing as an everyday service\",\"potentialAction\":[{\"@type\":\"SearchAction\",\"target\":{\"@type\":\"EntryPoint\",\"urlTemplate\":\"https:\/\/www.dokobit.com\/lv?s={search_term_string}\"},\"query-input\":\"required name=search_term_string\"}],\"inLanguage\":\"lv-LV\"}]}<\/script>\n<!-- \/ Yoast SEO plugin. -->","yoast_head_json":{"title":"Pie\u0146emamas lieto\u0161anas politika | Dokobit","robots":{"index":"index","follow":"follow","max-snippet":"max-snippet:-1","max-image-preview":"max-image-preview:large","max-video-preview":"max-video-preview:-1"},"canonical":"https:\/\/www.dokobit.com\/lv\/wp-json\/wp\/v2\/pages\/12201","og_locale":"lv_LV","og_type":"article","og_title":"Pie\u0146emamas lieto\u0161anas politika | Dokobit","og_description":"Pie\u0146emamas lieto\u0161anas politika \u0160\u012b Pie\u0146emamas lieto\u0161anas politika st\u0101jas sp\u0113k\u0101 un tika p\u0113d\u0113jo reizi atjaunin\u0101ta: \u201cDokobit\u201d port\u0101la lietot\u0101jiem &#8211; 28.05.2023, \u201cDokobit\u201d API risin\u0101jumu klientiem &#8211; 18.06.2023. \u0160\u012b Pie\u0146emamas lieto\u0161anas politika regul\u0113 Pakalpojumu lieto\u0161anu. J\u016bs piekr\u012btat nelietot Pakalpojumus neatbilsto\u0161\u0101 veid\u0101 un nepal\u012bdz\u0113t nevienai citai personai to dar\u012bt turpm\u0101k tekst\u0101 aprakst\u012btajos veidos, un izprotat saist\u012bbas, kas rodas, p\u0101rk\u0101pjot [&hellip;]","og_url":"https:\/\/www.dokobit.com\/lv\/atbilstiba\/pienemamas-lietosanas-politika","og_site_name":"Dokobit","article_publisher":"https:\/\/www.facebook.com\/dokobit","article_modified_time":"2023-07-05T07:34:20+00:00","og_image":[{"width":2403,"height":1803,"url":"https:\/\/www.dokobit.com\/wp-content\/uploads\/2024\/07\/2x-image-23.png","type":"image\/png"}],"twitter_card":"summary_large_image","twitter_misc":{"Est. reading time":"4 min\u016btes"},"schema":{"@context":"https:\/\/schema.org","@graph":[{"@type":"WebPage","@id":"https:\/\/www.dokobit.com\/lv\/atbilstiba\/pienemamas-lietosanas-politika","url":"https:\/\/www.dokobit.com\/lv\/atbilstiba\/pienemamas-lietosanas-politika","name":"Pie\u0146emamas lieto\u0161anas politika | Dokobit","isPartOf":{"@id":"https:\/\/www.dokobit.com\/lv#website"},"datePublished":"2021-11-29T17:22:47+00:00","dateModified":"2023-07-05T07:34:20+00:00","breadcrumb":{"@id":"https:\/\/www.dokobit.com\/lv\/atbilstiba\/pienemamas-lietosanas-politika#breadcrumb"},"inLanguage":"lv-LV","potentialAction":[{"@type":"ReadAction","target":["https:\/\/www.dokobit.com\/lv\/atbilstiba\/pienemamas-lietosanas-politika"]}]},{"@type":"BreadcrumbList","@id":"https:\/\/www.dokobit.com\/lv\/atbilstiba\/pienemamas-lietosanas-politika#breadcrumb","itemListElement":[{"@type":"ListItem","position":1,"name":"Home","item":"https:\/\/www.dokobit.com\/lv"},{"@type":"ListItem","position":2,"name":"Atbilst\u012bba standartiem","item":"https:\/\/www.dokobit.com\/lv\/atbilstiba"},{"@type":"ListItem","position":3,"name":"Pie\u0146emamas lieto\u0161anas politika"}]},{"@type":"WebSite","@id":"https:\/\/www.dokobit.com\/lv#website","url":"https:\/\/www.dokobit.com\/lv","name":"Dokobit","description":"Electronic document signing as an everyday service","potentialAction":[{"@type":"SearchAction","target":{"@type":"EntryPoint","urlTemplate":"https:\/\/www.dokobit.com\/lv?s={search_term_string}"},"query-input":"required name=search_term_string"}],"inLanguage":"lv-LV"}]}},"_links":{"self":[{"href":"https:\/\/www.dokobit.com\/lv\/wp-json\/wp\/v2\/pages\/12201"}],"collection":[{"href":"https:\/\/www.dokobit.com\/lv\/wp-json\/wp\/v2\/pages"}],"about":[{"href":"https:\/\/www.dokobit.com\/lv\/wp-json\/wp\/v2\/types\/page"}],"author":[{"embeddable":true,"href":"https:\/\/www.dokobit.com\/lv\/wp-json\/wp\/v2\/users\/2"}],"replies":[{"embeddable":true,"href":"https:\/\/www.dokobit.com\/lv\/wp-json\/wp\/v2\/comments?post=12201"}],"version-history":[{"count":21,"href":"https:\/\/www.dokobit.com\/lv\/wp-json\/wp\/v2\/pages\/12201\/revisions"}],"predecessor-version":[{"id":25464,"href":"https:\/\/www.dokobit.com\/lv\/wp-json\/wp\/v2\/pages\/12201\/revisions\/25464"}],"up":[{"embeddable":true,"href":"https:\/\/www.dokobit.com\/lv\/wp-json\/wp\/v2\/pages\/4115"}],"wp:attachment":[{"href":"https:\/\/www.dokobit.com\/lv\/wp-json\/wp\/v2\/media?parent=12201"}],"curies":[{"name":"wp","href":"https:\/\/api.w.org\/{rel}","templated":true}]}}