{"id":3493,"date":"2020-11-24T13:50:11","date_gmt":"2020-11-24T13:50:11","guid":{"rendered":"https:\/\/www.dokobit.com\/mobile\/acceptable-use-policy"},"modified":"2023-06-20T09:33:39","modified_gmt":"2023-06-20T09:33:39","slug":"acceptable-use-policy","status":"publish","type":"page","link":"https:\/\/www.dokobit.com\/lt\/mobile\/tinkamo-naudojimo-politika","title":{"rendered":"Tinkamo naudojimo politika"},"content":{"rendered":"\n<h1 class=\"wp-block-heading\"><strong>Tinkamo naudojimo politika<\/strong><\/h1>\n\n\n\n<div class=\"alert alert-borderless alert-info mb-32\">\n  <div class=\"alert-icon\">\n    <svg width=\"20\" height=\"20\" viewBox=\"0 0 20 20\" fill=\"none\" xmlns=\"http:\/\/www.w3.org\/2000\/svg\">\n      <path d=\"M10 0C4.48 0 0 4.48 0 10C0 15.52 4.48 20 10 20C15.52 20 20 15.52 20 10C20 4.48 15.52 0 10 0ZM11 15H9V13H11V15ZM11 11H9V5H11V11Z\"><\/path>\n    <\/svg>\n  <\/div>\n  <div class=\"alert-content\">\n    <div class=\"alert__text\">\n      <p>\u0160i Tinkamo naudojimo politika \u012fsigalioja ir paskutin\u012f kart\u0105 buvo atnaujinta:<\/p>\n      <ul class=\"mb-0\">\n        <li>\u201eDokobit\u201c portalo naudotojams \u2013 2023-05-28,<\/li>\n        <li>\u201eDokobit\u201c API paslaug\u0173 klientams \u2013 2023-06-18.<\/li>\n      <\/ul>\n    <\/div>\n  <\/div>\n<\/div>\n\n\n\n<p>Paslaugomis naudojamasi vadovaujantis \u0161ia Tinkamo naudojimo politika. J\u016bs sutinkate nesinaudoti Paslaugomis netinkamai ir nepad\u0117ti jokiems kitiems asmenims naudotis jomis netinkamai toliau apra\u0161ytais b\u016bdais bei suprantate, kokios prievol\u0117s kyla d\u0117l \u0161ios Tinkamo naudojimo politikos pa\u017eeidimo. Atkreipkite d\u0117mes\u012f, kad did\u017eiosiomis raid\u0117mis ra\u0161omos s\u0105vokos turi Paslaug\u0173 teikimo s\u0105lygose nurodyt\u0105 reik\u0161m\u0119.<\/p>\n\n\n\n<p>Netinkamu naudojimusi Paslaugomis gali b\u016bti laikomi toliau nurodyti veiksmai.<\/p>\n\n\n\n<h2 class=\"wp-block-heading\"><strong>1. Paslaug\u0173 teikimo sutrikdymas<\/strong><\/h2>\n\n\n\n<p>1.1. M\u016bs\u0173 Paslaug\u0173 ir (arba) Paslaug\u0173 sistem\u0173, \u012fskaitant m\u016bs\u0173 pagalbini\u0173 duomen\u0173 tvarkytoj\u0173 paslaugas ir sistemas, susijusias su m\u016bs\u0173 Paslaug\u0173 teikimu, vientisumo, konfidencialumo ir (arba) prieinamumo pa\u017eeidimas. Tai apima bet kurios sistemos ar tinklo, kuriame vykdoma m\u016bs\u0173 Paslaug\u0173 priegloba, pa\u017eeid\u017eiamumo tyrin\u0117jim\u0105, nuskaitym\u0105 ar tikrinim\u0105.<\/p>\n\n\n\n<p>1.2. M\u016bs\u0173 programin\u0117s \u012frangos trikdymas, atvirk\u0161tin\u0117 in\u017einerija (angl.&nbsp;<em>reverse-engineering<\/em>), bet koki\u0173 saugumo ar autentifikavimo priemoni\u0173 ap\u0117jimas arba bandymas gauti nesankcionuot\u0105 prieig\u0105 prie Paslaug\u0173, susijusi\u0173 sistem\u0173, tinkl\u0173 ar duomen\u0173.<\/p>\n\n\n\n<p>1.3. M\u016bs\u0173 infrastrukt\u016bros apkrovimas arba bandymas j\u0105 apkrauti taikant nepagr\u012fstai didel\u0119 apkrov\u0105 m\u016bs\u0173 sistemoms.<\/p>\n\n\n\n<p>1.4. Perdavim\u0173 \u012f serverius, kuriuose veikia Paslaugos, arba perdavimo i\u0161 j\u0173 i\u0161\u0161ifravimas.<\/p>\n\n\n\n<h2 class=\"wp-block-heading\"><strong>2. Netinkamas Paslaug\u0173 naudojimas<\/strong><\/h2>\n\n\n\n<p>2.1. Pakeistos, apgaulingos arba klaidingai \u0161altin\u012f identifikuojan\u010dios informacijos siuntimas, \u012fskaitant klastojim\u0105 (angl.&nbsp;<em>spoofing<\/em>) ir duomen\u0173 vagystes (angl.&nbsp;<em>phishing<\/em>).<\/p>\n\n\n\n<p>2.2. M\u016bs\u0173 ar m\u016bs\u0173 partneri\u0173, pardav\u0117j\u0173 ar filial\u0173 menkinimas.<\/p>\n\n\n\n<p>2.3. Ne savo produkt\u0173 ar paslaug\u0173 reklamavimas negavus atitinkamo leidimo.<\/p>\n\n\n\n<p>2.4. Paslaug\u0173 naudojimas siekiant pa\u017eeisti kit\u0173 asmen\u0173 privatum\u0105, \u012fskaitant kit\u0173 asmen\u0173 asmenin\u0117s ir Konfidencialios informacijos publikavim\u0105 ar skelbim\u0105 be j\u0173 ai\u0161kaus leidimo arba kit\u0173 asmen\u0173 Asmens duomen\u0173 rinkim\u0105.<\/p>\n\n\n\n<p>2.5. Autentifikavimo ir (arba) pasira\u0161ymo u\u017eklaus\u0173 siuntimas daugeliui atsitiktini\u0173 gav\u0117j\u0173, kurie nesitiki gauti u\u017eklausos ir n\u0117ra atitinkamai to suderin\u0119 su siun\u010dian\u010di\u0105ja \u0161alimi.<\/p>\n\n\n\n<p>2.6. Paslaugos gali b\u016bti naudojamos tik Naudotojo teis\u0117tai gautiems ar sukurtiems Kliento duomenims saugoti. Paslaugos negali b\u016bti tiesiogiai ar netiesiogiai naudojamos jokiai neteis\u0117tai veiklai.<\/p>\n\n\n\n<p>2.7. Paslaugos negali b\u016bti naudojamos teikti j\u016bs\u0173 pa\u010di\u0173 elektronin\u0117s tapatyb\u0117s apsaugos sprendimui, kuris pagr\u012fstas naudotoj\u0173 autentifikavimu arba pasira\u0161ymo transakcija, atliekama naudojant Dokobit API (programin\u0117s \u012frangos integracin\u0117s s\u0105sajos) paslaugas. Pavyzd\u017eiui, Klientas prisijungia su bet kuria i\u0161 m\u016bs\u0173 palaikom\u0173 eID (el. identifikavimo) priemoni\u0173 ir to paties seanso metu j\u016bs papra\u0161ote Kliento u\u017eregistruoti Naudotoj\u0105 naudojant savo pasirinkt\u0105 slapta\u017eod\u012f, kur\u012f Klientas v\u0117liau naudoja autentifikavimui ateityje.<\/p>\n\n\n\n<p>2.8. Suteiktos Dokobit API paslaugos gali b\u016bti naudojamos Naudotojo sistemose tik po s\u0117kmingo Dokobit integracijos patikrinimo. Suteikta API prieiga negali b\u016bti tiesiogiai ar netiesiogiai pakartotinai naudojama jokiose kitose tre\u010di\u0173j\u0173 \u0161ali\u0173 sistemose, kurios nebuvo \u012ftrauktos \u012f pradin\u012f integracijos patikrinim\u0105. Jei Paslaugos bus naudojamos tre\u010di\u0173j\u0173 \u0161ali\u0173 sistemose, turi b\u016bti sudaryta nauja sutartis su nauja prieiga kiekvienam naudojimui.<\/p>\n\n\n\n<p>2.9. ENISA rekomenduojamo saugumo lygio (ENISA rekomendacij\u0173 d\u0117l algoritm\u0173, rakt\u0173 dyd\u017ei\u0173 ir parametr\u0173) neu\u017etikrinimas sistemose, su kuriomis integruojamos m\u016bs\u0173 Paslaugos.<\/p>\n\n\n\n<p>2.10. Prieiga prie bet kurios Paslaug\u0173 dalies ar j\u0173 paie\u0161ka naudojant bet kokias kitas priemones nei m\u016bs\u0173 vie\u0161ai palaikomos s\u0105sajos (pvz., duomen\u0173 i\u0161traukimas (angl.&nbsp;<em>scraping<\/em>)).<\/p>\n\n\n\n<h2 class=\"wp-block-heading\"><strong>3. Netinkamas turinys<\/strong><\/h2>\n\n\n\n<p>3.1. Skelbimas, \u012fk\u0117limas, bendrinimas, pateikimas ar kitoks suteikimas turinio, kuris:<\/p>\n\n\n\n<p>3.1.1. pa\u017eeid\u017eia Paslaug\u0173 teik\u0117jo ar tre\u010diosios \u0161alies Intelektin\u0117s nuosavyb\u0117s ar kitas teises, \u012fskaitant bet kokias autori\u0173 teises, teises \u012f preki\u0173 \u017eenklus, patentus, komercines paslaptis, neturtines teises, privatumo teises \u012f vie\u0161um\u0105 ar bet kokias kitas Intelektin\u0117s nuosavyb\u0117s teises arba nuosavyb\u0117s ar sutartines teises;<\/p>\n\n\n\n<p>3.1.2. yra pornografinis, jame yra ekstremalaus smurto veiksm\u0173 ar teroristin\u0117s veiklos, \u012fskaitant terorizmo propagand\u0105, arba yra kitaip neteis\u0117tas;<\/p>\n\n\n\n<p>3.1.3. propaguoja fanatizm\u0105 ar neapykant\u0105 bet kuriam asmeniui ar \u017emoni\u0173 grupei d\u0117l j\u0173 ras\u0117s, religijos, etnin\u0117s kilm\u0117s, lyties, lytin\u0117s tapatyb\u0117s, seksualin\u0117s orientacijos, negalios ar sveikatos sutrikim\u0173;<\/p>\n\n\n\n<p>3.1.4. skatina neteis\u0117t\u0105 ar neatsarg\u0173 elges\u012f;<\/p>\n\n\n\n<p>3.1.5. kuriame yra virus\u0173, bot\u0173, kirmin\u0173 (angl.&nbsp;<em>worms<\/em>), kenk\u0117ji\u0161ko skriptingo (angl.&nbsp;<em>scripting exploits<\/em>) ar kitos pana\u0161ios med\u017eiagos;<\/p>\n\n\n\n<p>3.1.6. kurio j\u016bs neturite teis\u0117s pateikti;<\/p>\n\n\n\n<p>3.1.7. kuris kitaip gali padaryti \u017eal\u0105 Paslaug\u0173 teik\u0117jui ar bet kuriai tre\u010diajai \u0161aliai.<\/p>\n\n\n\n<h2 class=\"wp-block-heading\"><strong>4. Tinkamo naudojimo politikos pa\u017eeidimas<\/strong><\/h2>\n\n\n\n<p>4.1. D\u0117l j\u016bs\u0173, j\u016bs\u0173 \u012fmon\u0117s ar bet kurios kitos \u0161alies, \u012fgaliotos \u012fgyti prieig\u0105 prie Paslaug\u0173 ir jomis naudotis, padaryt\u0173 pa\u017eeidim\u0173, prieiga prie Paslaug\u0173 gali b\u016bti u\u017eblokuota arba Paslaug\u0173 teikimas gali b\u016bti i\u0161 dalies ar visi\u0161kai sustabdytas, arba gali b\u016bti imtasi kit\u0173 pagr\u012fst\u0173, m\u016bs\u0173 i\u0161imtine nuo\u017ei\u016bra nustatyt\u0173 veiksm\u0173 pa\u017eeidimui pa\u0161alinti.<\/p>\n\n\n\n<p>4.2. Pasiliekame teis\u0119 veikti be i\u0161ankstinio \u012fsp\u0117jimo, jei reikia, i\u0161laikyti stabil\u0173, saug\u0173 ir nepertraukiam\u0105 Paslaug\u0173 veikim\u0105, kaip mes j\u012f nustat\u0117me savo i\u0161imtine nuo\u017ei\u016bra.<\/p>\n\n\n\n<p>4.3. \u012etarus nusikalstam\u0105 veikl\u0105, galime pasitelkti ir bendradarbiauti su teis\u0117saugos ir vald\u017eios institucijomis. Pa\u017eeid\u0117jams taip pat gali b\u016bti taikoma civilin\u0117 arba baud\u017eiamoji atsakomyb\u0117 pagal taikytin\u0105 teis\u0119.<\/p>\n\n\n\n<p>4.4. \u0160ios Tinkamo naudojimo politikos pa\u017eeidimo atveju Klientas neturi teis\u0117s \u012f jokias kompensacijas.<\/p>\n","protected":false},"excerpt":{"rendered":"<p>Tinkamo naudojimo politika \u0160i Tinkamo naudojimo politika \u012fsigalioja ir paskutin\u012f kart\u0105 buvo atnaujinta: \u201eDokobit\u201c portalo naudotojams \u2013 2023-05-28, \u201eDokobit\u201c API paslaug\u0173 klientams \u2013 2023-06-18. Paslaugomis naudojamasi vadovaujantis \u0161ia Tinkamo naudojimo politika. J\u016bs sutinkate nesinaudoti Paslaugomis netinkamai ir nepad\u0117ti jokiems kitiems asmenims naudotis jomis netinkamai toliau apra\u0161ytais b\u016bdais bei suprantate, kokios prievol\u0117s kyla d\u0117l \u0161ios Tinkamo [&hellip;]<\/p>\n","protected":false},"author":2,"featured_media":0,"parent":3491,"menu_order":0,"comment_status":"closed","ping_status":"closed","template":"templates\/default-mobile-app.php","meta":{"footnotes":""},"acf":[],"yoast_head":"<!-- This site is optimized with the Yoast SEO plugin v22.7 - https:\/\/yoast.com\/wordpress\/plugins\/seo\/ -->\n<title>Tinkamo naudojimo politika Dokobit<\/title>\n<meta name=\"robots\" content=\"index, follow, max-snippet:-1, max-image-preview:large, max-video-preview:-1\" \/>\n<link rel=\"canonical\" href=\"https:\/\/www.dokobit.com\/lt\/wp-json\/wp\/v2\/pages\/3493\" \/>\n<meta property=\"og:locale\" content=\"lt_LT\" \/>\n<meta property=\"og:type\" content=\"article\" \/>\n<meta property=\"og:title\" content=\"Tinkamo naudojimo politika Dokobit\" \/>\n<meta property=\"og:description\" content=\"Tinkamo naudojimo politika \u0160i Tinkamo naudojimo politika \u012fsigalioja ir paskutin\u012f kart\u0105 buvo atnaujinta: \u201eDokobit\u201c portalo naudotojams \u2013 2023-05-28, \u201eDokobit\u201c API paslaug\u0173 klientams \u2013 2023-06-18. Paslaugomis naudojamasi vadovaujantis \u0161ia Tinkamo naudojimo politika. J\u016bs sutinkate nesinaudoti Paslaugomis netinkamai ir nepad\u0117ti jokiems kitiems asmenims naudotis jomis netinkamai toliau apra\u0161ytais b\u016bdais bei suprantate, kokios prievol\u0117s kyla d\u0117l \u0161ios Tinkamo [&hellip;]\" \/>\n<meta property=\"og:url\" content=\"https:\/\/www.dokobit.com\/lt\/mobile\/tinkamo-naudojimo-politika\" \/>\n<meta property=\"og:site_name\" content=\"Dokobit\" \/>\n<meta property=\"article:publisher\" content=\"https:\/\/www.facebook.com\/dokobit\" \/>\n<meta property=\"article:modified_time\" content=\"2023-06-20T09:33:39+00:00\" \/>\n<meta property=\"og:image\" content=\"https:\/\/www.dokobit.com\/wp-content\/uploads\/2024\/07\/2x-image-23.png\" \/>\n\t<meta property=\"og:image:width\" content=\"2403\" \/>\n\t<meta property=\"og:image:height\" content=\"1803\" \/>\n\t<meta property=\"og:image:type\" content=\"image\/png\" \/>\n<meta name=\"twitter:card\" content=\"summary_large_image\" \/>\n<meta name=\"twitter:label1\" content=\"Est. reading time\" \/>\n\t<meta name=\"twitter:data1\" content=\"4 minutes\" \/>\n<script type=\"application\/ld+json\" class=\"yoast-schema-graph\">{\"@context\":\"https:\/\/schema.org\",\"@graph\":[{\"@type\":\"WebPage\",\"@id\":\"https:\/\/www.dokobit.com\/lt\/mobile\/tinkamo-naudojimo-politika\",\"url\":\"https:\/\/www.dokobit.com\/lt\/mobile\/tinkamo-naudojimo-politika\",\"name\":\"Tinkamo naudojimo politika Dokobit\",\"isPartOf\":{\"@id\":\"https:\/\/www.dokobit.com\/lt#website\"},\"datePublished\":\"2020-11-24T13:50:11+00:00\",\"dateModified\":\"2023-06-20T09:33:39+00:00\",\"breadcrumb\":{\"@id\":\"https:\/\/www.dokobit.com\/lt\/mobile\/tinkamo-naudojimo-politika#breadcrumb\"},\"inLanguage\":\"lt\",\"potentialAction\":[{\"@type\":\"ReadAction\",\"target\":[\"https:\/\/www.dokobit.com\/lt\/mobile\/tinkamo-naudojimo-politika\"]}]},{\"@type\":\"BreadcrumbList\",\"@id\":\"https:\/\/www.dokobit.com\/lt\/mobile\/tinkamo-naudojimo-politika#breadcrumb\",\"itemListElement\":[{\"@type\":\"ListItem\",\"position\":1,\"name\":\"Home\",\"item\":\"https:\/\/www.dokobit.com\/lt\"},{\"@type\":\"ListItem\",\"position\":2,\"name\":\"Private: Terms and conditions pages for mobile app\",\"item\":\"https:\/\/www.dokobit.com\/lt?page_id=3491\"},{\"@type\":\"ListItem\",\"position\":3,\"name\":\"Tinkamo naudojimo politika\"}]},{\"@type\":\"WebSite\",\"@id\":\"https:\/\/www.dokobit.com\/lt#website\",\"url\":\"https:\/\/www.dokobit.com\/lt\",\"name\":\"Dokobit\",\"description\":\"Electronic document signing as an everyday service\",\"potentialAction\":[{\"@type\":\"SearchAction\",\"target\":{\"@type\":\"EntryPoint\",\"urlTemplate\":\"https:\/\/www.dokobit.com\/lt?s={search_term_string}\"},\"query-input\":\"required name=search_term_string\"}],\"inLanguage\":\"lt\"}]}<\/script>\n<!-- \/ Yoast SEO plugin. -->","yoast_head_json":{"title":"Tinkamo naudojimo politika Dokobit","robots":{"index":"index","follow":"follow","max-snippet":"max-snippet:-1","max-image-preview":"max-image-preview:large","max-video-preview":"max-video-preview:-1"},"canonical":"https:\/\/www.dokobit.com\/lt\/wp-json\/wp\/v2\/pages\/3493","og_locale":"lt_LT","og_type":"article","og_title":"Tinkamo naudojimo politika Dokobit","og_description":"Tinkamo naudojimo politika \u0160i Tinkamo naudojimo politika \u012fsigalioja ir paskutin\u012f kart\u0105 buvo atnaujinta: \u201eDokobit\u201c portalo naudotojams \u2013 2023-05-28, \u201eDokobit\u201c API paslaug\u0173 klientams \u2013 2023-06-18. Paslaugomis naudojamasi vadovaujantis \u0161ia Tinkamo naudojimo politika. J\u016bs sutinkate nesinaudoti Paslaugomis netinkamai ir nepad\u0117ti jokiems kitiems asmenims naudotis jomis netinkamai toliau apra\u0161ytais b\u016bdais bei suprantate, kokios prievol\u0117s kyla d\u0117l \u0161ios Tinkamo [&hellip;]","og_url":"https:\/\/www.dokobit.com\/lt\/mobile\/tinkamo-naudojimo-politika","og_site_name":"Dokobit","article_publisher":"https:\/\/www.facebook.com\/dokobit","article_modified_time":"2023-06-20T09:33:39+00:00","og_image":[{"width":2403,"height":1803,"url":"https:\/\/www.dokobit.com\/wp-content\/uploads\/2024\/07\/2x-image-23.png","type":"image\/png"}],"twitter_card":"summary_large_image","twitter_misc":{"Est. reading time":"4 minutes"},"schema":{"@context":"https:\/\/schema.org","@graph":[{"@type":"WebPage","@id":"https:\/\/www.dokobit.com\/lt\/mobile\/tinkamo-naudojimo-politika","url":"https:\/\/www.dokobit.com\/lt\/mobile\/tinkamo-naudojimo-politika","name":"Tinkamo naudojimo politika Dokobit","isPartOf":{"@id":"https:\/\/www.dokobit.com\/lt#website"},"datePublished":"2020-11-24T13:50:11+00:00","dateModified":"2023-06-20T09:33:39+00:00","breadcrumb":{"@id":"https:\/\/www.dokobit.com\/lt\/mobile\/tinkamo-naudojimo-politika#breadcrumb"},"inLanguage":"lt","potentialAction":[{"@type":"ReadAction","target":["https:\/\/www.dokobit.com\/lt\/mobile\/tinkamo-naudojimo-politika"]}]},{"@type":"BreadcrumbList","@id":"https:\/\/www.dokobit.com\/lt\/mobile\/tinkamo-naudojimo-politika#breadcrumb","itemListElement":[{"@type":"ListItem","position":1,"name":"Home","item":"https:\/\/www.dokobit.com\/lt"},{"@type":"ListItem","position":2,"name":"Private: Terms and conditions pages for mobile app","item":"https:\/\/www.dokobit.com\/lt?page_id=3491"},{"@type":"ListItem","position":3,"name":"Tinkamo naudojimo politika"}]},{"@type":"WebSite","@id":"https:\/\/www.dokobit.com\/lt#website","url":"https:\/\/www.dokobit.com\/lt","name":"Dokobit","description":"Electronic document signing as an everyday service","potentialAction":[{"@type":"SearchAction","target":{"@type":"EntryPoint","urlTemplate":"https:\/\/www.dokobit.com\/lt?s={search_term_string}"},"query-input":"required name=search_term_string"}],"inLanguage":"lt"}]}},"_links":{"self":[{"href":"https:\/\/www.dokobit.com\/lt\/wp-json\/wp\/v2\/pages\/3493"}],"collection":[{"href":"https:\/\/www.dokobit.com\/lt\/wp-json\/wp\/v2\/pages"}],"about":[{"href":"https:\/\/www.dokobit.com\/lt\/wp-json\/wp\/v2\/types\/page"}],"author":[{"embeddable":true,"href":"https:\/\/www.dokobit.com\/lt\/wp-json\/wp\/v2\/users\/2"}],"replies":[{"embeddable":true,"href":"https:\/\/www.dokobit.com\/lt\/wp-json\/wp\/v2\/comments?post=3493"}],"version-history":[{"count":8,"href":"https:\/\/www.dokobit.com\/lt\/wp-json\/wp\/v2\/pages\/3493\/revisions"}],"predecessor-version":[{"id":25569,"href":"https:\/\/www.dokobit.com\/lt\/wp-json\/wp\/v2\/pages\/3493\/revisions\/25569"}],"up":[{"embeddable":true,"href":"https:\/\/www.dokobit.com\/lt\/wp-json\/wp\/v2\/pages\/3491"}],"wp:attachment":[{"href":"https:\/\/www.dokobit.com\/lt\/wp-json\/wp\/v2\/media?parent=3493"}],"curies":[{"name":"wp","href":"https:\/\/api.w.org\/{rel}","templated":true}]}}