{"id":19671,"date":"2022-12-14T10:11:43","date_gmt":"2022-12-14T10:11:43","guid":{"rendered":"https:\/\/www.dokobit.com\/patikimumas\/partnership-special-terms-referral"},"modified":"2023-02-02T09:07:06","modified_gmt":"2023-02-02T09:07:06","slug":"partnerystes-sutarties-specialiosios-salygos-referral","status":"publish","type":"page","link":"https:\/\/www.dokobit.com\/lt\/patikimumas\/partnerystes-sutarties-specialiosios-salygos-referral","title":{"rendered":"Partneryst\u0117s programos tipas \u2013 \u201eReferral\u201c"},"content":{"rendered":"\n<h1 class=\"wp-block-heading\">Partneryst\u0117s sutarties specialiosios s\u0105lygos<br>Partneryst\u0117s programos tipas \u2013 \u201eReferral\u201c<\/h1>\n\n\n\n<p>\u0160ios Dokobit partneryst\u0117s sutarties specialiosios s\u0105lygos, skirtos partneryst\u0117s programos tipui \u201eReferral\u201c (<strong>Specialiosios s\u0105lygos<\/strong>; <strong>Partneryst\u0117<\/strong>), \u012fsigalioja ir pastar\u0105j\u012f kart\u0105 buvo atnaujintos 2023 m. sausio 1 d.<\/p>\n\n\n\n<p>\u0160ios Specialiosios s\u0105lygos taikomos Dokobit, UAB, pagal Lietuvos Respublikos \u012fstatymus \u012fsteigtai ir veikian\u010diai u\u017edarajai akcinei bendrovei, juridinio asmens kodas 301549834, Paupio g. 50-136, Vilnius, Lietuvos Respublika (<strong>Dokobit<\/strong>), ir visiems partneriams, sudariusiems su Dokobit Partneryst\u0117s sutart\u012f (<strong>Partneris<\/strong>), kiekvienas atskirai vadinamas <strong>\u0160alimi<\/strong>, o kartu \u2013 <strong>\u0160alimis<\/strong>.<\/p>\n\n\n\n<p>Sudarydamas Partneryst\u0117s sutart\u012f su Dokobit, Partneris sutinka b\u016bti teisi\u0161kai saistomas \u0161i\u0173 Speciali\u0173j\u0173 s\u0105lyg\u0173, Bendr\u0173j\u0173 s\u0105lyg\u0173 ir Prenumeratos s\u0105lyg\u0173 (visos kartu jos sudaro vien\u0105 Partneryst\u0117s sutart\u012f tarp Dokobit ir Partnerio, bendrai vadinam\u0105 <strong>Sutartimi<\/strong>).<\/p>\n\n\n\n<p>Jei kurios nors \u0161i\u0173 Sutarties dokument\u0173 nuostatos gali b\u016bti ai\u0161kinamos kaip prie\u0161taraujan\u010dios viena kitai, ai\u0161kinant ir taikant Sutarties nuostatas vadovaujamasi \u0161ia pirmumo tvarka: 1) pirma, Prenumeratos s\u0105lygos; 2) antra, Specialiosios s\u0105lygos; 3) tre\u010dia, Bendrosios s\u0105lygos. Siekiant i\u0161vengti abejoni\u0173, auk\u0161tesn\u0117je vietoje esan\u010dioms s\u0105lygoms teikiama pirmenyb\u0117 prie\u0161 \u017eemesn\u0117je vietoje esan\u010dias s\u0105lygas (pavyzd\u017eiui, Prenumeratos s\u0105lygoms teikiama pirmenyb\u0117 prie\u0161 Speciali\u0105sias s\u0105lygas).<\/p>\n\n\n\n<p>Nor\u0117dami visi\u0161kai suprasti Sutart\u012f, atid\u017eiai susipa\u017einkite su visais Sutarties dokumentais ir j\u0173 priedais (jei yra). Kilus neai\u0161kumams, prie\u0161 sudarydami \u0161i\u0105 Sutart\u012f susisiekite su Dokobit adresu <a href=\"mailto:partners@dokobit.com\">partners@dokobit.com<\/a>.<\/p>\n\n\n\n<p>Jei \u0161i\u0105 Sutart\u012f sudarote juridinio asmens vardu, patvirtinate, kad turite teisinius \u012fgaliojimus susaistyti t\u0105 juridin\u012f asmen\u012f.<\/p>\n\n\n\n<p>Jei nenurodyta kitaip, \u0161iame dokumente vartojamos s\u0105vokos turi toki\u0105 pa\u010di\u0105 reik\u0161m\u0119, kaip ir Bendrosiose s\u0105lygose.<\/p>\n\n\n\n<h2 class=\"wp-block-heading\">1. <strong>Partneryst\u0117s tikslas<\/strong><\/h2>\n\n\n\n<p>1.1. Partneryst\u0117 \u201eReferral\u201c yra skirta ir tinkama bet kuriai \u012fmonei, kuri gali nukreipti potencial\u0173 klient\u0105 tiesioginiams santykiams su Dokobit sukurti.<\/p>\n\n\n\n<p>1.2. Pagrindinis \u0161ios Partneryst\u0117s privalumas \u2013 Partneris dalyvauja premij\u0173 u\u017e nukreipim\u0105 programoje (gauna komisinius).<\/p>\n\n\n\n<h2 class=\"wp-block-heading\">2. <strong>Partneryst\u0117s funkcijos<\/strong><\/h2>\n\n\n\n<p>2.1. Partneris nukreipia potencial\u0173 klient\u0105 pas Dokobit. Dokobit tiesiogiai parduoda savo paslaugas klientui. Partneris neperparduoda paslaug\u0173 ir jokiu b\u016bdu netampa Dokobit ir Dokobit paslaugas perkan\u010dio kliento sutarties \u0161alimi. Pagal \u0161\u012f partneryst\u0117s model\u012f Partneris nedalyvauja pardavimo procese, nebent tai b\u016bt\u0173 b\u016btina norint s\u0117kmingai u\u017ebaigti sandor\u012f.<\/p>\n\n\n\n<p>2.2. Partneris atlieka potencialaus kliento registracij\u0105 pas Dokobit. Potencialaus kliento registracija Partneriui yra privaloma. Potenciali\u0173 klient\u0173 registracija vykdoma pagal Dokobit nustatytas taisykles. Potencialaus kliento registracija turi b\u016bti patvirtinta Dokobit. Potencialaus kliento registracija gali b\u016bti nepatvirtinta, jei klientas jau susisiek\u0117 su Dokobit tiesiogiai iki to potencialaus kliento registracijos datos arba jei tas pats potencialus klientas jau buvo u\u017eregistruotas kito Partnerio ir patvirtintas Dokobit.<\/p>\n\n\n\n<p>2.3. S\u0117kmingai u\u017eregistravus potencial\u0173 klient\u0105, Dokobit informuoja Partner\u012f apie potencialaus kliento registracijos patvirtinim\u0105, susisiekia su potencialaus kliento \u012fmone ir pradeda pardavimo proces\u0105.<\/p>\n\n\n\n<h2 class=\"wp-block-heading\">3. <strong>Premija u\u017e nukreipim\u0105<\/strong><\/h2>\n\n\n\n<p>3.1. Partneriui, s\u0117kmingai nukreipusiam klient\u0105 pas Dokobit, mokama premija u\u017e nukreipim\u0105, lygi Prenumeratos s\u0105lygose nurodytai pirm\u0173j\u0173 vien\u0173 met\u0173 sumos, kuri\u0105 nukreiptas klientas sumoka Dokobit, procentinei daliai. V\u0117liau Partneriui nebus mokamos jokios papildomos premijos u\u017e nukreipim\u0105, net jei nukreiptas klientas prat\u0119sia Dokobit paslaug\u0173 prenumerat\u0105. Vien\u0173 met\u0173 laikotarpis skai\u010diuojamas nuo pirmos klientui i\u0161ra\u0161ytos s\u0105skaitos fakt\u016bros datos.<\/p>\n\n\n\n<p>3.2. Dokobit neatsako u\u017e joki\u0173 mokes\u010di\u0173, kuriais apmokestinamos Partneriui mokamos premijos u\u017e nukreipim\u0105, nustatym\u0105, pervedim\u0105 ar i\u0161skai\u010diavim\u0105.<\/p>\n\n\n\n<p>3.3. Premijos u\u017e nukreipim\u0105 mok\u0117jimo modelis ir laikas yra nustatomi ir visada gali b\u016bti kei\u010diami i\u0161imtine Dokobit nuo\u017ei\u016bra.<\/p>\n\n\n\n<p>3.4. Dokobit sumoka premij\u0105 u\u017e nukreipim\u0105 \u012f Partnerio banko s\u0105skait\u0105, nurodyt\u0105 Prenumeratos s\u0105lygose. Partneris yra visi\u0161kai atsakingas u\u017e savo banko s\u0105skait\u0105. Pasikeitus Partnerio banko s\u0105skaitos duomenims ar statusui, Partneris nedelsdamas apie tai prane\u0161a Dokobit.<\/p>\n\n\n\n<p>3.5. Jei \u0160alys nesusitaria kitaip, premijos u\u017e nukreipim\u0105 mok\u0117jimo terminas (da\u017enumas) \u2013 kas 6 m\u0117nesius.<\/p>\n\n\n\n<h2 class=\"wp-block-heading\">4. <strong>Rinkodara<\/strong><\/h2>\n\n\n\n<p>4.1. . Tais atvejais, kai Dokobit siun\u010diamus el. lai\u0161kus Partneris nukreipia \u012f fizini\u0173 asmen\u0173, pvz., konkretaus darbuotojo, el. pa\u0161to d\u0117\u017eutes, Partneris u\u017etikrina, kad konkretus darbuotojas b\u016bt\u0173 i\u0161 anksto tinkamai informuotas apie Dokobit siun\u010diamus el. lai\u0161kus ir, jei taikoma, kad Dokobit tvarko atitinkamo darbuotojo asmens duomenis (el. pa\u0161to adres\u0105) su Partneryst\u0117s programa susijusiais tikslais.<\/p>\n\n\n\n<p>4.2. Dokobit suteikia Partneriui prieig\u0105 prie pardavimo ir rinkodaros med\u017eiagos. Pardavimo ir rinkodaros med\u017eiaga naudojama Dokobit paslaugoms reklamuoti potencialiems Dokobit klientams. Pardavimo ir rinkodaros med\u017eiaga Partneriui suteikiama pateikus Dokobit pra\u0161ym\u0105 el. pa\u0161tu <a href=\"mailto:partners@dokobit.com\">partners@dokobit.com<\/a>.<\/p>\n\n\n\n<h2 class=\"wp-block-heading\">5. Pagalba klientams<\/h2>\n\n\n\n<p>5.1. Dokobit nemokamai teikia savo klientams tiesiogin\u0119 pagalb\u0105. Visi suinteresuoti Dokobit klientai turi susisiekti su Dokobit pagalbos komanda el. pa\u0161tu <a href=\"mailto:support@dokobit.com\">support@dokobit.com<\/a>.<\/p>\n\n\n\n<h2 class=\"wp-block-heading\">6. Mokymai<\/h2>\n\n\n\n<p>6.1. Dokobit suteikia galimyb\u0119 pasinaudoti Dokobit mokymais Partnerio pardavim\u0173 darbuotojams. Mokymus sudaro \u012fra\u0161yta internetini\u0173 seminar\u0173 ir pardavim\u0173 med\u017eiaga. D\u0117l mokym\u0173 laiko ir s\u0105lyg\u0173 \u0160alys susitaria i\u0161 anksto.<\/p>\n\n\n\n<h2 class=\"wp-block-heading\">7. Asmens duomenys<\/h2>\n\n\n\n<p>7.1 Dokobit tvarko asmens duomenis vadovaudamasi ES Bendruoju duomen\u0173 apsaugos reglamentu Nr. 679\/2016 (<strong>BDAR<\/strong>) ir kitais galiojan\u010diais duomen\u0173 apsaugos \u012fstatymais.<\/p>\n\n\n\n<p>7.2. \u0160alys asmens duomenis tvarko kaip nepriklausomi duomen\u0173 valdytojai. Abi \u0160alys visada i) tinkamai&nbsp;informuoja duomen\u0173 subjektus apie j\u0173 asmens duomen\u0173 tvarkym\u0105, ii)&nbsp;turi teisin\u012f pagrind\u0105 asmens duomenims tvarkyti, iii) laikosi asmens duomen\u0173 tvarkymo princip\u0173, iv) tvarko duomen\u0173 subjekt\u0173 pra\u0161ymus, jei toki\u0173 yra, v)&nbsp;\u012fgyvendina tinkamas technines ir organizacines priemones, taip pat vi)&nbsp;laikosi vis\u0173 kit\u0173 BDAR ir (arba) kit\u0173 galiojan\u010di\u0173 duomen\u0173 apsaugos teis\u0117s akt\u0173 nustatyt\u0173 reikalavim\u0173 ir standart\u0173.<\/p>\n\n\n\n<p>7.3. Dokobit neprivalo teikti Partneriui joki\u0173 nukreipt\u0173 klient\u0173 (ir joki\u0173 fizini\u0173 klientams atstovaujan\u010di\u0173 arba teikian\u010di\u0173 paslaugas ar dirban\u010di\u0173 fizini\u0173 asmen\u0173), sudariusi\u0173 su Dokobit sutart\u012f, asmens duomen\u0173.<\/p>\n\n\n\n<p>7.4. Jei Partneris pageidauja tvarkyti nukreipt\u0173 klient\u0173 asmens duomenis savo vidaus naudojimui, Partneris privalo gauti i\u0161ankstin\u012f sutikim\u0105 tiesiogiai i\u0161 atitinkam\u0173 nukreipt\u0173 klient\u0173 (arba i\u0161 bet kurio klientams atstovaujan\u010dio arba teikian\u010dio paslaugas ar dirban\u010dio fizinio asmens) arba tur\u0117ti kit\u0105 teisin\u012f pagrind\u0105 tvarkyti atitinkam\u0173 duomen\u0173 subjekt\u0173 asmens duomenis.<\/p>\n","protected":false},"excerpt":{"rendered":"<p>Partneryst\u0117s sutarties specialiosios s\u0105lygosPartneryst\u0117s programos tipas \u2013 \u201eReferral\u201c \u0160ios Dokobit partneryst\u0117s sutarties specialiosios s\u0105lygos, skirtos partneryst\u0117s programos tipui \u201eReferral\u201c (Specialiosios s\u0105lygos; Partneryst\u0117), \u012fsigalioja ir pastar\u0105j\u012f kart\u0105 buvo atnaujintos 2023 m. sausio 1 d. \u0160ios Specialiosios s\u0105lygos taikomos Dokobit, UAB, pagal Lietuvos Respublikos \u012fstatymus \u012fsteigtai ir veikian\u010diai u\u017edarajai akcinei bendrovei, juridinio asmens kodas 301549834, Paupio g. [&hellip;]<\/p>\n","protected":false},"author":2,"featured_media":0,"parent":7596,"menu_order":0,"comment_status":"closed","ping_status":"closed","template":"","meta":{"footnotes":""},"acf":[],"yoast_head":"<!-- This site is optimized with the Yoast SEO plugin v22.7 - https:\/\/yoast.com\/wordpress\/plugins\/seo\/ -->\n<title>Partneryst\u0117s programos tipas \u2013 \u201eReferral\u201c Dokobit<\/title>\n<meta name=\"robots\" content=\"index, follow, max-snippet:-1, max-image-preview:large, max-video-preview:-1\" \/>\n<link rel=\"canonical\" href=\"https:\/\/www.dokobit.com\/lt\/wp-json\/wp\/v2\/pages\/19671\" \/>\n<meta property=\"og:locale\" content=\"lt_LT\" \/>\n<meta property=\"og:type\" content=\"article\" \/>\n<meta property=\"og:title\" content=\"Partneryst\u0117s programos tipas \u2013 \u201eReferral\u201c Dokobit\" \/>\n<meta property=\"og:description\" content=\"Partneryst\u0117s sutarties specialiosios s\u0105lygosPartneryst\u0117s programos tipas \u2013 \u201eReferral\u201c \u0160ios Dokobit partneryst\u0117s sutarties specialiosios s\u0105lygos, skirtos partneryst\u0117s programos tipui \u201eReferral\u201c (Specialiosios s\u0105lygos; Partneryst\u0117), \u012fsigalioja ir pastar\u0105j\u012f kart\u0105 buvo atnaujintos 2023 m. sausio 1 d. \u0160ios Specialiosios s\u0105lygos taikomos Dokobit, UAB, pagal Lietuvos Respublikos \u012fstatymus \u012fsteigtai ir veikian\u010diai u\u017edarajai akcinei bendrovei, juridinio asmens kodas 301549834, Paupio g. [&hellip;]\" \/>\n<meta property=\"og:url\" content=\"https:\/\/www.dokobit.com\/lt\/patikimumas\/partnerystes-sutarties-specialiosios-salygos-referral\" \/>\n<meta property=\"og:site_name\" content=\"Dokobit\" \/>\n<meta property=\"article:publisher\" content=\"https:\/\/www.facebook.com\/dokobit\" \/>\n<meta property=\"article:modified_time\" content=\"2023-02-02T09:07:06+00:00\" \/>\n<meta property=\"og:image\" content=\"https:\/\/www.dokobit.com\/wp-content\/uploads\/2024\/07\/2x-image-23.png\" \/>\n\t<meta property=\"og:image:width\" content=\"2403\" \/>\n\t<meta property=\"og:image:height\" content=\"1803\" \/>\n\t<meta property=\"og:image:type\" content=\"image\/png\" \/>\n<meta name=\"twitter:card\" content=\"summary_large_image\" \/>\n<meta name=\"twitter:label1\" content=\"Est. reading time\" \/>\n\t<meta name=\"twitter:data1\" content=\"4 minutes\" \/>\n<script type=\"application\/ld+json\" class=\"yoast-schema-graph\">{\"@context\":\"https:\/\/schema.org\",\"@graph\":[{\"@type\":\"WebPage\",\"@id\":\"https:\/\/www.dokobit.com\/lt\/patikimumas\/partnerystes-sutarties-specialiosios-salygos-referral\",\"url\":\"https:\/\/www.dokobit.com\/lt\/patikimumas\/partnerystes-sutarties-specialiosios-salygos-referral\",\"name\":\"Partneryst\u0117s programos tipas \u2013 \u201eReferral\u201c Dokobit\",\"isPartOf\":{\"@id\":\"https:\/\/www.dokobit.com\/lt#website\"},\"datePublished\":\"2022-12-14T10:11:43+00:00\",\"dateModified\":\"2023-02-02T09:07:06+00:00\",\"breadcrumb\":{\"@id\":\"https:\/\/www.dokobit.com\/lt\/patikimumas\/partnerystes-sutarties-specialiosios-salygos-referral#breadcrumb\"},\"inLanguage\":\"lt\",\"potentialAction\":[{\"@type\":\"ReadAction\",\"target\":[\"https:\/\/www.dokobit.com\/lt\/patikimumas\/partnerystes-sutarties-specialiosios-salygos-referral\"]}]},{\"@type\":\"BreadcrumbList\",\"@id\":\"https:\/\/www.dokobit.com\/lt\/patikimumas\/partnerystes-sutarties-specialiosios-salygos-referral#breadcrumb\",\"itemListElement\":[{\"@type\":\"ListItem\",\"position\":1,\"name\":\"Home\",\"item\":\"https:\/\/www.dokobit.com\/lt\"},{\"@type\":\"ListItem\",\"position\":2,\"name\":\"Patikimumas\",\"item\":\"https:\/\/www.dokobit.com\/lt\/patikimumas\"},{\"@type\":\"ListItem\",\"position\":3,\"name\":\"Partneryst\u0117s programos tipas \u2013 \u201eReferral\u201c\"}]},{\"@type\":\"WebSite\",\"@id\":\"https:\/\/www.dokobit.com\/lt#website\",\"url\":\"https:\/\/www.dokobit.com\/lt\",\"name\":\"Dokobit\",\"description\":\"Electronic document signing as an everyday service\",\"potentialAction\":[{\"@type\":\"SearchAction\",\"target\":{\"@type\":\"EntryPoint\",\"urlTemplate\":\"https:\/\/www.dokobit.com\/lt?s={search_term_string}\"},\"query-input\":\"required name=search_term_string\"}],\"inLanguage\":\"lt\"}]}<\/script>\n<!-- \/ Yoast SEO plugin. -->","yoast_head_json":{"title":"Partneryst\u0117s programos tipas \u2013 \u201eReferral\u201c Dokobit","robots":{"index":"index","follow":"follow","max-snippet":"max-snippet:-1","max-image-preview":"max-image-preview:large","max-video-preview":"max-video-preview:-1"},"canonical":"https:\/\/www.dokobit.com\/lt\/wp-json\/wp\/v2\/pages\/19671","og_locale":"lt_LT","og_type":"article","og_title":"Partneryst\u0117s programos tipas \u2013 \u201eReferral\u201c Dokobit","og_description":"Partneryst\u0117s sutarties specialiosios s\u0105lygosPartneryst\u0117s programos tipas \u2013 \u201eReferral\u201c \u0160ios Dokobit partneryst\u0117s sutarties specialiosios s\u0105lygos, skirtos partneryst\u0117s programos tipui \u201eReferral\u201c (Specialiosios s\u0105lygos; Partneryst\u0117), \u012fsigalioja ir pastar\u0105j\u012f kart\u0105 buvo atnaujintos 2023 m. sausio 1 d. \u0160ios Specialiosios s\u0105lygos taikomos Dokobit, UAB, pagal Lietuvos Respublikos \u012fstatymus \u012fsteigtai ir veikian\u010diai u\u017edarajai akcinei bendrovei, juridinio asmens kodas 301549834, Paupio g. [&hellip;]","og_url":"https:\/\/www.dokobit.com\/lt\/patikimumas\/partnerystes-sutarties-specialiosios-salygos-referral","og_site_name":"Dokobit","article_publisher":"https:\/\/www.facebook.com\/dokobit","article_modified_time":"2023-02-02T09:07:06+00:00","og_image":[{"width":2403,"height":1803,"url":"https:\/\/www.dokobit.com\/wp-content\/uploads\/2024\/07\/2x-image-23.png","type":"image\/png"}],"twitter_card":"summary_large_image","twitter_misc":{"Est. reading time":"4 minutes"},"schema":{"@context":"https:\/\/schema.org","@graph":[{"@type":"WebPage","@id":"https:\/\/www.dokobit.com\/lt\/patikimumas\/partnerystes-sutarties-specialiosios-salygos-referral","url":"https:\/\/www.dokobit.com\/lt\/patikimumas\/partnerystes-sutarties-specialiosios-salygos-referral","name":"Partneryst\u0117s programos tipas \u2013 \u201eReferral\u201c Dokobit","isPartOf":{"@id":"https:\/\/www.dokobit.com\/lt#website"},"datePublished":"2022-12-14T10:11:43+00:00","dateModified":"2023-02-02T09:07:06+00:00","breadcrumb":{"@id":"https:\/\/www.dokobit.com\/lt\/patikimumas\/partnerystes-sutarties-specialiosios-salygos-referral#breadcrumb"},"inLanguage":"lt","potentialAction":[{"@type":"ReadAction","target":["https:\/\/www.dokobit.com\/lt\/patikimumas\/partnerystes-sutarties-specialiosios-salygos-referral"]}]},{"@type":"BreadcrumbList","@id":"https:\/\/www.dokobit.com\/lt\/patikimumas\/partnerystes-sutarties-specialiosios-salygos-referral#breadcrumb","itemListElement":[{"@type":"ListItem","position":1,"name":"Home","item":"https:\/\/www.dokobit.com\/lt"},{"@type":"ListItem","position":2,"name":"Patikimumas","item":"https:\/\/www.dokobit.com\/lt\/patikimumas"},{"@type":"ListItem","position":3,"name":"Partneryst\u0117s programos tipas \u2013 \u201eReferral\u201c"}]},{"@type":"WebSite","@id":"https:\/\/www.dokobit.com\/lt#website","url":"https:\/\/www.dokobit.com\/lt","name":"Dokobit","description":"Electronic document signing as an everyday service","potentialAction":[{"@type":"SearchAction","target":{"@type":"EntryPoint","urlTemplate":"https:\/\/www.dokobit.com\/lt?s={search_term_string}"},"query-input":"required name=search_term_string"}],"inLanguage":"lt"}]}},"_links":{"self":[{"href":"https:\/\/www.dokobit.com\/lt\/wp-json\/wp\/v2\/pages\/19671"}],"collection":[{"href":"https:\/\/www.dokobit.com\/lt\/wp-json\/wp\/v2\/pages"}],"about":[{"href":"https:\/\/www.dokobit.com\/lt\/wp-json\/wp\/v2\/types\/page"}],"author":[{"embeddable":true,"href":"https:\/\/www.dokobit.com\/lt\/wp-json\/wp\/v2\/users\/2"}],"replies":[{"embeddable":true,"href":"https:\/\/www.dokobit.com\/lt\/wp-json\/wp\/v2\/comments?post=19671"}],"version-history":[{"count":5,"href":"https:\/\/www.dokobit.com\/lt\/wp-json\/wp\/v2\/pages\/19671\/revisions"}],"predecessor-version":[{"id":19703,"href":"https:\/\/www.dokobit.com\/lt\/wp-json\/wp\/v2\/pages\/19671\/revisions\/19703"}],"up":[{"embeddable":true,"href":"https:\/\/www.dokobit.com\/lt\/wp-json\/wp\/v2\/pages\/7596"}],"wp:attachment":[{"href":"https:\/\/www.dokobit.com\/lt\/wp-json\/wp\/v2\/media?parent=19671"}],"curies":[{"name":"wp","href":"https:\/\/api.w.org\/{rel}","templated":true}]}}