{"id":5676,"date":"2020-10-07T15:08:03","date_gmt":"2020-10-07T15:08:03","guid":{"rendered":"https:\/\/www.dokobit.com\/company\/contacts"},"modified":"2026-03-04T21:43:49","modified_gmt":"2026-03-04T19:43:49","slug":"hafa-samband","status":"publish","type":"page","link":"https:\/\/www.dokobit.com\/is\/fyrirtaekid\/hafa-samband","title":{"rendered":"Hafa samband"},"content":{"rendered":"","protected":false},"excerpt":{"rendered":"","protected":false},"author":2,"featured_media":0,"parent":5662,"menu_order":0,"comment_status":"closed","ping_status":"closed","template":"templates\/contacts.php","meta":{"footnotes":""},"acf":[],"yoast_head":"<!-- This site is optimized with the Yoast SEO plugin v22.7 - https:\/\/yoast.com\/wordpress\/plugins\/seo\/ -->\n<title>Tengili\u00f0ir | Dokobit<\/title>\n<meta name=\"description\" content=\"Ertu a\u00f0 leita a\u00f0 rafr\u00e6num undirskriftum? Sko\u00f0a\u00f0u hj\u00e1lpars\u00ed\u00f0ur okkar e\u00f0a haf\u00f0u samband til a\u00f0 spyrja um lausnir, s\u00f6lu e\u00f0a samstarf.\" \/>\n<meta name=\"robots\" content=\"index, follow, max-snippet:-1, max-image-preview:large, max-video-preview:-1\" \/>\n<link rel=\"canonical\" href=\"https:\/\/www.dokobit.com\/is\/wp-json\/wp\/v2\/pages\/5676\" \/>\n<meta property=\"og:locale\" content=\"is_IS\" \/>\n<meta property=\"og:type\" content=\"article\" \/>\n<meta property=\"og:title\" content=\"Tengili\u00f0ir | Dokobit\" \/>\n<meta property=\"og:description\" content=\"Ertu a\u00f0 leita a\u00f0 rafr\u00e6num undirskriftum? Sko\u00f0a\u00f0u hj\u00e1lpars\u00ed\u00f0ur okkar e\u00f0a haf\u00f0u samband til a\u00f0 spyrja um lausnir, s\u00f6lu e\u00f0a samstarf.\" \/>\n<meta property=\"og:url\" content=\"https:\/\/www.dokobit.com\/is\/fyrirtaekid\/hafa-samband\" \/>\n<meta property=\"og:site_name\" content=\"Dokobit\" \/>\n<meta property=\"article:publisher\" content=\"https:\/\/www.facebook.com\/dokobit\" \/>\n<meta property=\"article:modified_time\" content=\"2026-03-04T19:43:49+00:00\" \/>\n<meta property=\"og:image\" content=\"https:\/\/www.dokobit.com\/wp-content\/uploads\/2024\/07\/2x-image-23.png\" \/>\n\t<meta property=\"og:image:width\" content=\"2403\" \/>\n\t<meta property=\"og:image:height\" content=\"1803\" \/>\n\t<meta property=\"og:image:type\" content=\"image\/png\" \/>\n<meta name=\"twitter:card\" content=\"summary_large_image\" \/>\n<script type=\"application\/ld+json\" class=\"yoast-schema-graph\">{\"@context\":\"https:\/\/schema.org\",\"@graph\":[{\"@type\":\"WebPage\",\"@id\":\"https:\/\/www.dokobit.com\/is\/fyrirtaekid\/hafa-samband\",\"url\":\"https:\/\/www.dokobit.com\/is\/fyrirtaekid\/hafa-samband\",\"name\":\"Tengili\u00f0ir | Dokobit\",\"isPartOf\":{\"@id\":\"https:\/\/www.dokobit.com\/is#website\"},\"datePublished\":\"2020-10-07T15:08:03+00:00\",\"dateModified\":\"2026-03-04T19:43:49+00:00\",\"description\":\"Ertu a\u00f0 leita a\u00f0 rafr\u00e6num undirskriftum? Sko\u00f0a\u00f0u hj\u00e1lpars\u00ed\u00f0ur okkar e\u00f0a haf\u00f0u samband til a\u00f0 spyrja um lausnir, s\u00f6lu e\u00f0a samstarf.\",\"breadcrumb\":{\"@id\":\"https:\/\/www.dokobit.com\/is\/fyrirtaekid\/hafa-samband#breadcrumb\"},\"inLanguage\":\"is\",\"potentialAction\":[{\"@type\":\"ReadAction\",\"target\":[\"https:\/\/www.dokobit.com\/is\/fyrirtaekid\/hafa-samband\"]}]},{\"@type\":\"BreadcrumbList\",\"@id\":\"https:\/\/www.dokobit.com\/is\/fyrirtaekid\/hafa-samband#breadcrumb\",\"itemListElement\":[{\"@type\":\"ListItem\",\"position\":1,\"name\":\"Home\",\"item\":\"https:\/\/www.dokobit.com\/is\"},{\"@type\":\"ListItem\",\"position\":2,\"name\":\"Fyrirtaekid\",\"item\":\"https:\/\/www.dokobit.com\/is\/company\"},{\"@type\":\"ListItem\",\"position\":3,\"name\":\"Hafa samband\"}]},{\"@type\":\"WebSite\",\"@id\":\"https:\/\/www.dokobit.com\/is#website\",\"url\":\"https:\/\/www.dokobit.com\/is\",\"name\":\"Dokobit\",\"description\":\"Electronic document signing as an everyday service\",\"potentialAction\":[{\"@type\":\"SearchAction\",\"target\":{\"@type\":\"EntryPoint\",\"urlTemplate\":\"https:\/\/www.dokobit.com\/is?s={search_term_string}\"},\"query-input\":\"required name=search_term_string\"}],\"inLanguage\":\"is\"}]}<\/script>\n<!-- \/ Yoast SEO plugin. -->","yoast_head_json":{"title":"Tengili\u00f0ir | Dokobit","description":"Ertu a\u00f0 leita a\u00f0 rafr\u00e6num undirskriftum? Sko\u00f0a\u00f0u hj\u00e1lpars\u00ed\u00f0ur okkar e\u00f0a haf\u00f0u samband til a\u00f0 spyrja um lausnir, s\u00f6lu e\u00f0a samstarf.","robots":{"index":"index","follow":"follow","max-snippet":"max-snippet:-1","max-image-preview":"max-image-preview:large","max-video-preview":"max-video-preview:-1"},"canonical":"https:\/\/www.dokobit.com\/is\/wp-json\/wp\/v2\/pages\/5676","og_locale":"is_IS","og_type":"article","og_title":"Tengili\u00f0ir | Dokobit","og_description":"Ertu a\u00f0 leita a\u00f0 rafr\u00e6num undirskriftum? Sko\u00f0a\u00f0u hj\u00e1lpars\u00ed\u00f0ur okkar e\u00f0a haf\u00f0u samband til a\u00f0 spyrja um lausnir, s\u00f6lu e\u00f0a samstarf.","og_url":"https:\/\/www.dokobit.com\/is\/fyrirtaekid\/hafa-samband","og_site_name":"Dokobit","article_publisher":"https:\/\/www.facebook.com\/dokobit","article_modified_time":"2026-03-04T19:43:49+00:00","og_image":[{"width":2403,"height":1803,"url":"https:\/\/www.dokobit.com\/wp-content\/uploads\/2024\/07\/2x-image-23.png","type":"image\/png"}],"twitter_card":"summary_large_image","schema":{"@context":"https:\/\/schema.org","@graph":[{"@type":"WebPage","@id":"https:\/\/www.dokobit.com\/is\/fyrirtaekid\/hafa-samband","url":"https:\/\/www.dokobit.com\/is\/fyrirtaekid\/hafa-samband","name":"Tengili\u00f0ir | Dokobit","isPartOf":{"@id":"https:\/\/www.dokobit.com\/is#website"},"datePublished":"2020-10-07T15:08:03+00:00","dateModified":"2026-03-04T19:43:49+00:00","description":"Ertu a\u00f0 leita a\u00f0 rafr\u00e6num undirskriftum? Sko\u00f0a\u00f0u hj\u00e1lpars\u00ed\u00f0ur okkar e\u00f0a haf\u00f0u samband til a\u00f0 spyrja um lausnir, s\u00f6lu e\u00f0a samstarf.","breadcrumb":{"@id":"https:\/\/www.dokobit.com\/is\/fyrirtaekid\/hafa-samband#breadcrumb"},"inLanguage":"is","potentialAction":[{"@type":"ReadAction","target":["https:\/\/www.dokobit.com\/is\/fyrirtaekid\/hafa-samband"]}]},{"@type":"BreadcrumbList","@id":"https:\/\/www.dokobit.com\/is\/fyrirtaekid\/hafa-samband#breadcrumb","itemListElement":[{"@type":"ListItem","position":1,"name":"Home","item":"https:\/\/www.dokobit.com\/is"},{"@type":"ListItem","position":2,"name":"Fyrirtaekid","item":"https:\/\/www.dokobit.com\/is\/company"},{"@type":"ListItem","position":3,"name":"Hafa samband"}]},{"@type":"WebSite","@id":"https:\/\/www.dokobit.com\/is#website","url":"https:\/\/www.dokobit.com\/is","name":"Dokobit","description":"Electronic document signing as an everyday service","potentialAction":[{"@type":"SearchAction","target":{"@type":"EntryPoint","urlTemplate":"https:\/\/www.dokobit.com\/is?s={search_term_string}"},"query-input":"required name=search_term_string"}],"inLanguage":"is"}]}},"_links":{"self":[{"href":"https:\/\/www.dokobit.com\/is\/wp-json\/wp\/v2\/pages\/5676"}],"collection":[{"href":"https:\/\/www.dokobit.com\/is\/wp-json\/wp\/v2\/pages"}],"about":[{"href":"https:\/\/www.dokobit.com\/is\/wp-json\/wp\/v2\/types\/page"}],"author":[{"embeddable":true,"href":"https:\/\/www.dokobit.com\/is\/wp-json\/wp\/v2\/users\/2"}],"replies":[{"embeddable":true,"href":"https:\/\/www.dokobit.com\/is\/wp-json\/wp\/v2\/comments?post=5676"}],"version-history":[{"count":28,"href":"https:\/\/www.dokobit.com\/is\/wp-json\/wp\/v2\/pages\/5676\/revisions"}],"predecessor-version":[{"id":37857,"href":"https:\/\/www.dokobit.com\/is\/wp-json\/wp\/v2\/pages\/5676\/revisions\/37857"}],"up":[{"embeddable":true,"href":"https:\/\/www.dokobit.com\/is\/wp-json\/wp\/v2\/pages\/5662"}],"wp:attachment":[{"href":"https:\/\/www.dokobit.com\/is\/wp-json\/wp\/v2\/media?parent=5676"}],"curies":[{"name":"wp","href":"https:\/\/api.w.org\/{rel}","templated":true}]}}