{"id":5606,"date":"2020-10-06T07:53:00","date_gmt":"2020-10-06T07:53:00","guid":{"rendered":"https:\/\/www.dokobit.com\/compliance"},"modified":"2026-04-28T14:47:34","modified_gmt":"2026-04-28T12:47:34","slug":"rekstur-kerfis","status":"publish","type":"page","link":"https:\/\/www.dokobit.com\/is\/rekstur-kerfis","title":{"rendered":"Rekstrarumhverfi"},"content":{"rendered":"","protected":false},"excerpt":{"rendered":"","protected":false},"author":2,"featured_media":0,"parent":0,"menu_order":0,"comment_status":"closed","ping_status":"closed","template":"templates\/compliance.php","meta":{"footnotes":""},"acf":[],"yoast_head":"<!-- This site is optimized with the Yoast SEO plugin v22.7 - https:\/\/yoast.com\/wordpress\/plugins\/seo\/ -->\n<title>Rafr\u00e6n undirskriftarlausn sem stenst h\u00e6stu \u00f6ryggiskr\u00f6fur<\/title>\n<meta name=\"description\" content=\"Dokobit uppfyllir eIDAS regluger\u00f0ina og tryggir fullgiltar rafr\u00e6nar undirskriftir \u00ed \u00f6llum ESB l\u00f6ndum me\u00f0 st\u00edfum \u00f6ryggisst\u00f6\u00f0lum.\" \/>\n<meta name=\"robots\" content=\"index, follow, max-snippet:-1, max-image-preview:large, max-video-preview:-1\" \/>\n<link rel=\"canonical\" href=\"https:\/\/www.dokobit.com\/is\/wp-json\/wp\/v2\/pages\/5606\" \/>\n<meta property=\"og:locale\" content=\"is_IS\" \/>\n<meta property=\"og:type\" content=\"article\" \/>\n<meta property=\"og:title\" content=\"Rafr\u00e6n undirskriftarlausn sem stenst h\u00e6stu \u00f6ryggiskr\u00f6fur\" \/>\n<meta property=\"og:description\" content=\"Dokobit uppfyllir eIDAS regluger\u00f0ina og tryggir fullgiltar rafr\u00e6nar undirskriftir \u00ed \u00f6llum ESB l\u00f6ndum me\u00f0 st\u00edfum \u00f6ryggisst\u00f6\u00f0lum.\" \/>\n<meta property=\"og:url\" content=\"https:\/\/www.dokobit.com\/is\/rekstur-kerfis\" \/>\n<meta property=\"og:site_name\" content=\"Dokobit\" \/>\n<meta property=\"article:publisher\" content=\"https:\/\/www.facebook.com\/dokobit\" \/>\n<meta property=\"article:modified_time\" content=\"2026-04-28T12:47:34+00:00\" \/>\n<meta property=\"og:image\" content=\"https:\/\/www.dokobit.com\/wp-content\/uploads\/2024\/07\/2x-image-23.png\" \/>\n\t<meta property=\"og:image:width\" content=\"2403\" \/>\n\t<meta property=\"og:image:height\" content=\"1803\" \/>\n\t<meta property=\"og:image:type\" content=\"image\/png\" \/>\n<meta name=\"twitter:card\" content=\"summary_large_image\" \/>\n<script type=\"application\/ld+json\" class=\"yoast-schema-graph\">{\"@context\":\"https:\/\/schema.org\",\"@graph\":[{\"@type\":\"WebPage\",\"@id\":\"https:\/\/www.dokobit.com\/is\/rekstur-kerfis\",\"url\":\"https:\/\/www.dokobit.com\/is\/rekstur-kerfis\",\"name\":\"Rafr\u00e6n undirskriftarlausn sem stenst h\u00e6stu \u00f6ryggiskr\u00f6fur\",\"isPartOf\":{\"@id\":\"https:\/\/www.dokobit.com\/is#website\"},\"datePublished\":\"2020-10-06T07:53:00+00:00\",\"dateModified\":\"2026-04-28T12:47:34+00:00\",\"description\":\"Dokobit uppfyllir eIDAS regluger\u00f0ina og tryggir fullgiltar rafr\u00e6nar undirskriftir \u00ed \u00f6llum ESB l\u00f6ndum me\u00f0 st\u00edfum \u00f6ryggisst\u00f6\u00f0lum.\",\"breadcrumb\":{\"@id\":\"https:\/\/www.dokobit.com\/is\/rekstur-kerfis#breadcrumb\"},\"inLanguage\":\"is\",\"potentialAction\":[{\"@type\":\"ReadAction\",\"target\":[\"https:\/\/www.dokobit.com\/is\/rekstur-kerfis\"]}]},{\"@type\":\"BreadcrumbList\",\"@id\":\"https:\/\/www.dokobit.com\/is\/rekstur-kerfis#breadcrumb\",\"itemListElement\":[{\"@type\":\"ListItem\",\"position\":1,\"name\":\"Home\",\"item\":\"https:\/\/www.dokobit.com\/is\"},{\"@type\":\"ListItem\",\"position\":2,\"name\":\"Rekstrarumhverfi\"}]},{\"@type\":\"WebSite\",\"@id\":\"https:\/\/www.dokobit.com\/is#website\",\"url\":\"https:\/\/www.dokobit.com\/is\",\"name\":\"Dokobit\",\"description\":\"Electronic document signing as an everyday service\",\"potentialAction\":[{\"@type\":\"SearchAction\",\"target\":{\"@type\":\"EntryPoint\",\"urlTemplate\":\"https:\/\/www.dokobit.com\/is?s={search_term_string}\"},\"query-input\":\"required name=search_term_string\"}],\"inLanguage\":\"is\"}]}<\/script>\n<!-- \/ Yoast SEO plugin. -->","yoast_head_json":{"title":"Rafr\u00e6n undirskriftarlausn sem stenst h\u00e6stu \u00f6ryggiskr\u00f6fur","description":"Dokobit uppfyllir eIDAS regluger\u00f0ina og tryggir fullgiltar rafr\u00e6nar undirskriftir \u00ed \u00f6llum ESB l\u00f6ndum me\u00f0 st\u00edfum \u00f6ryggisst\u00f6\u00f0lum.","robots":{"index":"index","follow":"follow","max-snippet":"max-snippet:-1","max-image-preview":"max-image-preview:large","max-video-preview":"max-video-preview:-1"},"canonical":"https:\/\/www.dokobit.com\/is\/wp-json\/wp\/v2\/pages\/5606","og_locale":"is_IS","og_type":"article","og_title":"Rafr\u00e6n undirskriftarlausn sem stenst h\u00e6stu \u00f6ryggiskr\u00f6fur","og_description":"Dokobit uppfyllir eIDAS regluger\u00f0ina og tryggir fullgiltar rafr\u00e6nar undirskriftir \u00ed \u00f6llum ESB l\u00f6ndum me\u00f0 st\u00edfum \u00f6ryggisst\u00f6\u00f0lum.","og_url":"https:\/\/www.dokobit.com\/is\/rekstur-kerfis","og_site_name":"Dokobit","article_publisher":"https:\/\/www.facebook.com\/dokobit","article_modified_time":"2026-04-28T12:47:34+00:00","og_image":[{"width":2403,"height":1803,"url":"https:\/\/www.dokobit.com\/wp-content\/uploads\/2024\/07\/2x-image-23.png","type":"image\/png"}],"twitter_card":"summary_large_image","schema":{"@context":"https:\/\/schema.org","@graph":[{"@type":"WebPage","@id":"https:\/\/www.dokobit.com\/is\/rekstur-kerfis","url":"https:\/\/www.dokobit.com\/is\/rekstur-kerfis","name":"Rafr\u00e6n undirskriftarlausn sem stenst h\u00e6stu \u00f6ryggiskr\u00f6fur","isPartOf":{"@id":"https:\/\/www.dokobit.com\/is#website"},"datePublished":"2020-10-06T07:53:00+00:00","dateModified":"2026-04-28T12:47:34+00:00","description":"Dokobit uppfyllir eIDAS regluger\u00f0ina og tryggir fullgiltar rafr\u00e6nar undirskriftir \u00ed \u00f6llum ESB l\u00f6ndum me\u00f0 st\u00edfum \u00f6ryggisst\u00f6\u00f0lum.","breadcrumb":{"@id":"https:\/\/www.dokobit.com\/is\/rekstur-kerfis#breadcrumb"},"inLanguage":"is","potentialAction":[{"@type":"ReadAction","target":["https:\/\/www.dokobit.com\/is\/rekstur-kerfis"]}]},{"@type":"BreadcrumbList","@id":"https:\/\/www.dokobit.com\/is\/rekstur-kerfis#breadcrumb","itemListElement":[{"@type":"ListItem","position":1,"name":"Home","item":"https:\/\/www.dokobit.com\/is"},{"@type":"ListItem","position":2,"name":"Rekstrarumhverfi"}]},{"@type":"WebSite","@id":"https:\/\/www.dokobit.com\/is#website","url":"https:\/\/www.dokobit.com\/is","name":"Dokobit","description":"Electronic document signing as an everyday service","potentialAction":[{"@type":"SearchAction","target":{"@type":"EntryPoint","urlTemplate":"https:\/\/www.dokobit.com\/is?s={search_term_string}"},"query-input":"required name=search_term_string"}],"inLanguage":"is"}]}},"_links":{"self":[{"href":"https:\/\/www.dokobit.com\/is\/wp-json\/wp\/v2\/pages\/5606"}],"collection":[{"href":"https:\/\/www.dokobit.com\/is\/wp-json\/wp\/v2\/pages"}],"about":[{"href":"https:\/\/www.dokobit.com\/is\/wp-json\/wp\/v2\/types\/page"}],"author":[{"embeddable":true,"href":"https:\/\/www.dokobit.com\/is\/wp-json\/wp\/v2\/users\/2"}],"replies":[{"embeddable":true,"href":"https:\/\/www.dokobit.com\/is\/wp-json\/wp\/v2\/comments?post=5606"}],"version-history":[{"count":63,"href":"https:\/\/www.dokobit.com\/is\/wp-json\/wp\/v2\/pages\/5606\/revisions"}],"predecessor-version":[{"id":37983,"href":"https:\/\/www.dokobit.com\/is\/wp-json\/wp\/v2\/pages\/5606\/revisions\/37983"}],"wp:attachment":[{"href":"https:\/\/www.dokobit.com\/is\/wp-json\/wp\/v2\/media?parent=5606"}],"curies":[{"name":"wp","href":"https:\/\/api.w.org\/{rel}","templated":true}]}}