{"id":5496,"date":"2020-10-06T07:28:32","date_gmt":"2020-10-06T07:28:32","guid":{"rendered":"https:\/\/www.dokobit.com\/for-teams"},"modified":"2026-04-28T14:46:26","modified_gmt":"2026-04-28T12:46:26","slug":"fyrir-teymi","status":"publish","type":"page","link":"https:\/\/www.dokobit.com\/is\/fyrir-teymi","title":{"rendered":"Eiginleikar fyrir teymi"},"content":{"rendered":"","protected":false},"excerpt":{"rendered":"","protected":false},"author":2,"featured_media":0,"parent":0,"menu_order":0,"comment_status":"closed","ping_status":"closed","template":"templates\/features.php","meta":{"footnotes":""},"acf":[],"yoast_head":"<!-- This site is optimized with the Yoast SEO plugin v22.7 - https:\/\/yoast.com\/wordpress\/plugins\/seo\/ -->\n<title>N\u00fd vinnubr\u00f6g\u00f0 fyrir teymi\u00f0 \u00feitt me\u00f0 rafr\u00e6num undirskriftum<\/title>\n<meta name=\"description\" content=\"Hra\u00f0ari og einfaldari ferli vi\u00f0 undirritun og skipulag skjala eru eiginleikar sem munu gagnast teyminu \u00fe\u00ednu og vi\u00f0skiptavinum. Sko\u00f0a\u00f0u eiginleikana okkar fyrir st\u00e6rri f\u00e9l\u00f6g.\" \/>\n<meta name=\"robots\" content=\"index, follow, max-snippet:-1, max-image-preview:large, max-video-preview:-1\" \/>\n<link rel=\"canonical\" href=\"https:\/\/www.dokobit.com\/is\/wp-json\/wp\/v2\/pages\/5496\" \/>\n<meta property=\"og:locale\" content=\"is_IS\" \/>\n<meta property=\"og:type\" content=\"article\" \/>\n<meta property=\"og:title\" content=\"N\u00fd vinnubr\u00f6g\u00f0 fyrir teymi\u00f0 \u00feitt me\u00f0 rafr\u00e6num undirskriftum\" \/>\n<meta property=\"og:description\" content=\"Hra\u00f0ari og einfaldari ferli vi\u00f0 undirritun og skipulag skjala eru eiginleikar sem munu gagnast teyminu \u00fe\u00ednu og vi\u00f0skiptavinum. Sko\u00f0a\u00f0u eiginleikana okkar fyrir st\u00e6rri f\u00e9l\u00f6g.\" \/>\n<meta property=\"og:url\" content=\"https:\/\/www.dokobit.com\/is\/fyrir-teymi\" \/>\n<meta property=\"og:site_name\" content=\"Dokobit\" \/>\n<meta property=\"article:publisher\" content=\"https:\/\/www.facebook.com\/dokobit\" \/>\n<meta property=\"article:modified_time\" content=\"2026-04-28T12:46:26+00:00\" \/>\n<meta property=\"og:image\" content=\"https:\/\/www.dokobit.com\/wp-content\/uploads\/2024\/07\/2x-image-23.png\" \/>\n\t<meta property=\"og:image:width\" content=\"2403\" \/>\n\t<meta property=\"og:image:height\" content=\"1803\" \/>\n\t<meta property=\"og:image:type\" content=\"image\/png\" \/>\n<meta name=\"twitter:card\" content=\"summary_large_image\" \/>\n<script type=\"application\/ld+json\" class=\"yoast-schema-graph\">{\"@context\":\"https:\/\/schema.org\",\"@graph\":[{\"@type\":\"WebPage\",\"@id\":\"https:\/\/www.dokobit.com\/is\/fyrir-teymi\",\"url\":\"https:\/\/www.dokobit.com\/is\/fyrir-teymi\",\"name\":\"N\u00fd vinnubr\u00f6g\u00f0 fyrir teymi\u00f0 \u00feitt me\u00f0 rafr\u00e6num undirskriftum\",\"isPartOf\":{\"@id\":\"https:\/\/www.dokobit.com\/is#website\"},\"datePublished\":\"2020-10-06T07:28:32+00:00\",\"dateModified\":\"2026-04-28T12:46:26+00:00\",\"description\":\"Hra\u00f0ari og einfaldari ferli vi\u00f0 undirritun og skipulag skjala eru eiginleikar sem munu gagnast teyminu \u00fe\u00ednu og vi\u00f0skiptavinum. Sko\u00f0a\u00f0u eiginleikana okkar fyrir st\u00e6rri f\u00e9l\u00f6g.\",\"breadcrumb\":{\"@id\":\"https:\/\/www.dokobit.com\/is\/fyrir-teymi#breadcrumb\"},\"inLanguage\":\"is\",\"potentialAction\":[{\"@type\":\"ReadAction\",\"target\":[\"https:\/\/www.dokobit.com\/is\/fyrir-teymi\"]}]},{\"@type\":\"BreadcrumbList\",\"@id\":\"https:\/\/www.dokobit.com\/is\/fyrir-teymi#breadcrumb\",\"itemListElement\":[{\"@type\":\"ListItem\",\"position\":1,\"name\":\"Home\",\"item\":\"https:\/\/www.dokobit.com\/is\"},{\"@type\":\"ListItem\",\"position\":2,\"name\":\"Eiginleikar fyrir teymi\"}]},{\"@type\":\"WebSite\",\"@id\":\"https:\/\/www.dokobit.com\/is#website\",\"url\":\"https:\/\/www.dokobit.com\/is\",\"name\":\"Dokobit\",\"description\":\"Electronic document signing as an everyday service\",\"potentialAction\":[{\"@type\":\"SearchAction\",\"target\":{\"@type\":\"EntryPoint\",\"urlTemplate\":\"https:\/\/www.dokobit.com\/is?s={search_term_string}\"},\"query-input\":\"required name=search_term_string\"}],\"inLanguage\":\"is\"}]}<\/script>\n<!-- \/ Yoast SEO plugin. -->","yoast_head_json":{"title":"N\u00fd vinnubr\u00f6g\u00f0 fyrir teymi\u00f0 \u00feitt me\u00f0 rafr\u00e6num undirskriftum","description":"Hra\u00f0ari og einfaldari ferli vi\u00f0 undirritun og skipulag skjala eru eiginleikar sem munu gagnast teyminu \u00fe\u00ednu og vi\u00f0skiptavinum. Sko\u00f0a\u00f0u eiginleikana okkar fyrir st\u00e6rri f\u00e9l\u00f6g.","robots":{"index":"index","follow":"follow","max-snippet":"max-snippet:-1","max-image-preview":"max-image-preview:large","max-video-preview":"max-video-preview:-1"},"canonical":"https:\/\/www.dokobit.com\/is\/wp-json\/wp\/v2\/pages\/5496","og_locale":"is_IS","og_type":"article","og_title":"N\u00fd vinnubr\u00f6g\u00f0 fyrir teymi\u00f0 \u00feitt me\u00f0 rafr\u00e6num undirskriftum","og_description":"Hra\u00f0ari og einfaldari ferli vi\u00f0 undirritun og skipulag skjala eru eiginleikar sem munu gagnast teyminu \u00fe\u00ednu og vi\u00f0skiptavinum. Sko\u00f0a\u00f0u eiginleikana okkar fyrir st\u00e6rri f\u00e9l\u00f6g.","og_url":"https:\/\/www.dokobit.com\/is\/fyrir-teymi","og_site_name":"Dokobit","article_publisher":"https:\/\/www.facebook.com\/dokobit","article_modified_time":"2026-04-28T12:46:26+00:00","og_image":[{"width":2403,"height":1803,"url":"https:\/\/www.dokobit.com\/wp-content\/uploads\/2024\/07\/2x-image-23.png","type":"image\/png"}],"twitter_card":"summary_large_image","schema":{"@context":"https:\/\/schema.org","@graph":[{"@type":"WebPage","@id":"https:\/\/www.dokobit.com\/is\/fyrir-teymi","url":"https:\/\/www.dokobit.com\/is\/fyrir-teymi","name":"N\u00fd vinnubr\u00f6g\u00f0 fyrir teymi\u00f0 \u00feitt me\u00f0 rafr\u00e6num undirskriftum","isPartOf":{"@id":"https:\/\/www.dokobit.com\/is#website"},"datePublished":"2020-10-06T07:28:32+00:00","dateModified":"2026-04-28T12:46:26+00:00","description":"Hra\u00f0ari og einfaldari ferli vi\u00f0 undirritun og skipulag skjala eru eiginleikar sem munu gagnast teyminu \u00fe\u00ednu og vi\u00f0skiptavinum. Sko\u00f0a\u00f0u eiginleikana okkar fyrir st\u00e6rri f\u00e9l\u00f6g.","breadcrumb":{"@id":"https:\/\/www.dokobit.com\/is\/fyrir-teymi#breadcrumb"},"inLanguage":"is","potentialAction":[{"@type":"ReadAction","target":["https:\/\/www.dokobit.com\/is\/fyrir-teymi"]}]},{"@type":"BreadcrumbList","@id":"https:\/\/www.dokobit.com\/is\/fyrir-teymi#breadcrumb","itemListElement":[{"@type":"ListItem","position":1,"name":"Home","item":"https:\/\/www.dokobit.com\/is"},{"@type":"ListItem","position":2,"name":"Eiginleikar fyrir teymi"}]},{"@type":"WebSite","@id":"https:\/\/www.dokobit.com\/is#website","url":"https:\/\/www.dokobit.com\/is","name":"Dokobit","description":"Electronic document signing as an everyday service","potentialAction":[{"@type":"SearchAction","target":{"@type":"EntryPoint","urlTemplate":"https:\/\/www.dokobit.com\/is?s={search_term_string}"},"query-input":"required name=search_term_string"}],"inLanguage":"is"}]}},"_links":{"self":[{"href":"https:\/\/www.dokobit.com\/is\/wp-json\/wp\/v2\/pages\/5496"}],"collection":[{"href":"https:\/\/www.dokobit.com\/is\/wp-json\/wp\/v2\/pages"}],"about":[{"href":"https:\/\/www.dokobit.com\/is\/wp-json\/wp\/v2\/types\/page"}],"author":[{"embeddable":true,"href":"https:\/\/www.dokobit.com\/is\/wp-json\/wp\/v2\/users\/2"}],"replies":[{"embeddable":true,"href":"https:\/\/www.dokobit.com\/is\/wp-json\/wp\/v2\/comments?post=5496"}],"version-history":[{"count":17,"href":"https:\/\/www.dokobit.com\/is\/wp-json\/wp\/v2\/pages\/5496\/revisions"}],"predecessor-version":[{"id":37982,"href":"https:\/\/www.dokobit.com\/is\/wp-json\/wp\/v2\/pages\/5496\/revisions\/37982"}],"wp:attachment":[{"href":"https:\/\/www.dokobit.com\/is\/wp-json\/wp\/v2\/media?parent=5496"}],"curies":[{"name":"wp","href":"https:\/\/api.w.org\/{rel}","templated":true}]}}