{"id":35608,"date":"2024-10-23T15:59:52","date_gmt":"2024-10-23T13:59:52","guid":{"rendered":"https:\/\/www.dokobit.com\/eids"},"modified":"2026-03-02T15:12:41","modified_gmt":"2026-03-02T13:12:41","slug":"studd-skilriki-2","status":"publish","type":"page","link":"https:\/\/www.dokobit.com\/is\/studd-skilriki","title":{"rendered":"Stu\u00f0ningur vi\u00f0 rafr\u00e6n skilr\u00edki"},"content":{"rendered":"","protected":false},"excerpt":{"rendered":"","protected":false},"author":9,"featured_media":0,"parent":0,"menu_order":0,"comment_status":"closed","ping_status":"closed","template":"templates\/eid.php","meta":{"footnotes":""},"acf":[],"yoast_head":"<!-- This site is optimized with the Yoast SEO plugin v22.7 - https:\/\/yoast.com\/wordpress\/plugins\/seo\/ -->\n<title>Stu\u00f0ningur vi\u00f0 rafr\u00e6n skilr\u00edki | Dokobit<\/title>\n<meta name=\"description\" content=\"Dokobit sty\u00f0ur rafr\u00e6n skilr\u00edki \u00e1 kortum, fars\u00edmum, Smart-ID og e-Residency kort til a\u00f0 undirrita skj\u00f6l rafr\u00e6nt og au\u00f0kenna notendur.\" \/>\n<meta name=\"robots\" content=\"index, follow, max-snippet:-1, max-image-preview:large, max-video-preview:-1\" \/>\n<link rel=\"canonical\" href=\"https:\/\/www.dokobit.com\/is\/wp-json\/wp\/v2\/pages\/35608\" \/>\n<meta property=\"og:locale\" content=\"is_IS\" \/>\n<meta property=\"og:type\" content=\"article\" \/>\n<meta property=\"og:title\" content=\"Stu\u00f0ningur vi\u00f0 rafr\u00e6n skilr\u00edki | Dokobit\" \/>\n<meta property=\"og:description\" content=\"Dokobit sty\u00f0ur rafr\u00e6n skilr\u00edki \u00e1 kortum, fars\u00edmum, Smart-ID og e-Residency kort til a\u00f0 undirrita skj\u00f6l rafr\u00e6nt og au\u00f0kenna notendur.\" \/>\n<meta property=\"og:url\" content=\"https:\/\/www.dokobit.com\/is\/studd-skilriki\" \/>\n<meta property=\"og:site_name\" content=\"Dokobit\" \/>\n<meta property=\"article:publisher\" content=\"https:\/\/www.facebook.com\/dokobit\" \/>\n<meta property=\"article:modified_time\" content=\"2026-03-02T13:12:41+00:00\" \/>\n<meta property=\"og:image\" content=\"https:\/\/www.dokobit.com\/wp-content\/uploads\/2024\/07\/2x-image-23.png\" \/>\n\t<meta property=\"og:image:width\" content=\"2403\" \/>\n\t<meta property=\"og:image:height\" content=\"1803\" \/>\n\t<meta property=\"og:image:type\" content=\"image\/png\" \/>\n<meta name=\"twitter:card\" content=\"summary_large_image\" \/>\n<script type=\"application\/ld+json\" class=\"yoast-schema-graph\">{\"@context\":\"https:\/\/schema.org\",\"@graph\":[{\"@type\":\"WebPage\",\"@id\":\"https:\/\/www.dokobit.com\/is\/studd-skilriki\",\"url\":\"https:\/\/www.dokobit.com\/is\/studd-skilriki\",\"name\":\"Stu\u00f0ningur vi\u00f0 rafr\u00e6n skilr\u00edki | Dokobit\",\"isPartOf\":{\"@id\":\"https:\/\/www.dokobit.com\/is#website\"},\"datePublished\":\"2024-10-23T13:59:52+00:00\",\"dateModified\":\"2026-03-02T13:12:41+00:00\",\"description\":\"Dokobit sty\u00f0ur rafr\u00e6n skilr\u00edki \u00e1 kortum, fars\u00edmum, Smart-ID og e-Residency kort til a\u00f0 undirrita skj\u00f6l rafr\u00e6nt og au\u00f0kenna notendur.\",\"breadcrumb\":{\"@id\":\"https:\/\/www.dokobit.com\/is\/studd-skilriki#breadcrumb\"},\"inLanguage\":\"is\",\"potentialAction\":[{\"@type\":\"ReadAction\",\"target\":[\"https:\/\/www.dokobit.com\/is\/studd-skilriki\"]}]},{\"@type\":\"BreadcrumbList\",\"@id\":\"https:\/\/www.dokobit.com\/is\/studd-skilriki#breadcrumb\",\"itemListElement\":[{\"@type\":\"ListItem\",\"position\":1,\"name\":\"Home\",\"item\":\"https:\/\/www.dokobit.com\/is\"},{\"@type\":\"ListItem\",\"position\":2,\"name\":\"Stu\u00f0ningur vi\u00f0 rafr\u00e6n skilr\u00edki\"}]},{\"@type\":\"WebSite\",\"@id\":\"https:\/\/www.dokobit.com\/is#website\",\"url\":\"https:\/\/www.dokobit.com\/is\",\"name\":\"Dokobit\",\"description\":\"Electronic document signing as an everyday service\",\"potentialAction\":[{\"@type\":\"SearchAction\",\"target\":{\"@type\":\"EntryPoint\",\"urlTemplate\":\"https:\/\/www.dokobit.com\/is?s={search_term_string}\"},\"query-input\":\"required name=search_term_string\"}],\"inLanguage\":\"is\"}]}<\/script>\n<!-- \/ Yoast SEO plugin. -->","yoast_head_json":{"title":"Stu\u00f0ningur vi\u00f0 rafr\u00e6n skilr\u00edki | Dokobit","description":"Dokobit sty\u00f0ur rafr\u00e6n skilr\u00edki \u00e1 kortum, fars\u00edmum, Smart-ID og e-Residency kort til a\u00f0 undirrita skj\u00f6l rafr\u00e6nt og au\u00f0kenna notendur.","robots":{"index":"index","follow":"follow","max-snippet":"max-snippet:-1","max-image-preview":"max-image-preview:large","max-video-preview":"max-video-preview:-1"},"canonical":"https:\/\/www.dokobit.com\/is\/wp-json\/wp\/v2\/pages\/35608","og_locale":"is_IS","og_type":"article","og_title":"Stu\u00f0ningur vi\u00f0 rafr\u00e6n skilr\u00edki | Dokobit","og_description":"Dokobit sty\u00f0ur rafr\u00e6n skilr\u00edki \u00e1 kortum, fars\u00edmum, Smart-ID og e-Residency kort til a\u00f0 undirrita skj\u00f6l rafr\u00e6nt og au\u00f0kenna notendur.","og_url":"https:\/\/www.dokobit.com\/is\/studd-skilriki","og_site_name":"Dokobit","article_publisher":"https:\/\/www.facebook.com\/dokobit","article_modified_time":"2026-03-02T13:12:41+00:00","og_image":[{"width":2403,"height":1803,"url":"https:\/\/www.dokobit.com\/wp-content\/uploads\/2024\/07\/2x-image-23.png","type":"image\/png"}],"twitter_card":"summary_large_image","schema":{"@context":"https:\/\/schema.org","@graph":[{"@type":"WebPage","@id":"https:\/\/www.dokobit.com\/is\/studd-skilriki","url":"https:\/\/www.dokobit.com\/is\/studd-skilriki","name":"Stu\u00f0ningur vi\u00f0 rafr\u00e6n skilr\u00edki | Dokobit","isPartOf":{"@id":"https:\/\/www.dokobit.com\/is#website"},"datePublished":"2024-10-23T13:59:52+00:00","dateModified":"2026-03-02T13:12:41+00:00","description":"Dokobit sty\u00f0ur rafr\u00e6n skilr\u00edki \u00e1 kortum, fars\u00edmum, Smart-ID og e-Residency kort til a\u00f0 undirrita skj\u00f6l rafr\u00e6nt og au\u00f0kenna notendur.","breadcrumb":{"@id":"https:\/\/www.dokobit.com\/is\/studd-skilriki#breadcrumb"},"inLanguage":"is","potentialAction":[{"@type":"ReadAction","target":["https:\/\/www.dokobit.com\/is\/studd-skilriki"]}]},{"@type":"BreadcrumbList","@id":"https:\/\/www.dokobit.com\/is\/studd-skilriki#breadcrumb","itemListElement":[{"@type":"ListItem","position":1,"name":"Home","item":"https:\/\/www.dokobit.com\/is"},{"@type":"ListItem","position":2,"name":"Stu\u00f0ningur vi\u00f0 rafr\u00e6n skilr\u00edki"}]},{"@type":"WebSite","@id":"https:\/\/www.dokobit.com\/is#website","url":"https:\/\/www.dokobit.com\/is","name":"Dokobit","description":"Electronic document signing as an everyday service","potentialAction":[{"@type":"SearchAction","target":{"@type":"EntryPoint","urlTemplate":"https:\/\/www.dokobit.com\/is?s={search_term_string}"},"query-input":"required name=search_term_string"}],"inLanguage":"is"}]}},"_links":{"self":[{"href":"https:\/\/www.dokobit.com\/is\/wp-json\/wp\/v2\/pages\/35608"}],"collection":[{"href":"https:\/\/www.dokobit.com\/is\/wp-json\/wp\/v2\/pages"}],"about":[{"href":"https:\/\/www.dokobit.com\/is\/wp-json\/wp\/v2\/types\/page"}],"author":[{"embeddable":true,"href":"https:\/\/www.dokobit.com\/is\/wp-json\/wp\/v2\/users\/9"}],"replies":[{"embeddable":true,"href":"https:\/\/www.dokobit.com\/is\/wp-json\/wp\/v2\/comments?post=35608"}],"version-history":[{"count":11,"href":"https:\/\/www.dokobit.com\/is\/wp-json\/wp\/v2\/pages\/35608\/revisions"}],"predecessor-version":[{"id":37849,"href":"https:\/\/www.dokobit.com\/is\/wp-json\/wp\/v2\/pages\/35608\/revisions\/37849"}],"wp:attachment":[{"href":"https:\/\/www.dokobit.com\/is\/wp-json\/wp\/v2\/media?parent=35608"}],"curies":[{"name":"wp","href":"https:\/\/api.w.org\/{rel}","templated":true}]}}