{"id":11874,"date":"2021-10-22T13:19:35","date_gmt":"2021-10-22T13:19:35","guid":{"rendered":"https:\/\/www.dokobit.com\/rekstur-kerfis\/dispute-resolution"},"modified":"2021-11-09T14:02:08","modified_gmt":"2021-11-09T14:02:08","slug":"urlausn-deilumala","status":"publish","type":"page","link":"https:\/\/www.dokobit.com\/is\/rekstur-kerfis\/urlausn-deilumala","title":{"rendered":"\u00darlausn deilum\u00e1la"},"content":{"rendered":"\n<h1 class=\"wp-block-heading\"><strong>\u00darlausn deilum\u00e1la<\/strong><\/h1>\n\n\n\n<p>Vi\u00f0 reynum a\u00f0 leysa \u00far \u00f6llum m\u00e1lum me\u00f0 vi\u00f0skiptavinum \u00e1 flj\u00f3tlegan og vinsamlegan h\u00e1tt \u00e1 forsemdum sem b\u00e1\u00f0ir a\u00f0ilar sam\u00feykkja. Vinsamlegast hafi\u00f0 samband me\u00f0 netfanginu <a href=\"mailto:hjalp@dokobit.com\">hjalp@dokobit.com<\/a> ef \u00fei\u00f0 vilji\u00f0 koma kv\u00f6rtunum \u00e1 framf\u00e6ri.<br><br>\u00cd tilfellum \u00fear sem ekki er unnt a\u00f0 leysa m\u00e1lin \u00ed sameiningu, hefur \u00fe\u00fa r\u00e9tt a\u00f0 \u00fev\u00ed a\u00f0 \u00f3ska eftir \u00farlausn fr\u00e1 \u00f3h\u00e1\u00f0um a\u00f0ila me\u00f0 \u00fev\u00ed a\u00f0 senda erindi\u00f0 \u00ed evr\u00f3pska Online Dispute Resolution (ODR) kerfi\u00f0. Kerfi\u00f0 er byggt \u00ed samr\u00e6mi vi\u00f0 <a href=\"https:\/\/eur-lex.europa.eu\/legal-content\/EN\/TXT\/?uri=celex%3A32013R0524\">EU Regluger\u00f0 nr. 524\/2013<\/a> til \u00feess a\u00f0 tryggja sanngj\u00f6rn og \u00f6rugg vi\u00f0skipti \u00e1 netinu me\u00f0 a\u00f0gengi a\u00f0 kerfi til a\u00f0 leysa \u00far \u00e1greiningi. <a href=\"https:\/\/ec.europa.eu\/consumers\/odr\">Kerfi\u00f0 er a\u00f0gengilegt h\u00e9r.<\/a><\/p>\n","protected":false},"excerpt":{"rendered":"<p>\u00darlausn deilum\u00e1la Vi\u00f0 reynum a\u00f0 leysa \u00far \u00f6llum m\u00e1lum me\u00f0 vi\u00f0skiptavinum \u00e1 flj\u00f3tlegan og vinsamlegan h\u00e1tt \u00e1 forsemdum sem b\u00e1\u00f0ir a\u00f0ilar sam\u00feykkja. Vinsamlegast hafi\u00f0 samband me\u00f0 netfanginu hjalp@dokobit.com ef \u00fei\u00f0 vilji\u00f0 koma kv\u00f6rtunum \u00e1 framf\u00e6ri. \u00cd tilfellum \u00fear sem ekki er unnt a\u00f0 leysa m\u00e1lin \u00ed sameiningu, hefur \u00fe\u00fa r\u00e9tt a\u00f0 \u00fev\u00ed a\u00f0 \u00f3ska eftir [&hellip;]<\/p>\n","protected":false},"author":2,"featured_media":0,"parent":5606,"menu_order":0,"comment_status":"closed","ping_status":"closed","template":"","meta":{"footnotes":""},"acf":[],"yoast_head":"<!-- This site is optimized with the Yoast SEO plugin v22.7 - https:\/\/yoast.com\/wordpress\/plugins\/seo\/ -->\n<title>\u00darlausn deilum\u00e1la Dokobit<\/title>\n<meta name=\"robots\" content=\"index, follow, max-snippet:-1, max-image-preview:large, max-video-preview:-1\" \/>\n<link rel=\"canonical\" href=\"https:\/\/www.dokobit.com\/is\/wp-json\/wp\/v2\/pages\/11874\" \/>\n<meta property=\"og:locale\" content=\"is_IS\" \/>\n<meta property=\"og:type\" content=\"article\" \/>\n<meta property=\"og:title\" content=\"\u00darlausn deilum\u00e1la Dokobit\" \/>\n<meta property=\"og:description\" content=\"\u00darlausn deilum\u00e1la Vi\u00f0 reynum a\u00f0 leysa \u00far \u00f6llum m\u00e1lum me\u00f0 vi\u00f0skiptavinum \u00e1 flj\u00f3tlegan og vinsamlegan h\u00e1tt \u00e1 forsemdum sem b\u00e1\u00f0ir a\u00f0ilar sam\u00feykkja. Vinsamlegast hafi\u00f0 samband me\u00f0 netfanginu hjalp@dokobit.com ef \u00fei\u00f0 vilji\u00f0 koma kv\u00f6rtunum \u00e1 framf\u00e6ri. \u00cd tilfellum \u00fear sem ekki er unnt a\u00f0 leysa m\u00e1lin \u00ed sameiningu, hefur \u00fe\u00fa r\u00e9tt a\u00f0 \u00fev\u00ed a\u00f0 \u00f3ska eftir [&hellip;]\" \/>\n<meta property=\"og:url\" content=\"https:\/\/www.dokobit.com\/is\/rekstur-kerfis\/urlausn-deilumala\" \/>\n<meta property=\"og:site_name\" content=\"Dokobit\" \/>\n<meta property=\"article:publisher\" content=\"https:\/\/www.facebook.com\/dokobit\" \/>\n<meta property=\"article:modified_time\" content=\"2021-11-09T14:02:08+00:00\" \/>\n<meta property=\"og:image\" content=\"https:\/\/www.dokobit.com\/wp-content\/uploads\/2024\/07\/2x-image-23.png\" \/>\n\t<meta property=\"og:image:width\" content=\"2403\" \/>\n\t<meta property=\"og:image:height\" content=\"1803\" \/>\n\t<meta property=\"og:image:type\" content=\"image\/png\" \/>\n<meta name=\"twitter:card\" content=\"summary_large_image\" \/>\n<meta name=\"twitter:label1\" content=\"Est. reading time\" \/>\n\t<meta name=\"twitter:data1\" content=\"1 minute\" \/>\n<script type=\"application\/ld+json\" class=\"yoast-schema-graph\">{\"@context\":\"https:\/\/schema.org\",\"@graph\":[{\"@type\":\"WebPage\",\"@id\":\"https:\/\/www.dokobit.com\/is\/rekstur-kerfis\/urlausn-deilumala\",\"url\":\"https:\/\/www.dokobit.com\/is\/rekstur-kerfis\/urlausn-deilumala\",\"name\":\"\u00darlausn deilum\u00e1la Dokobit\",\"isPartOf\":{\"@id\":\"https:\/\/www.dokobit.com\/is#website\"},\"datePublished\":\"2021-10-22T13:19:35+00:00\",\"dateModified\":\"2021-11-09T14:02:08+00:00\",\"breadcrumb\":{\"@id\":\"https:\/\/www.dokobit.com\/is\/rekstur-kerfis\/urlausn-deilumala#breadcrumb\"},\"inLanguage\":\"is\",\"potentialAction\":[{\"@type\":\"ReadAction\",\"target\":[\"https:\/\/www.dokobit.com\/is\/rekstur-kerfis\/urlausn-deilumala\"]}]},{\"@type\":\"BreadcrumbList\",\"@id\":\"https:\/\/www.dokobit.com\/is\/rekstur-kerfis\/urlausn-deilumala#breadcrumb\",\"itemListElement\":[{\"@type\":\"ListItem\",\"position\":1,\"name\":\"Home\",\"item\":\"https:\/\/www.dokobit.com\/is\"},{\"@type\":\"ListItem\",\"position\":2,\"name\":\"Rekstrarumhverfi\",\"item\":\"https:\/\/www.dokobit.com\/is\/rekstur-kerfis\"},{\"@type\":\"ListItem\",\"position\":3,\"name\":\"\u00darlausn deilum\u00e1la\"}]},{\"@type\":\"WebSite\",\"@id\":\"https:\/\/www.dokobit.com\/is#website\",\"url\":\"https:\/\/www.dokobit.com\/is\",\"name\":\"Dokobit\",\"description\":\"Electronic document signing as an everyday service\",\"potentialAction\":[{\"@type\":\"SearchAction\",\"target\":{\"@type\":\"EntryPoint\",\"urlTemplate\":\"https:\/\/www.dokobit.com\/is?s={search_term_string}\"},\"query-input\":\"required name=search_term_string\"}],\"inLanguage\":\"is\"}]}<\/script>\n<!-- \/ Yoast SEO plugin. -->","yoast_head_json":{"title":"\u00darlausn deilum\u00e1la Dokobit","robots":{"index":"index","follow":"follow","max-snippet":"max-snippet:-1","max-image-preview":"max-image-preview:large","max-video-preview":"max-video-preview:-1"},"canonical":"https:\/\/www.dokobit.com\/is\/wp-json\/wp\/v2\/pages\/11874","og_locale":"is_IS","og_type":"article","og_title":"\u00darlausn deilum\u00e1la Dokobit","og_description":"\u00darlausn deilum\u00e1la Vi\u00f0 reynum a\u00f0 leysa \u00far \u00f6llum m\u00e1lum me\u00f0 vi\u00f0skiptavinum \u00e1 flj\u00f3tlegan og vinsamlegan h\u00e1tt \u00e1 forsemdum sem b\u00e1\u00f0ir a\u00f0ilar sam\u00feykkja. Vinsamlegast hafi\u00f0 samband me\u00f0 netfanginu hjalp@dokobit.com ef \u00fei\u00f0 vilji\u00f0 koma kv\u00f6rtunum \u00e1 framf\u00e6ri. \u00cd tilfellum \u00fear sem ekki er unnt a\u00f0 leysa m\u00e1lin \u00ed sameiningu, hefur \u00fe\u00fa r\u00e9tt a\u00f0 \u00fev\u00ed a\u00f0 \u00f3ska eftir [&hellip;]","og_url":"https:\/\/www.dokobit.com\/is\/rekstur-kerfis\/urlausn-deilumala","og_site_name":"Dokobit","article_publisher":"https:\/\/www.facebook.com\/dokobit","article_modified_time":"2021-11-09T14:02:08+00:00","og_image":[{"width":2403,"height":1803,"url":"https:\/\/www.dokobit.com\/wp-content\/uploads\/2024\/07\/2x-image-23.png","type":"image\/png"}],"twitter_card":"summary_large_image","twitter_misc":{"Est. reading time":"1 minute"},"schema":{"@context":"https:\/\/schema.org","@graph":[{"@type":"WebPage","@id":"https:\/\/www.dokobit.com\/is\/rekstur-kerfis\/urlausn-deilumala","url":"https:\/\/www.dokobit.com\/is\/rekstur-kerfis\/urlausn-deilumala","name":"\u00darlausn deilum\u00e1la Dokobit","isPartOf":{"@id":"https:\/\/www.dokobit.com\/is#website"},"datePublished":"2021-10-22T13:19:35+00:00","dateModified":"2021-11-09T14:02:08+00:00","breadcrumb":{"@id":"https:\/\/www.dokobit.com\/is\/rekstur-kerfis\/urlausn-deilumala#breadcrumb"},"inLanguage":"is","potentialAction":[{"@type":"ReadAction","target":["https:\/\/www.dokobit.com\/is\/rekstur-kerfis\/urlausn-deilumala"]}]},{"@type":"BreadcrumbList","@id":"https:\/\/www.dokobit.com\/is\/rekstur-kerfis\/urlausn-deilumala#breadcrumb","itemListElement":[{"@type":"ListItem","position":1,"name":"Home","item":"https:\/\/www.dokobit.com\/is"},{"@type":"ListItem","position":2,"name":"Rekstrarumhverfi","item":"https:\/\/www.dokobit.com\/is\/rekstur-kerfis"},{"@type":"ListItem","position":3,"name":"\u00darlausn deilum\u00e1la"}]},{"@type":"WebSite","@id":"https:\/\/www.dokobit.com\/is#website","url":"https:\/\/www.dokobit.com\/is","name":"Dokobit","description":"Electronic document signing as an everyday service","potentialAction":[{"@type":"SearchAction","target":{"@type":"EntryPoint","urlTemplate":"https:\/\/www.dokobit.com\/is?s={search_term_string}"},"query-input":"required name=search_term_string"}],"inLanguage":"is"}]}},"_links":{"self":[{"href":"https:\/\/www.dokobit.com\/is\/wp-json\/wp\/v2\/pages\/11874"}],"collection":[{"href":"https:\/\/www.dokobit.com\/is\/wp-json\/wp\/v2\/pages"}],"about":[{"href":"https:\/\/www.dokobit.com\/is\/wp-json\/wp\/v2\/types\/page"}],"author":[{"embeddable":true,"href":"https:\/\/www.dokobit.com\/is\/wp-json\/wp\/v2\/users\/2"}],"replies":[{"embeddable":true,"href":"https:\/\/www.dokobit.com\/is\/wp-json\/wp\/v2\/comments?post=11874"}],"version-history":[{"count":5,"href":"https:\/\/www.dokobit.com\/is\/wp-json\/wp\/v2\/pages\/11874\/revisions"}],"predecessor-version":[{"id":11911,"href":"https:\/\/www.dokobit.com\/is\/wp-json\/wp\/v2\/pages\/11874\/revisions\/11911"}],"up":[{"embeddable":true,"href":"https:\/\/www.dokobit.com\/is\/wp-json\/wp\/v2\/pages\/5606"}],"wp:attachment":[{"href":"https:\/\/www.dokobit.com\/is\/wp-json\/wp\/v2\/media?parent=11874"}],"curies":[{"name":"wp","href":"https:\/\/api.w.org\/{rel}","templated":true}]}}