{"id":5160,"date":"2020-11-24T13:50:11","date_gmt":"2020-11-24T13:50:11","guid":{"rendered":"https:\/\/www.dokobit.com\/mobile\/acceptable-use-policy"},"modified":"2023-06-20T10:21:50","modified_gmt":"2023-06-20T10:21:50","slug":"kasutuspohimotted","status":"publish","type":"page","link":"https:\/\/www.dokobit.com\/et\/mobile\/kasutuspohimotted","title":{"rendered":"Kasutusp\u00f5him\u00f5tted"},"content":{"rendered":"\n<h1 class=\"wp-block-heading\"><strong>Kasutusp\u00f5him\u00f5tted<\/strong><\/h1>\n\n\n\n<div class=\"alert alert-borderless alert-info mb-32\">\n  <div class=\"alert-icon\">\n    <svg width=\"20\" height=\"20\" viewBox=\"0 0 20 20\" fill=\"none\" xmlns=\"http:\/\/www.w3.org\/2000\/svg\">\n      <path d=\"M10 0C4.48 0 0 4.48 0 10C0 15.52 4.48 20 10 20C15.52 20 20 15.52 20 10C20 4.48 15.52 0 10 0ZM11 15H9V13H11V15ZM11 11H9V5H11V11Z\"><\/path>\n    <\/svg>\n  <\/div>\n  <div class=\"alert-content\">\n    <div class=\"alert__text\">\n      <p>K\u00e4esolevad kasutusp\u00f5him\u00f5tted kehtivad alates ning uuendati viimati:<\/p>\n      <ul class=\"mb-0\">\n        <li>Dokobit portaali kasutajatele kuup\u00e4eval 28.05.2023,<\/li>\n        <li>Dokobit API lahenduste kasutajatele kuup\u00e4eval 18.06.2023.<\/li>\n      <\/ul>\n    <\/div>\n  <\/div>\n<\/div>\n\n\n\n<p>Teenuste kasutamisele kohalduvad kasutusp\u00f5him\u00f5tted. N\u00f5ustute teenuseid mitte kuritarvitama ega aitama kellelgi teisel seda teha siintoodud viisil ning m\u00f5istate vastutust, mis tuleneb kasutusp\u00f5him\u00f5tete rikkumisest. Palun v\u00f5tke teatavaks, et j\u00e4rgmistel m\u00f5istetel on neile teenuse osutamise tingimustes antud t\u00e4hendus.<\/p>\n\n\n\n<p>Teenuste v\u00e4\u00e4rkasutamine v\u00f5ib olla:<\/p>\n\n\n\n<h2 class=\"wp-block-heading\"><strong>1. Teenusekatkestus<\/strong><\/h2>\n\n\n\n<p>1.1. Meie teenuste ja\/v\u00f5i meie teenuste s\u00fcsteemide, sealhulgas meie allt\u00f6\u00f6tlejate teenuste ja meie teenuste osutamisega seotud s\u00fcsteemide terviklikkuse, konfidentsiaalsuse ja\/v\u00f5i k\u00e4ttesaadavuse ohustamine. See h\u00f5lmab mis tahes meie teenuseid majutava s\u00fcsteemi sondeerimist, skaneerimist v\u00f5i haavatavuse testimist.<\/p>\n\n\n\n<p>1.2. Meie tarkvara rikkumine, p\u00f6\u00f6rdprojekteerimine, mis tahes turva- v\u00f5i autentimismeetmetest k\u00f5rvale hoidmine v\u00f5i katse saada loata juurdep\u00e4\u00e4s Teenustele, seotud s\u00fcsteemidele, v\u00f5rkudele v\u00f5i andmetele.<\/p>\n\n\n\n<p>1.3. Meie taristu \u00fclekoormamine v\u00f5i katse seda \u00fcle koormata, pannes meie s\u00fcsteemidele ebam\u00f5istlikult mahuka koormuse.<\/p>\n\n\n\n<p>1.4. Mis tahes teenuseid k\u00e4itavatest serveritest sisse v\u00f5i v\u00e4lja tulevate edastuste de\u0161ifreerimine.<\/p>\n\n\n\n<h2 class=\"wp-block-heading\"><strong>2. Teenuse kuritarvitamine<\/strong><\/h2>\n\n\n\n<p>2.1. Muudetud, eksitava v\u00f5i vale identifitseeritava allikaga informatsiooni saatmine, sealhulgas teesklus (<em>spoofing<\/em>) v\u00f5i \u00f5ngitsemine (<em>phishing<\/em>).<\/p>\n\n\n\n<p>2.2. Meie v\u00f5i meie partnerite, tootjate v\u00f5i sidusettev\u00f5tjate halvustamine.<\/p>\n\n\n\n<p>2.3. Muude kui teie enda toodete v\u00f5i teenuste reklaamimine ilma vastava loata.<\/p>\n\n\n\n<p>2.4. Teenuste kasutamine teiste isikute eraelu puutumatuse rikkumiseks, sealhulgas teiste isikute isikuandmete ja Konfidentsiaalse Informatsiooni avaldamine v\u00f5i postitamine ilma nende selges\u00f5nalise n\u00f5usolekuta v\u00f5i teiste isikute isikuandmete kogumine.<\/p>\n\n\n\n<p>2.5. Autentimise ja\/v\u00f5i allkirja taotluse saatmine mitmele suvalisele saajale, kes taotlust ei oota ning kes ei ole seda saatva poolega vastavalt koordineerinud.<\/p>\n\n\n\n<p>2.6. Teenuseid v\u00f5ib kasutada ainult nende kliendiandmete s\u00e4ilitamiseks, mille kasutaja on saanud v\u00f5i loonud seaduslikult. Teenuseid ei v\u00f5i kasutada otseselt ega kaudselt \u00fchelgi ebaseaduslikul eesm\u00e4rgil.<\/p>\n\n\n\n<p>2.7. Teenuseid ei v\u00f5i kasutada selleks, et pakkuda oma elektroonilise identiteedi turvalahendust, mille aluseks on kasutaja autentimine v\u00f5i allkirjastamistoiming, mida tehakse Dokobit API teenuste abil. N\u00e4iteks, klient logib sisse m\u00f5ne meie toetatud eID abil ning sama sessiooni k\u00e4igus palute kliendil registreerida kasutaja, kasutades ise valitud salas\u00f5na, mida klient seej\u00e4rel kasutab edasistel autentimistel.<\/p>\n\n\n\n<p>2.8. Osutatud Dokobiti API teenuseid v\u00f5ib kasutada ainult kasutaja s\u00fcsteemides p\u00e4rast seda, kui Dokobit on teinud eduka integratsiooni \u00fclevaatuse. Antud API juurdep\u00e4\u00e4su ei tohi taaskasutada otseselt ega kaudselt mis tahes kolmanda isiku s\u00fcsteemides, mis ei sisaldunud esialgses integratsiooni&nbsp;&nbsp;\u00fclevaatuses. Kui teenuseid kasutatakse kolmandate isikute s\u00fcsteemides, esitatakse uus leping uue juurdep\u00e4\u00e4suga iga kasutuse kohta.<\/p>\n\n\n\n<p>2.9. Suutmatus tagada ENISA soovitatud turvataset meie integreerivates s\u00fcsteemides (ENISA soovitused algoritmide, v\u00f5tme suuruste ja parameetrite kohta).<\/p>\n\n\n\n<p>2.10. Mis tahes teenuste osa kasutamine v\u00f5i otsimine muul viisil kui meie avalikult toetatavate liideste kaudu (n\u00e4iteks koorimine (<em>scraping<\/em>)).<\/p>\n\n\n\n<h2 class=\"wp-block-heading\"><strong>3. Ebasobiv sisu<\/strong><\/h2>\n\n\n\n<p>3.1. Sellise sisu postitamine, \u00fcles laadimine, jagamine, esitamine v\u00f5i muul viisil andmine, mis:<\/p>\n\n\n\n<p>3.1.1. rikub teenuseosutaja v\u00f5i kolmanda isiku intellektuaalomandi v\u00f5i muid \u00f5iguseid, sealhulgas mis tahes autori\u00f5igus, kaubam\u00e4rk, patent, \u00e4risaladus, isiklikud \u00f5igused, eraelu puutumatuse \u00f5igused seoses avalikustamisega v\u00f5i mis tahes muu Intellektuaalomandi \u00f5igus v\u00f5i materiaalne v\u00f5i lepinguline \u00f5igus;<\/p>\n\n\n\n<p>3.1.2. on pornograafiline, sisaldab \u00e4\u00e4rmuslikku v\u00e4givalda v\u00f5i terroristlikku tegevust, sealhulgas terrorismi propagandat, v\u00f5i on muul viisil ebaseaduslik;<\/p>\n\n\n\n<p>3.1.3. toetab kitsarinnalisust v\u00f5i vihkamist mis tahes isiku v\u00f5i isikute r\u00fchma vastu nende rassi, religiooni, rahvusliku kuuluvuse, soo, soolise identiteedi, seksuaalse s\u00e4ttumuse, puude v\u00f5i h\u00e4ire t\u00f5ttu;<\/p>\n\n\n\n<p>3.1.4. julgustab ebaseaduslikku v\u00f5i s\u00fc\u00fclist tegevust;<\/p>\n\n\n\n<p>3.1.5. sisaldab viiruseid, botte, usse, skriptimise eksploiti v\u00f5i muid sarnaseid materjale;<\/p>\n\n\n\n<p>3.1.6. ei ole sisu, mille esitamiseks teil on \u00f5igus;<\/p>\n\n\n\n<p>3.1.7. v\u00f5ib muul viisil tekitada kahju teenuseosutajale v\u00f5i mis tahes kolmandale isikule.<\/p>\n\n\n\n<h2 class=\"wp-block-heading\"><strong>4. Kasutusp\u00f5him\u00f5tete rikkumine<\/strong><\/h2>\n\n\n\n<p>4.1. Rikkumine teie, teie ettev\u00f5tte v\u00f5i mis tahes muu isiku, kellel on \u00f5igus teenuste juurdep\u00e4\u00e4suks ja kasutamiseks, poolt v\u00f5ib kaasa tuua teenustele juurdep\u00e4\u00e4su blokeerimise v\u00f5i teenuste osalise v\u00f5i t\u00e4ieliku peatamise v\u00f5i muu m\u00f5istliku tegevuse, mis on vajalik rikkumisega tegelemiseks, meie \u00e4ran\u00e4gemise kohaselt.<\/p>\n\n\n\n<p>4.2. J\u00e4tame endale \u00f5iguse tegutseda ilma teavituseta, kui see on vajalik stabiilse, turvalise ja katkestusteta teenuse toimimise s\u00e4ilitamiseks meie \u00e4ran\u00e4gemise kohaselt.<\/p>\n\n\n\n<p>4.3. V\u00f5ime kaasata \u00f5iguskaitseorganid ja valitsusametid ja nendega koost\u00f6\u00f6d teha kuritegevuse kahtluse korral. Rikkujatele v\u00f5ib kehtiva \u00f5iguse kohaselt kohalduda ka tsiviil- v\u00f5i kriminaalvastutus.<\/p>\n\n\n\n<p>4.4. Kasutusp\u00f5him\u00f5tete rikkumise korral ei ole kliendil \u00f5igust saada mis tahes h\u00fcvitist.<\/p>\n","protected":false},"excerpt":{"rendered":"<p>Kasutusp\u00f5him\u00f5tted K\u00e4esolevad kasutusp\u00f5him\u00f5tted kehtivad alates ning uuendati viimati: Dokobit portaali kasutajatele kuup\u00e4eval 28.05.2023, Dokobit API lahenduste kasutajatele kuup\u00e4eval 18.06.2023. Teenuste kasutamisele kohalduvad kasutusp\u00f5him\u00f5tted. N\u00f5ustute teenuseid mitte kuritarvitama ega aitama kellelgi teisel seda teha siintoodud viisil ning m\u00f5istate vastutust, mis tuleneb kasutusp\u00f5him\u00f5tete rikkumisest. Palun v\u00f5tke teatavaks, et j\u00e4rgmistel m\u00f5istetel on neile teenuse osutamise tingimustes antud t\u00e4hendus. [&hellip;]<\/p>\n","protected":false},"author":2,"featured_media":0,"parent":5158,"menu_order":0,"comment_status":"closed","ping_status":"closed","template":"templates\/default-mobile-app.php","meta":{"footnotes":""},"acf":[],"yoast_head":"<!-- This site is optimized with the Yoast SEO plugin v22.7 - https:\/\/yoast.com\/wordpress\/plugins\/seo\/ -->\n<title>Kasutusp\u00f5him\u00f5tted Dokobit<\/title>\n<meta name=\"robots\" content=\"index, follow, max-snippet:-1, max-image-preview:large, max-video-preview:-1\" \/>\n<link rel=\"canonical\" href=\"https:\/\/www.dokobit.com\/et\/wp-json\/wp\/v2\/pages\/5160\" \/>\n<meta property=\"og:locale\" content=\"et_EE\" \/>\n<meta property=\"og:type\" content=\"article\" \/>\n<meta property=\"og:title\" content=\"Kasutusp\u00f5him\u00f5tted Dokobit\" \/>\n<meta property=\"og:description\" content=\"Kasutusp\u00f5him\u00f5tted K\u00e4esolevad kasutusp\u00f5him\u00f5tted kehtivad alates ning uuendati viimati: Dokobit portaali kasutajatele kuup\u00e4eval 28.05.2023, Dokobit API lahenduste kasutajatele kuup\u00e4eval 18.06.2023. Teenuste kasutamisele kohalduvad kasutusp\u00f5him\u00f5tted. N\u00f5ustute teenuseid mitte kuritarvitama ega aitama kellelgi teisel seda teha siintoodud viisil ning m\u00f5istate vastutust, mis tuleneb kasutusp\u00f5him\u00f5tete rikkumisest. Palun v\u00f5tke teatavaks, et j\u00e4rgmistel m\u00f5istetel on neile teenuse osutamise tingimustes antud t\u00e4hendus. [&hellip;]\" \/>\n<meta property=\"og:url\" content=\"https:\/\/www.dokobit.com\/et\/mobile\/kasutuspohimotted\" \/>\n<meta property=\"og:site_name\" content=\"Dokobit\" \/>\n<meta property=\"article:publisher\" content=\"https:\/\/www.facebook.com\/dokobit\" \/>\n<meta property=\"article:modified_time\" content=\"2023-06-20T10:21:50+00:00\" \/>\n<meta property=\"og:image\" content=\"https:\/\/www.dokobit.com\/wp-content\/uploads\/2024\/07\/2x-image-23.png\" \/>\n\t<meta property=\"og:image:width\" content=\"2403\" \/>\n\t<meta property=\"og:image:height\" content=\"1803\" \/>\n\t<meta property=\"og:image:type\" content=\"image\/png\" \/>\n<meta name=\"twitter:card\" content=\"summary_large_image\" \/>\n<meta name=\"twitter:label1\" content=\"Est. reading time\" \/>\n\t<meta name=\"twitter:data1\" content=\"3 minutit\" \/>\n<script type=\"application\/ld+json\" class=\"yoast-schema-graph\">{\"@context\":\"https:\/\/schema.org\",\"@graph\":[{\"@type\":\"WebPage\",\"@id\":\"https:\/\/www.dokobit.com\/et\/mobile\/kasutuspohimotted\",\"url\":\"https:\/\/www.dokobit.com\/et\/mobile\/kasutuspohimotted\",\"name\":\"Kasutusp\u00f5him\u00f5tted Dokobit\",\"isPartOf\":{\"@id\":\"https:\/\/www.dokobit.com\/et#website\"},\"datePublished\":\"2020-11-24T13:50:11+00:00\",\"dateModified\":\"2023-06-20T10:21:50+00:00\",\"breadcrumb\":{\"@id\":\"https:\/\/www.dokobit.com\/et\/mobile\/kasutuspohimotted#breadcrumb\"},\"inLanguage\":\"et\",\"potentialAction\":[{\"@type\":\"ReadAction\",\"target\":[\"https:\/\/www.dokobit.com\/et\/mobile\/kasutuspohimotted\"]}]},{\"@type\":\"BreadcrumbList\",\"@id\":\"https:\/\/www.dokobit.com\/et\/mobile\/kasutuspohimotted#breadcrumb\",\"itemListElement\":[{\"@type\":\"ListItem\",\"position\":1,\"name\":\"Home\",\"item\":\"https:\/\/www.dokobit.com\/et\"},{\"@type\":\"ListItem\",\"position\":2,\"name\":\"Privaatpostitus: Terms and conditions pages for mobile app\",\"item\":\"https:\/\/www.dokobit.com\/et?page_id=5158\"},{\"@type\":\"ListItem\",\"position\":3,\"name\":\"Kasutusp\u00f5him\u00f5tted\"}]},{\"@type\":\"WebSite\",\"@id\":\"https:\/\/www.dokobit.com\/et#website\",\"url\":\"https:\/\/www.dokobit.com\/et\",\"name\":\"Dokobit\",\"description\":\"Electronic document signing as an everyday service\",\"potentialAction\":[{\"@type\":\"SearchAction\",\"target\":{\"@type\":\"EntryPoint\",\"urlTemplate\":\"https:\/\/www.dokobit.com\/et?s={search_term_string}\"},\"query-input\":\"required name=search_term_string\"}],\"inLanguage\":\"et\"}]}<\/script>\n<!-- \/ Yoast SEO plugin. -->","yoast_head_json":{"title":"Kasutusp\u00f5him\u00f5tted Dokobit","robots":{"index":"index","follow":"follow","max-snippet":"max-snippet:-1","max-image-preview":"max-image-preview:large","max-video-preview":"max-video-preview:-1"},"canonical":"https:\/\/www.dokobit.com\/et\/wp-json\/wp\/v2\/pages\/5160","og_locale":"et_EE","og_type":"article","og_title":"Kasutusp\u00f5him\u00f5tted Dokobit","og_description":"Kasutusp\u00f5him\u00f5tted K\u00e4esolevad kasutusp\u00f5him\u00f5tted kehtivad alates ning uuendati viimati: Dokobit portaali kasutajatele kuup\u00e4eval 28.05.2023, Dokobit API lahenduste kasutajatele kuup\u00e4eval 18.06.2023. Teenuste kasutamisele kohalduvad kasutusp\u00f5him\u00f5tted. N\u00f5ustute teenuseid mitte kuritarvitama ega aitama kellelgi teisel seda teha siintoodud viisil ning m\u00f5istate vastutust, mis tuleneb kasutusp\u00f5him\u00f5tete rikkumisest. Palun v\u00f5tke teatavaks, et j\u00e4rgmistel m\u00f5istetel on neile teenuse osutamise tingimustes antud t\u00e4hendus. [&hellip;]","og_url":"https:\/\/www.dokobit.com\/et\/mobile\/kasutuspohimotted","og_site_name":"Dokobit","article_publisher":"https:\/\/www.facebook.com\/dokobit","article_modified_time":"2023-06-20T10:21:50+00:00","og_image":[{"width":2403,"height":1803,"url":"https:\/\/www.dokobit.com\/wp-content\/uploads\/2024\/07\/2x-image-23.png","type":"image\/png"}],"twitter_card":"summary_large_image","twitter_misc":{"Est. reading time":"3 minutit"},"schema":{"@context":"https:\/\/schema.org","@graph":[{"@type":"WebPage","@id":"https:\/\/www.dokobit.com\/et\/mobile\/kasutuspohimotted","url":"https:\/\/www.dokobit.com\/et\/mobile\/kasutuspohimotted","name":"Kasutusp\u00f5him\u00f5tted Dokobit","isPartOf":{"@id":"https:\/\/www.dokobit.com\/et#website"},"datePublished":"2020-11-24T13:50:11+00:00","dateModified":"2023-06-20T10:21:50+00:00","breadcrumb":{"@id":"https:\/\/www.dokobit.com\/et\/mobile\/kasutuspohimotted#breadcrumb"},"inLanguage":"et","potentialAction":[{"@type":"ReadAction","target":["https:\/\/www.dokobit.com\/et\/mobile\/kasutuspohimotted"]}]},{"@type":"BreadcrumbList","@id":"https:\/\/www.dokobit.com\/et\/mobile\/kasutuspohimotted#breadcrumb","itemListElement":[{"@type":"ListItem","position":1,"name":"Home","item":"https:\/\/www.dokobit.com\/et"},{"@type":"ListItem","position":2,"name":"Privaatpostitus: Terms and conditions pages for mobile app","item":"https:\/\/www.dokobit.com\/et?page_id=5158"},{"@type":"ListItem","position":3,"name":"Kasutusp\u00f5him\u00f5tted"}]},{"@type":"WebSite","@id":"https:\/\/www.dokobit.com\/et#website","url":"https:\/\/www.dokobit.com\/et","name":"Dokobit","description":"Electronic document signing as an everyday service","potentialAction":[{"@type":"SearchAction","target":{"@type":"EntryPoint","urlTemplate":"https:\/\/www.dokobit.com\/et?s={search_term_string}"},"query-input":"required name=search_term_string"}],"inLanguage":"et"}]}},"_links":{"self":[{"href":"https:\/\/www.dokobit.com\/et\/wp-json\/wp\/v2\/pages\/5160"}],"collection":[{"href":"https:\/\/www.dokobit.com\/et\/wp-json\/wp\/v2\/pages"}],"about":[{"href":"https:\/\/www.dokobit.com\/et\/wp-json\/wp\/v2\/types\/page"}],"author":[{"embeddable":true,"href":"https:\/\/www.dokobit.com\/et\/wp-json\/wp\/v2\/users\/2"}],"replies":[{"embeddable":true,"href":"https:\/\/www.dokobit.com\/et\/wp-json\/wp\/v2\/comments?post=5160"}],"version-history":[{"count":7,"href":"https:\/\/www.dokobit.com\/et\/wp-json\/wp\/v2\/pages\/5160\/revisions"}],"predecessor-version":[{"id":25589,"href":"https:\/\/www.dokobit.com\/et\/wp-json\/wp\/v2\/pages\/5160\/revisions\/25589"}],"up":[{"embeddable":true,"href":"https:\/\/www.dokobit.com\/et\/wp-json\/wp\/v2\/pages\/5158"}],"wp:attachment":[{"href":"https:\/\/www.dokobit.com\/et\/wp-json\/wp\/v2\/media?parent=5160"}],"curies":[{"name":"wp","href":"https:\/\/api.w.org\/{rel}","templated":true}]}}