{"id":5119,"date":"2020-10-08T10:19:39","date_gmt":"2020-10-08T10:19:39","guid":{"rendered":"https:\/\/www.dokobit.com\/uhilduvus\/list-of-subprocessors"},"modified":"2026-03-31T10:19:41","modified_gmt":"2026-03-31T08:19:41","slug":"list-of-subprocessors","status":"publish","type":"page","link":"https:\/\/www.dokobit.com\/et\/uhilduvus\/list-of-subprocessors","title":{"rendered":"List of Sub-Processors"},"content":{"rendered":"\n<h1 class=\"wp-block-heading\">List of Sub-Processors and Critical Vendors<\/h1>\n\n\n\n<p>The Service Provider engages the following sub-processors and mission-critical vendors to provide infrastructure and services that support the delivery of its Services.<br><\/p>\n\n\n\n<figure class=\"wp-block-table\"><table><tbody><tr><td>Legal Entity<\/td><td>Purpose of engagement<\/td><td>Location (business address)<\/td><td>Website<\/td><td>Critical vendor<\/td><\/tr><tr><td>Amazon Web Services EMEA SARL<\/td><td>Amazon Web Services (AWS) provides the cloud computing infrastructure essential for delivering the Services.<\/td><td>Luxembourg<\/td><td><a href=\"https:\/\/aws.amazon.com\/\">https:\/\/aws.amazon.com<\/a><\/td><td>Yes<\/td><\/tr><tr><td>Signicat AS<\/td><td>Signicat AS is a Qualified Trust Service Provider for the time-stamping service and an eID broker supporting Dokobit services. As Dokobit\u2019s parent company, Signicat AS provides strategic and operational support, ensuring alignment across the Signicat Group.<\/td><td>Norway<\/td><td><a href=\"https:\/\/www.signicat.com\/\">https:\/\/www.signicat.com<\/a><\/td><td>Yes<\/td><\/tr><tr><td>SK ID Solutions, AS<\/td><td>SK ID Solutions is a Qualified Trust Service Provider and develops and operates Smart-ID eID solution and Mobile-ID infrastructure used by mobile network operators in Lithuania and Estonia.<\/td><td>Estonia<\/td><td><a href=\"https:\/\/www.sk.ee\/\">https:\/\/www.sk.ee<\/a><\/td><td>No<\/td><\/tr><tr><td>Au\u00f0kenni, ehf<\/td><td>Au\u00f0kenni is a Qualified Trust Service Provider and operates Mobile-ID infrastructure in Iceland.<\/td><td>Iceland<\/td><td><a href=\"https:\/\/www.audkenni.is\/\">https:\/\/www.audkenni.is<\/a><\/td><td>No<\/td><\/tr><tr><td>SJSC Latvijas Valsts radio un telev\u012bzijas centrs<\/td><td>LVRTC is a Qualified Trust Service Provider and operates eParaksts mobile in Latvia.<\/td><td>Latvia<\/td><td><a href=\"https:\/\/www.eparaksts.lv\/en\/\">https:\/\/www.eparaksts.lv<\/a><\/td><td>No<\/td><\/tr><tr><td>BankID BankAxept AS<\/td><td>BankID BankAxept AS is a Trust Service Provider and operates BankID in Norway.<\/td><td>Norway<\/td><td><a href=\"https:\/\/www.bankid.no\/en\/company\">https:\/\/www.bankid.no\/en\/company<\/a><\/td><td>No<\/td><\/tr><tr><td>Belgian Mobile ID NV<\/td><td>Belgian Mobile ID NV is a Trust Service Provider and operates itsme\u00ae in Belgium.<\/td><td>Belgium<\/td><td><a href=\"https:\/\/www.itsme.be\/en\/\" target=\"_blank\" rel=\"noreferrer noopener\">https:\/\/www.itsme.be\/en\/<\/a><\/td><td>No<\/td><\/tr><tr><td>Signicat SLU<\/td><td>Signicat SLU is the Spanish legal entity in the Signicat group (formerly known as Electronic Identification) and is a Qualified Trust Service Provider that provides remote user identification.<\/td><td>Spain<\/td><td><a href=\"https:\/\/www.signicat.com\/products\/identity-proofing\/id-document-and-biometric-verification\" target=\"_blank\" rel=\"noreferrer noopener\">https:\/\/www.signicat.com\/products\/identity-proofing\/id-document-and-biometric-verification<\/a><\/td><td>No<\/td><\/tr><tr><td>Registr\u0173 centras<\/td><td>State enterprise Registr\u0173 centras is a Qualified Trust Service Provider and operates LT ID in Lithuania.<\/td><td>Lithuania<\/td><td><a href=\"https:\/\/ltid.lt\">https:\/\/trustservices.swisscom.com<br>\/en\/<\/a><\/td><td>No<\/td><\/tr><tr><td>GCP<\/td><td>Google Cloud Platform Europe.<\/td><td>Ireland<\/td><td><a href=\"https:\/\/cloud.google.com\/\" target=\"_blank\" rel=\"noreferrer noopener\">https:\/\/cloud.google.com\/<\/a><\/td><td>Yes<\/td><\/tr><tr><td>Signicat AB<\/td><td>Signicat AB is the Swedish legal entity within the Signicat Group. It is supporting Signicat\u2019s global operations and clients.<\/td><td>Sweden<\/td><td><a href=\"https:\/\/www.signicat.com\/\" target=\"_blank\" rel=\"noreferrer noopener\">https:\/\/www.signicat.com<\/a><\/td><td>Yes<\/td><\/tr><tr><td>Connected Information Systems B.V.<\/td><td>Connected Information Systems B.V. is the Dutch legal entity (formerly known as Connectis). It operates as Signicat\u2019s subsidiary in the Netherlands, delivering digital identity services and supporting Signicat\u2019s global operations and clients.<\/td><td>Netherlands<\/td><td><a href=\"https:\/\/www.signicat.com\/\" target=\"_blank\" rel=\"noreferrer noopener\">https:\/\/www.signicat.com<\/a><\/td><td>Yes<\/td><\/tr><\/tbody><\/table><\/figure>\n","protected":false},"excerpt":{"rendered":"<p>List of Sub-Processors and Critical Vendors The Service Provider engages the following sub-processors and mission-critical vendors to provide infrastructure and services that support the delivery of its Services. Legal Entity Purpose of engagement Location (business address) Website Critical vendor Amazon Web Services EMEA SARL Amazon Web Services (AWS) provides the cloud computing infrastructure essential for [&hellip;]<\/p>\n","protected":false},"author":2,"featured_media":0,"parent":5098,"menu_order":0,"comment_status":"closed","ping_status":"closed","template":"","meta":{"footnotes":""},"acf":[],"yoast_head":"<!-- This site is optimized with the Yoast SEO plugin v22.7 - https:\/\/yoast.com\/wordpress\/plugins\/seo\/ -->\n<title>E-allkirjastamise teenuste allt\u00f6\u00f6v\u00f5tjate nimekiri | Dokobit<\/title>\n<meta name=\"description\" content=\"Dokobit works with trusted sub-processors to deliver secure and compliant e-signing services. Updated regularly for full transparency.\" \/>\n<meta name=\"robots\" content=\"index, follow, max-snippet:-1, max-image-preview:large, max-video-preview:-1\" \/>\n<link rel=\"canonical\" href=\"https:\/\/www.dokobit.com\/et\/wp-json\/wp\/v2\/pages\/5119\" \/>\n<meta property=\"og:locale\" content=\"et_EE\" \/>\n<meta property=\"og:type\" content=\"article\" \/>\n<meta property=\"og:title\" content=\"E-allkirjastamise teenuste allt\u00f6\u00f6v\u00f5tjate nimekiri | Dokobit\" \/>\n<meta property=\"og:description\" content=\"Dokobit works with trusted sub-processors to deliver secure and compliant e-signing services. Updated regularly for full transparency.\" \/>\n<meta property=\"og:url\" content=\"https:\/\/www.dokobit.com\/et\/uhilduvus\/list-of-subprocessors\" \/>\n<meta property=\"og:site_name\" content=\"Dokobit\" \/>\n<meta property=\"article:publisher\" content=\"https:\/\/www.facebook.com\/dokobit\" \/>\n<meta property=\"article:modified_time\" content=\"2026-03-31T08:19:41+00:00\" \/>\n<meta property=\"og:image\" content=\"https:\/\/www.dokobit.com\/wp-content\/uploads\/2024\/07\/2x-image-23.png\" \/>\n\t<meta property=\"og:image:width\" content=\"2403\" \/>\n\t<meta property=\"og:image:height\" content=\"1803\" \/>\n\t<meta property=\"og:image:type\" content=\"image\/png\" \/>\n<meta name=\"twitter:card\" content=\"summary_large_image\" \/>\n<meta name=\"twitter:label1\" content=\"Est. reading time\" \/>\n\t<meta name=\"twitter:data1\" content=\"2 minutit\" \/>\n<script type=\"application\/ld+json\" class=\"yoast-schema-graph\">{\"@context\":\"https:\/\/schema.org\",\"@graph\":[{\"@type\":\"WebPage\",\"@id\":\"https:\/\/www.dokobit.com\/et\/uhilduvus\/list-of-subprocessors\",\"url\":\"https:\/\/www.dokobit.com\/et\/uhilduvus\/list-of-subprocessors\",\"name\":\"E-allkirjastamise teenuste allt\u00f6\u00f6v\u00f5tjate nimekiri | Dokobit\",\"isPartOf\":{\"@id\":\"https:\/\/www.dokobit.com\/et#website\"},\"datePublished\":\"2020-10-08T10:19:39+00:00\",\"dateModified\":\"2026-03-31T08:19:41+00:00\",\"description\":\"Dokobit works with trusted sub-processors to deliver secure and compliant e-signing services. Updated regularly for full transparency.\",\"breadcrumb\":{\"@id\":\"https:\/\/www.dokobit.com\/et\/uhilduvus\/list-of-subprocessors#breadcrumb\"},\"inLanguage\":\"et\",\"potentialAction\":[{\"@type\":\"ReadAction\",\"target\":[\"https:\/\/www.dokobit.com\/et\/uhilduvus\/list-of-subprocessors\"]}]},{\"@type\":\"BreadcrumbList\",\"@id\":\"https:\/\/www.dokobit.com\/et\/uhilduvus\/list-of-subprocessors#breadcrumb\",\"itemListElement\":[{\"@type\":\"ListItem\",\"position\":1,\"name\":\"Home\",\"item\":\"https:\/\/www.dokobit.com\/et\"},{\"@type\":\"ListItem\",\"position\":2,\"name\":\"\u00dchilduvus\",\"item\":\"https:\/\/www.dokobit.com\/et\/uhilduvus\"},{\"@type\":\"ListItem\",\"position\":3,\"name\":\"List of Sub-Processors\"}]},{\"@type\":\"WebSite\",\"@id\":\"https:\/\/www.dokobit.com\/et#website\",\"url\":\"https:\/\/www.dokobit.com\/et\",\"name\":\"Dokobit\",\"description\":\"Electronic document signing as an everyday service\",\"potentialAction\":[{\"@type\":\"SearchAction\",\"target\":{\"@type\":\"EntryPoint\",\"urlTemplate\":\"https:\/\/www.dokobit.com\/et?s={search_term_string}\"},\"query-input\":\"required name=search_term_string\"}],\"inLanguage\":\"et\"}]}<\/script>\n<!-- \/ Yoast SEO plugin. -->","yoast_head_json":{"title":"E-allkirjastamise teenuste allt\u00f6\u00f6v\u00f5tjate nimekiri | Dokobit","description":"Dokobit works with trusted sub-processors to deliver secure and compliant e-signing services. Updated regularly for full transparency.","robots":{"index":"index","follow":"follow","max-snippet":"max-snippet:-1","max-image-preview":"max-image-preview:large","max-video-preview":"max-video-preview:-1"},"canonical":"https:\/\/www.dokobit.com\/et\/wp-json\/wp\/v2\/pages\/5119","og_locale":"et_EE","og_type":"article","og_title":"E-allkirjastamise teenuste allt\u00f6\u00f6v\u00f5tjate nimekiri | Dokobit","og_description":"Dokobit works with trusted sub-processors to deliver secure and compliant e-signing services. Updated regularly for full transparency.","og_url":"https:\/\/www.dokobit.com\/et\/uhilduvus\/list-of-subprocessors","og_site_name":"Dokobit","article_publisher":"https:\/\/www.facebook.com\/dokobit","article_modified_time":"2026-03-31T08:19:41+00:00","og_image":[{"width":2403,"height":1803,"url":"https:\/\/www.dokobit.com\/wp-content\/uploads\/2024\/07\/2x-image-23.png","type":"image\/png"}],"twitter_card":"summary_large_image","twitter_misc":{"Est. reading time":"2 minutit"},"schema":{"@context":"https:\/\/schema.org","@graph":[{"@type":"WebPage","@id":"https:\/\/www.dokobit.com\/et\/uhilduvus\/list-of-subprocessors","url":"https:\/\/www.dokobit.com\/et\/uhilduvus\/list-of-subprocessors","name":"E-allkirjastamise teenuste allt\u00f6\u00f6v\u00f5tjate nimekiri | Dokobit","isPartOf":{"@id":"https:\/\/www.dokobit.com\/et#website"},"datePublished":"2020-10-08T10:19:39+00:00","dateModified":"2026-03-31T08:19:41+00:00","description":"Dokobit works with trusted sub-processors to deliver secure and compliant e-signing services. Updated regularly for full transparency.","breadcrumb":{"@id":"https:\/\/www.dokobit.com\/et\/uhilduvus\/list-of-subprocessors#breadcrumb"},"inLanguage":"et","potentialAction":[{"@type":"ReadAction","target":["https:\/\/www.dokobit.com\/et\/uhilduvus\/list-of-subprocessors"]}]},{"@type":"BreadcrumbList","@id":"https:\/\/www.dokobit.com\/et\/uhilduvus\/list-of-subprocessors#breadcrumb","itemListElement":[{"@type":"ListItem","position":1,"name":"Home","item":"https:\/\/www.dokobit.com\/et"},{"@type":"ListItem","position":2,"name":"\u00dchilduvus","item":"https:\/\/www.dokobit.com\/et\/uhilduvus"},{"@type":"ListItem","position":3,"name":"List of Sub-Processors"}]},{"@type":"WebSite","@id":"https:\/\/www.dokobit.com\/et#website","url":"https:\/\/www.dokobit.com\/et","name":"Dokobit","description":"Electronic document signing as an everyday service","potentialAction":[{"@type":"SearchAction","target":{"@type":"EntryPoint","urlTemplate":"https:\/\/www.dokobit.com\/et?s={search_term_string}"},"query-input":"required name=search_term_string"}],"inLanguage":"et"}]}},"_links":{"self":[{"href":"https:\/\/www.dokobit.com\/et\/wp-json\/wp\/v2\/pages\/5119"}],"collection":[{"href":"https:\/\/www.dokobit.com\/et\/wp-json\/wp\/v2\/pages"}],"about":[{"href":"https:\/\/www.dokobit.com\/et\/wp-json\/wp\/v2\/types\/page"}],"author":[{"embeddable":true,"href":"https:\/\/www.dokobit.com\/et\/wp-json\/wp\/v2\/users\/2"}],"replies":[{"embeddable":true,"href":"https:\/\/www.dokobit.com\/et\/wp-json\/wp\/v2\/comments?post=5119"}],"version-history":[{"count":15,"href":"https:\/\/www.dokobit.com\/et\/wp-json\/wp\/v2\/pages\/5119\/revisions"}],"predecessor-version":[{"id":37864,"href":"https:\/\/www.dokobit.com\/et\/wp-json\/wp\/v2\/pages\/5119\/revisions\/37864"}],"up":[{"embeddable":true,"href":"https:\/\/www.dokobit.com\/et\/wp-json\/wp\/v2\/pages\/5098"}],"wp:attachment":[{"href":"https:\/\/www.dokobit.com\/et\/wp-json\/wp\/v2\/media?parent=5119"}],"curies":[{"name":"wp","href":"https:\/\/api.w.org\/{rel}","templated":true}]}}