{"id":24701,"date":"2023-04-26T06:50:59","date_gmt":"2023-04-26T06:50:59","guid":{"rendered":"https:\/\/www.dokobit.com\/?page_id=24701"},"modified":"2023-06-19T08:36:33","modified_gmt":"2023-06-19T08:36:33","slug":"kupsiste-kasutamise-pohimotted","status":"publish","type":"page","link":"https:\/\/www.dokobit.com\/et\/uhilduvus\/kupsiste-kasutamise-pohimotted","title":{"rendered":"K\u00fcpsiste kasutamise p\u00f5him\u00f5tted"},"content":{"rendered":"\n<h1 class=\"wp-block-heading\">K\u00fcpsiste kasutamise p\u00f5him\u00f5tted<\/h1>\n\n\n\n<p>Kui kasutate Dokobiti veebilehte, portaali, mobiilirakendust v\u00f5i muid Dokobiti teenuseid, v\u00f5ime meie v\u00f5i v\u00f5ivad meie parterid isikuandmete t\u00f6\u00f6tlemiseks salvestada ja\/v\u00f5i kasutada k\u00fcpsiste v\u00f5i muude sarnaste tehnoloogiate abil teie seadmes olevat informatsiooni. Nendest k\u00fcpsiste kasutamise p\u00f5him\u00f5tetest saad lugeda j\u00e4rgneva kohta:<\/p>\n\n\n\n<ul>\n<li>kuidas me k\u00fcpsiseid kasutame;<\/li>\n\n\n\n<li>mis liiki k\u00fcpsiseid me kasutame;<\/li>\n\n\n\n<li>kui kaua need toimivad ning mis eesm\u00e4rgil neid kasutatakse;<\/li>\n\n\n\n<li>kuidas oma k\u00fcpsiste seadeid muuta ning neist loobuda ja<\/li>\n\n\n\n<li>kes me oleme ning kuidas meiega \u00fchendust v\u00f5tta.<\/li>\n<\/ul>\n\n\n\n<p>Ases\u00f5na \u201emeie\u201c vormid viitavad Dokobitile. Meie ettev\u00f5tte andmed leiate altpoolt. Oleme oma kodulehelt k\u00fcpsiste kasutamise kaudu kogutud andmete vastutavad t\u00f6\u00f6tlejad.<\/p>\n\n\n\n<p>Meie veebileht on&nbsp;<a href=\"https:\/\/www.dokobit.com\/\">https:\/\/www.dokobit.com\/<\/a>, sh ka meie poolt omatavad ja hallatavad alldomeenid.<\/p>\n\n\n\n<p>\u201eTeile\u201c viidates peame silmas teid kui meie veebilehe kasutajat ja k\u00fclalist.<\/p>\n\n\n\n<p>Need p\u00f5him\u00f5tted on osa meie privaatsusp\u00f5him\u00f5tetest. Meiepoolne k\u00fcpsiste kasutamine v\u00f5ib h\u00f5lmata teie isikuandmete t\u00f6\u00f6tlemist ning seep\u00e4rast soovitame teil tutvuda meie\u00a0<a href=\"https:\/\/www.dokobit.com\/et\/uhilduvus\/privaatsuspohimotted\">privaatsusp\u00f5him\u00f5tetega<\/a>.<\/p>\n\n\n\n<h2 class=\"wp-block-heading\">N\u00f5usolek<\/h2>\n\n\n\n<p>Kui n\u00f5ustute lisaks vajalikele k\u00fcpsistele muude k\u00fcpsiste kasutamisega, n\u00f5ustute selliste k\u00fcpsiste kasutamisega, mida on kirjeldatud sektsioonis \u201eK\u00fcpsiste liigid ja kuidas me neid kasutame\u201c. Te v\u00f5ite igal hetkel k\u00fcpsiste kasutamise n\u00f5usolekut muuta v\u00f5i selle t\u00fchistada \u2013 vaadake altpoolt sektsiooni \u201eKuidas oma k\u00fcpsiste seadeid muuta, sh k\u00fcpsistest loobuda\u201c.<\/p>\n\n\n\n<h2 class=\"wp-block-heading\">Mida peaksin k\u00fcpsistest teadma?<\/h2>\n\n\n\n<p>K\u00fcpsiseid on erinevat liiki ning neid kasutatakse erinevatel eesm\u00e4rkidel.<\/p>\n\n\n\n<p>J\u00e4rgnevalt saad lugeda, mis k\u00fcpsis on, kuidas erinevad esimese ja kolmanda osapoole k\u00fcpsised, seansik\u00fcpsised ja p\u00fcsik\u00fcpsised ning milliseid k\u00fcpsiseliike ja miks me oma veebilehel kasutame.<\/p>\n\n\n\n<h3 class=\"wp-block-heading\">Mis on k\u00fcpsis?<\/h3>\n\n\n\n<p>K\u00fcpsis on v\u00e4ike andmefragment, mille veebileht salvestab veebilehel viibimise ajal teie seadmesse ning mida loetakse j\u00e4rgnevate veebilehe k\u00fclastuste ajal uuesti. M\u00f5iste \u201ek\u00fcpsised\u201c nendes p\u00f5him\u00f5tetes ja n\u00f5usolekus viitab ka muudele automaatse andmekogumise vormidele, n\u00e4iteks Flash-k\u00fcpsistele (lokaalsed jagatud objektid), veebitalletusele (HTML5), JavaScriptidele v\u00f5i muu tarkvara poolt seatud k\u00fcpsistele.<\/p>\n\n\n\n<p>K\u00fcpsis v\u00f5ib sisaldada informatsiooni veebilehe enda kohta, kordumatut tunnust, mis v\u00f5imaldab saidil teie veebibrauseri \u00e4ra tunda, kui te veebilehele naasete, lisaandmeid, mis aitavad k\u00fcpsisel selle \u00fclesannet t\u00e4ita ning k\u00fcpsise enda kehtivusaega.<\/p>\n\n\n\n<p>M\u00f5iste \u201ek\u00fcpsised\u201c v\u00f5i \u201ek\u00fcpsiste andmed\u201c alla kuulub ka informatsioon teie IP- ja MAC-aadressi kohta ning muu informatsioon, mida seade loetletud tehnoloogiate abil kogub.<\/p>\n\n\n\n<p>K\u00fcpsiseid kasutatakse kindlate funktsioonide v\u00f5imaldamiseks (n\u00e4iteks sisselogimine), saidi kasutamise j\u00e4lgimiseks (n\u00e4iteks anal\u00fc\u00fctika), teie kasutajaseadete salvestamiseks (n\u00e4iteks ajatsoon, teavituste eelistused) ning teie sisu personaliseerimiseks (n\u00e4iteks reklaamid, keel).<\/p>\n\n\n\n<h3 class=\"wp-block-heading\">Seansik\u00fcpsised vs p\u00fcsik\u00fcpsised<\/h3>\n\n\n\n<p>Seansik\u00fcpsised kehtivad sama kaua kui teie veebisessioon. See t\u00e4hendab, et need kaovad teie arvutist v\u00f5i seadmest, kui brauseri sulgete. Seep\u00e4rast viidatakse neile m\u00f5nikord ka kui ajutistele k\u00fcpsistele. Seansik\u00fcpsiseid kasutatakse tavaliselt selleks, et meeles pidada, kas kasutaja on veebilehe k\u00fclastamise ajal juba veebilehele sisse loginud.<\/p>\n\n\n\n<p>P\u00fcsik\u00fcpsised on teistsugused. Neid k\u00fcpsiseid nimetatakse m\u00f5nikord j\u00e4\u00e4davateks k\u00fcpsisteks. Need j\u00e4\u00e4vad teie arvutisse v\u00f5i seadmesse alles ka p\u00e4rast brauseri sulgemist. Sellised k\u00fcpsised aeguvad seatud kehtivusaja l\u00f5ppedes. Altpoolt leiate iga p\u00fcsik\u00fcpsise kindla kehtivusaja.<\/p>\n\n\n\n<h3 class=\"wp-block-heading\">Kuidas erinevad esimese ja kolmanda osapoole k\u00fcpsised?<\/h3>\n\n\n\n<p>Esimese osapoole k\u00fcpsised seab ainult see veebileht, mida k\u00fclastate ning ainult seesama veebileht p\u00e4\u00e4seb neile k\u00fcpsistele ligi ning saab neid lugeda.<\/p>\n\n\n\n<p>Kolmanda osapoole k\u00fcpsised seab keegi muu kui teie poolt k\u00fclastatava veebilehe omanik. Muude saitide v\u00f5i ettev\u00f5tete (st kolmandate poolte) poolt seatud k\u00fcpsiseid saab kasutada teie j\u00e4lgimiseks muudel veebilehtedel, kus kasutatakse sama kolmanda poole teenuseid.<\/p>\n\n\n\n<p>Me v\u00f5ime kaasata kolmandaid pooli, n\u00e4iteks veebianal\u00fc\u00fctika pakkujaid v\u00f5i sisupartnereid, abiks oma veebilehe hooldamisele, toimimisele, loomisele v\u00f5i funktsionaalsusele. Anname sellistele kolmandatele osapooltele ligip\u00e4\u00e4su valikulisele informatsioonile meie nimel teatavate toimingute tegemiseks.<\/p>\n\n\n\n<p>Soovitame teil lugeda teenusepakkujate privaatsusp\u00f5him\u00f5tteid, mille leiate linkidena allpool toodud tabelitest, kus saate ka vaadata, milliseid esimese ja kolmanda osapoole k\u00fcpsiseid me oma veebilehel kasutame.<\/p>\n\n\n\n<h2 class=\"wp-block-heading\">K\u00fcpsiste liigid ning kuidas me neid kasutame<\/h2>\n\n\n\n<p>Kasutame k\u00fcpsiseid, et:<\/p>\n\n\n\n<ol type=\"1\">\n<li>tagada oma veebilehe ootusp\u00e4rane toimimine ning j\u00e4lgida oma klientidele pakutavate teenuste v\u00f5i funktsioonide k\u00e4ttesaadavust ja kvaliteeti.<\/li>\n\n\n\n<li>tagada turvalisus, ennetada pettusi ning siluda oma s\u00fcsteeme, et tagada oma s\u00fcsteemide ja protsesside korrektne ja turvaline t\u00f6\u00f6.<\/li>\n\n\n\n<li>v\u00f5tta vastu ning kasutada teie seadmest automaatselt saadetavaid andmeid, n\u00e4iteks nagu IP-aadress v\u00f5i brauseri liik, et eristada teie seadet muudest seadetest.<\/li>\n\n\n\n<li>salvestada seadmesse informatsiooni ja\/v\u00f5i sellele ligi p\u00e4\u00e4seda. Teile teada antud eesm\u00e4rkidel salvestame teie seadmesse k\u00fcpsiseid, seadme tunnuseid v\u00f5i muud informatsiooni.<\/li>\n\n\n\n<li>teid tuvastada, kui te meie veebilehte&nbsp;taask\u00fclastate. See aitab meil oma sisu teie jaoks personaliseerida ning m\u00e4rgata teie eelistusi (n\u00e4iteks teie poolt eelistatud keelt ning autentimismeetodit).<\/li>\n\n\n\n<li>saada \u00fclevaade oma veebilehe k\u00fclastajate arvust, mis neile meeldib ja ei meeldi ning kuidas nad veebilehega suhtlevad. See aitab meil oma veebilehe funktsionaalsust parandada, n\u00e4iteks navigeerimist t\u00e4iustada ning pakkuda kasutajale optimaalset viisi veebilehe kasutamiseks.<\/li>\n\n\n\n<li>kohandada oma veebilehte t\u00f5husamalt ning pakkuda teile teie huvidele vastavat reklaamsisu. Kui annate n\u00f5usoleku reklaamsisuga e-kirjade saamiseks, kasutame neid andmeid teile personaliseeritud turundussisuga e-kirjade saatmiseks.<\/li>\n\n\n\n<li>personaliseerida teenustega seotud kommunikatsiooni ja reklaame, m\u00f5\u00f5ta sisu ja reklaamide tulemuslikkust ning pakkuda meie tootearendusmeeskonnale teavet sihtr\u00fchma kohta. Kasutame selliseid andmeid, et kasutajakoemust, kasutajateekonda ning meie s\u00fcsteeme ja tarkvara luua ja t\u00e4iustada. N\u00e4iteks v\u00f5idakse teile teie sirvimisandmete, kasutatud funktsioonide ning umbkaudse asukoha alusel pakkuda uusi funktsioone v\u00f5i reklaame. Teie ja teie huvide kohta v\u00f5idakse luua profiil, mille alusel n\u00e4idatakse teile personaliseeritud ja teie jaoks asjakohaseid reklaame ning sisu. Teie poolt n\u00e4htavate ning kasutatavate reklaamide ja sisu tulemuslikkust ja t\u00f5husust saab m\u00f5\u00f5ta. Turu-uuringuid saab kasutada, et saada saite\/rakendusi k\u00fclastava ning reklaame vaatava publiku kohta rohkem teada. Teie andmeid saab kasutada olemasolevate s\u00fcsteemide ja tarkvara parendamiseks ning uute toodete arendamiseks.<\/li>\n\n\n\n<li>kasutada t\u00e4pse asukohatuvastuse andmeid. Kasutame teie asukohatuvastuse andmeid \u00fchel v\u00f5i enamal eesm\u00e4rgil.<\/li>\n<\/ol>\n\n\n\n<h3 class=\"wp-block-heading\">H\u00e4davajalikud k\u00fcpsised<\/h3>\n\n\n\n<p>Vajalikud k\u00fcpsised on vajalikud veebilehe p\u00f5hifunktsioonide k\u00e4igushoidmiseks. Need k\u00fcpsised on teenuste tagamiseks h\u00e4davajalikud ning tagavad informatsiooni ja teenuste turvalise ja optimaalse pakkumise. N\u00e4iteks kasutame vajalikke k\u00fcpsiseid selleks, et peaksite veebilehe k\u00fclastuse ajal veebilehele vaid \u00fche korra sisse logima. Samuti kasutame neid k\u00fcpsiseid meie teenuste ja funktsioonide k\u00e4ttesaadavuse ja kvaliteedi j\u00e4lgimiseks.<\/p>\n\n\n\n<p>Vajalikud k\u00fcpsised aitavad meil lisaks tagada, et teil oleks v\u00f5imalus k\u00fcpsistega n\u00f5ustuda v\u00f5i neist loobuda, blokeerida mitteh\u00e4davajalikke k\u00fcpsiseid toimimast kuni nende kasutamisele n\u00f5usoleku andmiseni ning pidada meeles teie k\u00fcpsiste seadeid ja valikuid. K\u00fcpsised aitavad meil j\u00e4rge pidada, kas ja millal te meile anal\u00fc\u00fctiliste k\u00fcpsiste, teenuse kasutamise tingimuste ning reklaamide kohta n\u00f5usoleku andsite.<\/p>\n\n\n\n<p>Vajalike k\u00fcpsiste kasutamisega ei saa n\u00f5ustuda v\u00f5i nende kasutamisest loobuda, kuna need on veebilehe funktsioneerimiseks h\u00e4davajalikud.<\/p>\n\n\n\n<h3 class=\"wp-block-heading\">Funktsionaalsusk\u00fcpsised<\/h3>\n\n\n\n<p>Need k\u00fcpsised v\u00f5imaldavad veebilehel pakkuda t\u00e4iustatud funktsioone ning personaliseerimist. Funktsionaalsusk\u00fcpsised aitavad teie kasutajakogemust parendada, pakkudes enam personaliseeritud teenust. Need k\u00fcpsised peavad meeles teie valikud, n\u00e4iteks keele, eelistatud sisselogimisviisi jne. Neid k\u00fcpsiseid v\u00f5ime seada meie v\u00f5i v\u00f5ivad seda teha kolmandast osapoolest teenusepakkujad, kelle teenused oleme oma lehtedele lisanud. Funktsionaalsusk\u00fcpsiseid salvestame teie seadmesse ainult teie n\u00f5usolekul, kuid kui te neid k\u00fcpsiseid ei luba, ei pruugi m\u00f5ned v\u00f5i k\u00f5ik meie teenused korralikult toimida.<\/p>\n\n\n\n<h3 class=\"wp-block-heading\">Sooritusk\u00fcpsised<\/h3>\n\n\n\n<p>Sooritusk\u00fcpsised, tuntud ka kui anal\u00fc\u00fctilised k\u00fcpsised, koguvad statistilisi andmeid. Sellist informatsiooni kasutame selleks, et muuta oma veebileht veelgi paremaks. Sooritusk\u00fcpsiste abil kogutakse informatsiooni selle kohta, kuidas te veebilehe k\u00fclastuse ajal saiti kasutate. See aitab meil k\u00fclastajate kasutusmustreid m\u00f5ista, kasutamise ajal tekkivaid v\u00f5imalikke probleeme v\u00f5i vigu tuvastada ja diagnoosida ning veebilehe kasutajakogemuse t\u00e4iustamisel paremaid strateegilisi otsuseid teha.<\/p>\n\n\n\n<p>Sooritusk\u00fcpsiseid kasutame teie seadmes ainult teie n\u00f5usolekul.<\/p>\n\n\n\n<h3 class=\"wp-block-heading\">Sihtimisk\u00fcpsised<\/h3>\n\n\n\n<p>Sihtimisk\u00fcpsised \u2013 kui k\u00fclastate meie veebilehte, v\u00f5ivad meie reklaampartnerid seada sihtimisk\u00fcpsiseid.<\/p>\n\n\n\n<p>Sihtimisk\u00fcpsiseid kasutatakse, et m\u00e4\u00e4ratleda teile ja teie huvidele asjakohasemat v\u00f5i sobilikumat reklaamsisu. Meie partnerid kasutavad selliseid k\u00fcpsiseid, et koostada teie huvidele vastav profiil ning n\u00e4idata teile muudel saitidel ainult asjakohaseid reklaame. Need k\u00fcpsised t\u00e4idavad selliseid funktsioone nagu sama reklaami j\u00e4rjepideva ilmumise ennetamine, reklaamijate reklaamide korrektne kuvamine ning m\u00f5nel juhul teie huvidele vastavate reklaamide valimine. See aitab ettev\u00f5tetel t\u00f5sta oma reklaamkampaaniate t\u00f5husust ning teile pakutava sisu kvaliteeti. Selliseid k\u00fcpsiseid v\u00f5ib seada k\u00fclastatav veebileht ise (esimene osapool) v\u00f5i v\u00f5ivad seada kolmandatest osapooltest teenusepakkujad. Kolmandate osapoolte seatud turundusk\u00fcpsiseid v\u00f5idakse kasutada teie j\u00e4lgimiseks muudel veebilehtedel, kes kasutavad sama kolmanda osapoole teenuseid. Need ei tuvasta teid otseselt, kuid kasutavad teie brauseri ning internetiseadme kordumatut tunnust. Kui te neist k\u00fcpsistest keeldute, n\u00e4ete v\u00e4hem personaliseeritud reklaame.<\/p>\n\n\n\n<p>Sihtimisk\u00fcpsiseid kasutame teie seadmes ainult teie n\u00f5usolekul.<\/p>\n\n\n\n<div id=\"ot-sdk-cookie-policy\"><\/div>\n\n\n\n<h2 class=\"wp-block-heading\">Kuidas oma k\u00fcpsiste seadeid muuta, sh k\u00fcpsistest loobuda<\/h2>\n\n\n\n<p>Osana meie k\u00fcpsiste lahendusest k\u00fcsime teilt enne k\u00fcpsiste seadmist teie seadmesse alati n\u00f5usolekut k\u00fcpsiste ning sarnaste tehnoloogiate kasutamiseks, v\u00e4lja arvatud h\u00e4davajalike k\u00fcpsiste puhul.<\/p>\n\n\n\n<p>Samuti pakume teile alati v\u00f5imalust oma n\u00f5usolekut muuta. Kui te \u00fchel hetkel andsite n\u00f5usoleku mitte-h\u00e4davajalike k\u00fcpsiste kasutamiseks meie veebilehel, v\u00f5ite alati muuta seda, milliseid k\u00fcpsiseid te lubate. Selleks avage lihtsalt meie veebilehe jaluses asuv k\u00fcpsiste seadistamise link v\u00f5i minge oma konto seadete men\u00fc\u00fcsse. Kui kl\u00f5psate kilbil, ilmuvad teie k\u00fcpsiste seaded ning seal saate alati oma k\u00fcpsiste seadeid muuta ning k\u00fcpsistest loobuda.<\/p>\n\n\n\n<p>Samuti on teil v\u00f5imalik seadistada oma brauser meie veebilehe k\u00fcpsistest loobuma. Enamik brauseritest on seadistatud k\u00fcpsistele vaikimisi n\u00f5usolekut andma, kuid saate neid seadeid muuta kas k\u00fcpsistest \u00fcle\u00fcldse loobudes v\u00f5i seadistada brauserit end teavitama, kui veebileht p\u00fc\u00fcab k\u00fcpsist seada v\u00f5i uuendada. Kui kasutate mitut brauserit ning soovite k\u00fcpsiseid blokeerida v\u00f5i oma n\u00f5usolekust loobuda, pidage meeles teha seda k\u00f5ikides brauserites.<\/p>\n\n\n\n<p>Kui sirvite veebilehti mitmest seadmest, v\u00f5ib olla vajalik s\u00e4tete uuendamine igas seadmes.<\/p>\n\n\n\n<p>Kuigi m\u00f5nede k\u00fcpsiste blokeerimine ei m\u00f5juta eriti veebilehe kasutajakogemust, v\u00f5ib k\u00f5ikide k\u00fcpsiste blokeerimine t\u00e4hendada, et te ei saa saidi teatavaid funktsioone v\u00f5i sisu tarbida.<\/p>\n\n\n\n<h2 class=\"wp-block-heading\">Teie isikuandmete t\u00f6\u00f6tlemine<\/h2>\n\n\n\n<p>Kui n\u00f5ustute meiepoolse k\u00fcpsiste kasutamisega, t\u00e4hendab see teatavatel k\u00fcpsiste kasutamise m\u00e4rguandes toodud juhtudel teie isikuandmete, n\u00e4iteks teie IP-aadressi ning meie teenuste kasutamist puudutava teabe kasutamist. Isikuandmete t\u00f6\u00f6tlemise ning oma \u00f5iguste kohta leiate rohkem informatsiooni meie\u00a0<a href=\"https:\/\/www.dokobit.com\/et\/uhilduvus\/privaatsuspohimotted\">privaatsusp\u00f5him\u00f5tetest<\/a>.<\/p>\n\n\n\n<h2 class=\"wp-block-heading\">Kui tihti me k\u00fcpsiste kasutamise p\u00f5him\u00f5tteid uuendame?<\/h2>\n\n\n\n<p>Me v\u00f5ime neid k\u00fcpsiste kasutamise p\u00f5him\u00f5tteid muuta n\u00e4iteks siis, kui muudame kasutatavaid k\u00fcpsiseid v\u00f5i muudel operatiivsetel, \u00f5iguslikel v\u00f5i regulatiivsetel p\u00f5hjustel. Seep\u00e4rast palume teil k\u00fcpsiste kasutamise p\u00f5him\u00f5tted regulaarselt \u00fcle lugeda, et oleksite kursis, kuidas me k\u00fcpsiseid ja teisi seotud tehnoloogiaid kasutame.<\/p>\n\n\n\n<h2 class=\"wp-block-heading\">Kes me oleme ning kuidas meiega \u00fchendust v\u00f5tta?<\/h2>\n\n\n\n<p>Siin on meie ettev\u00f5tte andmed<\/p>\n\n\n\n<p>Dokobit, UAB<br>Paupio g. 50-136<br>LT-11341 Vilnius<br>Leedu<\/p>\n\n\n\n<p>Ettev\u00f5tte registreerimiskood: 301549834<\/p>\n\n\n\n<p>V\u00f5ite meile alati kirjutada aadressil&nbsp;<a href=\"mailto:dpo@dokobit.com\">dpo@dokobit.com<\/a>.<\/p>\n","protected":false},"excerpt":{"rendered":"<p>K\u00fcpsiste kasutamise p\u00f5him\u00f5tted Kui kasutate Dokobiti veebilehte, portaali, mobiilirakendust v\u00f5i muid Dokobiti teenuseid, v\u00f5ime meie v\u00f5i v\u00f5ivad meie parterid isikuandmete t\u00f6\u00f6tlemiseks salvestada ja\/v\u00f5i kasutada k\u00fcpsiste v\u00f5i muude sarnaste tehnoloogiate abil teie seadmes olevat informatsiooni. Nendest k\u00fcpsiste kasutamise p\u00f5him\u00f5tetest saad lugeda j\u00e4rgneva kohta: Ases\u00f5na \u201emeie\u201c vormid viitavad Dokobitile. Meie ettev\u00f5tte andmed leiate altpoolt. Oleme oma kodulehelt [&hellip;]<\/p>\n","protected":false},"author":10,"featured_media":0,"parent":5098,"menu_order":0,"comment_status":"closed","ping_status":"closed","template":"","meta":{"footnotes":""},"acf":[],"yoast_head":"<!-- This site is optimized with the Yoast SEO plugin v22.7 - https:\/\/yoast.com\/wordpress\/plugins\/seo\/ -->\n<title>K\u00fcpsiste kasutamise p\u00f5him\u00f5tted | Dokobit<\/title>\n<meta name=\"robots\" content=\"index, follow, max-snippet:-1, max-image-preview:large, max-video-preview:-1\" \/>\n<link rel=\"canonical\" href=\"https:\/\/www.dokobit.com\/et\/wp-json\/wp\/v2\/pages\/24701\" \/>\n<meta property=\"og:locale\" content=\"et_EE\" \/>\n<meta property=\"og:type\" content=\"article\" \/>\n<meta property=\"og:title\" content=\"K\u00fcpsiste kasutamise p\u00f5him\u00f5tted | Dokobit\" \/>\n<meta property=\"og:description\" content=\"K\u00fcpsiste kasutamise p\u00f5him\u00f5tted Kui kasutate Dokobiti veebilehte, portaali, mobiilirakendust v\u00f5i muid Dokobiti teenuseid, v\u00f5ime meie v\u00f5i v\u00f5ivad meie parterid isikuandmete t\u00f6\u00f6tlemiseks salvestada ja\/v\u00f5i kasutada k\u00fcpsiste v\u00f5i muude sarnaste tehnoloogiate abil teie seadmes olevat informatsiooni. Nendest k\u00fcpsiste kasutamise p\u00f5him\u00f5tetest saad lugeda j\u00e4rgneva kohta: Ases\u00f5na \u201emeie\u201c vormid viitavad Dokobitile. Meie ettev\u00f5tte andmed leiate altpoolt. Oleme oma kodulehelt [&hellip;]\" \/>\n<meta property=\"og:url\" content=\"https:\/\/www.dokobit.com\/et\/uhilduvus\/kupsiste-kasutamise-pohimotted\" \/>\n<meta property=\"og:site_name\" content=\"Dokobit\" \/>\n<meta property=\"article:publisher\" content=\"https:\/\/www.facebook.com\/dokobit\" \/>\n<meta property=\"article:modified_time\" content=\"2023-06-19T08:36:33+00:00\" \/>\n<meta property=\"og:image\" content=\"https:\/\/www.dokobit.com\/wp-content\/uploads\/2024\/07\/2x-image-23.png\" \/>\n\t<meta property=\"og:image:width\" content=\"2403\" \/>\n\t<meta property=\"og:image:height\" content=\"1803\" \/>\n\t<meta property=\"og:image:type\" content=\"image\/png\" \/>\n<meta name=\"twitter:card\" content=\"summary_large_image\" \/>\n<meta name=\"twitter:label1\" content=\"Est. reading time\" \/>\n\t<meta name=\"twitter:data1\" content=\"7 minutit\" \/>\n<script type=\"application\/ld+json\" class=\"yoast-schema-graph\">{\"@context\":\"https:\/\/schema.org\",\"@graph\":[{\"@type\":\"WebPage\",\"@id\":\"https:\/\/www.dokobit.com\/et\/uhilduvus\/kupsiste-kasutamise-pohimotted\",\"url\":\"https:\/\/www.dokobit.com\/et\/uhilduvus\/kupsiste-kasutamise-pohimotted\",\"name\":\"K\u00fcpsiste kasutamise p\u00f5him\u00f5tted | Dokobit\",\"isPartOf\":{\"@id\":\"https:\/\/www.dokobit.com\/et#website\"},\"datePublished\":\"2023-04-26T06:50:59+00:00\",\"dateModified\":\"2023-06-19T08:36:33+00:00\",\"breadcrumb\":{\"@id\":\"https:\/\/www.dokobit.com\/et\/uhilduvus\/kupsiste-kasutamise-pohimotted#breadcrumb\"},\"inLanguage\":\"et\",\"potentialAction\":[{\"@type\":\"ReadAction\",\"target\":[\"https:\/\/www.dokobit.com\/et\/uhilduvus\/kupsiste-kasutamise-pohimotted\"]}]},{\"@type\":\"BreadcrumbList\",\"@id\":\"https:\/\/www.dokobit.com\/et\/uhilduvus\/kupsiste-kasutamise-pohimotted#breadcrumb\",\"itemListElement\":[{\"@type\":\"ListItem\",\"position\":1,\"name\":\"Home\",\"item\":\"https:\/\/www.dokobit.com\/et\"},{\"@type\":\"ListItem\",\"position\":2,\"name\":\"\u00dchilduvus\",\"item\":\"https:\/\/www.dokobit.com\/et\/uhilduvus\"},{\"@type\":\"ListItem\",\"position\":3,\"name\":\"K\u00fcpsiste kasutamise p\u00f5him\u00f5tted\"}]},{\"@type\":\"WebSite\",\"@id\":\"https:\/\/www.dokobit.com\/et#website\",\"url\":\"https:\/\/www.dokobit.com\/et\",\"name\":\"Dokobit\",\"description\":\"Electronic document signing as an everyday service\",\"potentialAction\":[{\"@type\":\"SearchAction\",\"target\":{\"@type\":\"EntryPoint\",\"urlTemplate\":\"https:\/\/www.dokobit.com\/et?s={search_term_string}\"},\"query-input\":\"required name=search_term_string\"}],\"inLanguage\":\"et\"}]}<\/script>\n<!-- \/ Yoast SEO plugin. -->","yoast_head_json":{"title":"K\u00fcpsiste kasutamise p\u00f5him\u00f5tted | Dokobit","robots":{"index":"index","follow":"follow","max-snippet":"max-snippet:-1","max-image-preview":"max-image-preview:large","max-video-preview":"max-video-preview:-1"},"canonical":"https:\/\/www.dokobit.com\/et\/wp-json\/wp\/v2\/pages\/24701","og_locale":"et_EE","og_type":"article","og_title":"K\u00fcpsiste kasutamise p\u00f5him\u00f5tted | Dokobit","og_description":"K\u00fcpsiste kasutamise p\u00f5him\u00f5tted Kui kasutate Dokobiti veebilehte, portaali, mobiilirakendust v\u00f5i muid Dokobiti teenuseid, v\u00f5ime meie v\u00f5i v\u00f5ivad meie parterid isikuandmete t\u00f6\u00f6tlemiseks salvestada ja\/v\u00f5i kasutada k\u00fcpsiste v\u00f5i muude sarnaste tehnoloogiate abil teie seadmes olevat informatsiooni. Nendest k\u00fcpsiste kasutamise p\u00f5him\u00f5tetest saad lugeda j\u00e4rgneva kohta: Ases\u00f5na \u201emeie\u201c vormid viitavad Dokobitile. Meie ettev\u00f5tte andmed leiate altpoolt. Oleme oma kodulehelt [&hellip;]","og_url":"https:\/\/www.dokobit.com\/et\/uhilduvus\/kupsiste-kasutamise-pohimotted","og_site_name":"Dokobit","article_publisher":"https:\/\/www.facebook.com\/dokobit","article_modified_time":"2023-06-19T08:36:33+00:00","og_image":[{"width":2403,"height":1803,"url":"https:\/\/www.dokobit.com\/wp-content\/uploads\/2024\/07\/2x-image-23.png","type":"image\/png"}],"twitter_card":"summary_large_image","twitter_misc":{"Est. reading time":"7 minutit"},"schema":{"@context":"https:\/\/schema.org","@graph":[{"@type":"WebPage","@id":"https:\/\/www.dokobit.com\/et\/uhilduvus\/kupsiste-kasutamise-pohimotted","url":"https:\/\/www.dokobit.com\/et\/uhilduvus\/kupsiste-kasutamise-pohimotted","name":"K\u00fcpsiste kasutamise p\u00f5him\u00f5tted | Dokobit","isPartOf":{"@id":"https:\/\/www.dokobit.com\/et#website"},"datePublished":"2023-04-26T06:50:59+00:00","dateModified":"2023-06-19T08:36:33+00:00","breadcrumb":{"@id":"https:\/\/www.dokobit.com\/et\/uhilduvus\/kupsiste-kasutamise-pohimotted#breadcrumb"},"inLanguage":"et","potentialAction":[{"@type":"ReadAction","target":["https:\/\/www.dokobit.com\/et\/uhilduvus\/kupsiste-kasutamise-pohimotted"]}]},{"@type":"BreadcrumbList","@id":"https:\/\/www.dokobit.com\/et\/uhilduvus\/kupsiste-kasutamise-pohimotted#breadcrumb","itemListElement":[{"@type":"ListItem","position":1,"name":"Home","item":"https:\/\/www.dokobit.com\/et"},{"@type":"ListItem","position":2,"name":"\u00dchilduvus","item":"https:\/\/www.dokobit.com\/et\/uhilduvus"},{"@type":"ListItem","position":3,"name":"K\u00fcpsiste kasutamise p\u00f5him\u00f5tted"}]},{"@type":"WebSite","@id":"https:\/\/www.dokobit.com\/et#website","url":"https:\/\/www.dokobit.com\/et","name":"Dokobit","description":"Electronic document signing as an everyday service","potentialAction":[{"@type":"SearchAction","target":{"@type":"EntryPoint","urlTemplate":"https:\/\/www.dokobit.com\/et?s={search_term_string}"},"query-input":"required name=search_term_string"}],"inLanguage":"et"}]}},"_links":{"self":[{"href":"https:\/\/www.dokobit.com\/et\/wp-json\/wp\/v2\/pages\/24701"}],"collection":[{"href":"https:\/\/www.dokobit.com\/et\/wp-json\/wp\/v2\/pages"}],"about":[{"href":"https:\/\/www.dokobit.com\/et\/wp-json\/wp\/v2\/types\/page"}],"author":[{"embeddable":true,"href":"https:\/\/www.dokobit.com\/et\/wp-json\/wp\/v2\/users\/10"}],"replies":[{"embeddable":true,"href":"https:\/\/www.dokobit.com\/et\/wp-json\/wp\/v2\/comments?post=24701"}],"version-history":[{"count":8,"href":"https:\/\/www.dokobit.com\/et\/wp-json\/wp\/v2\/pages\/24701\/revisions"}],"predecessor-version":[{"id":25424,"href":"https:\/\/www.dokobit.com\/et\/wp-json\/wp\/v2\/pages\/24701\/revisions\/25424"}],"up":[{"embeddable":true,"href":"https:\/\/www.dokobit.com\/et\/wp-json\/wp\/v2\/pages\/5098"}],"wp:attachment":[{"href":"https:\/\/www.dokobit.com\/et\/wp-json\/wp\/v2\/media?parent=24701"}],"curies":[{"name":"wp","href":"https:\/\/api.w.org\/{rel}","templated":true}]}}