{"id":11870,"date":"2021-10-22T13:19:35","date_gmt":"2021-10-22T13:19:35","guid":{"rendered":"https:\/\/www.dokobit.com\/uhilduvus\/dispute-resolution"},"modified":"2021-11-09T14:00:21","modified_gmt":"2021-11-09T14:00:21","slug":"tarbijavaidluste-lahendamine","status":"publish","type":"page","link":"https:\/\/www.dokobit.com\/et\/uhilduvus\/tarbijavaidluste-lahendamine","title":{"rendered":"Tarbijavaidluste lahendamine"},"content":{"rendered":"\n<h1 class=\"wp-block-heading\"><strong>Tarbijavaidluste lahendamine<\/strong><\/h1>\n\n\n\n<p>P\u00fc\u00fcame k\u00f5ik vaidlused lahendada rahulikult, kiiresti ja m\u00f5lemale poolele vastuv\u00f5etavatel tingimustel. Kaebuste korral v\u00f5tke meiega \u00fchendust aadressil <a href=\"mailto:support@dokobit.com\">support@dokobit.com<\/a>.<\/p>\n\n\n\n<p>Kui vaidlust siiski ei \u00f5nnestu k\u00f5igile osapooltele rahuldavalt lahendada, on teil \u00f5igus taotleda alternatiivset vaidluse lahendamist esitades Euroopa internetip\u00f5hise vaidluste lahendamise platvormile (ODR) selleks taotluse. Platvorm on loodud koosk\u00f5las <a href=\"https:\/\/eur-lex.europa.eu\/legal-content\/ET\/TXT\/HTML\/?uri=CELEX:32013R0524&amp;from=EN\">m\u00e4\u00e4rusega nr. 524\/2013<\/a> tagamaks turvaline ja \u00f5iglane veebiostlemine. <a href=\"https:\/\/ec.europa.eu\/consumers\/odr\/main\/index.cfm?event=main.home.chooseLanguage\">Platvormi leiate siit<\/a>.<\/p>\n","protected":false},"excerpt":{"rendered":"<p>Tarbijavaidluste lahendamine P\u00fc\u00fcame k\u00f5ik vaidlused lahendada rahulikult, kiiresti ja m\u00f5lemale poolele vastuv\u00f5etavatel tingimustel. Kaebuste korral v\u00f5tke meiega \u00fchendust aadressil support@dokobit.com. Kui vaidlust siiski ei \u00f5nnestu k\u00f5igile osapooltele rahuldavalt lahendada, on teil \u00f5igus taotleda alternatiivset vaidluse lahendamist esitades Euroopa internetip\u00f5hise vaidluste lahendamise platvormile (ODR) selleks taotluse. Platvorm on loodud koosk\u00f5las m\u00e4\u00e4rusega nr. 524\/2013 tagamaks turvaline ja [&hellip;]<\/p>\n","protected":false},"author":2,"featured_media":0,"parent":5098,"menu_order":0,"comment_status":"closed","ping_status":"closed","template":"","meta":{"footnotes":""},"acf":[],"yoast_head":"<!-- This site is optimized with the Yoast SEO plugin v22.7 - https:\/\/yoast.com\/wordpress\/plugins\/seo\/ -->\n<title>Tarbijavaidluste lahendamine Dokobit<\/title>\n<meta name=\"robots\" content=\"index, follow, max-snippet:-1, max-image-preview:large, max-video-preview:-1\" \/>\n<link rel=\"canonical\" href=\"https:\/\/www.dokobit.com\/et\/wp-json\/wp\/v2\/pages\/11870\" \/>\n<meta property=\"og:locale\" content=\"et_EE\" \/>\n<meta property=\"og:type\" content=\"article\" \/>\n<meta property=\"og:title\" content=\"Tarbijavaidluste lahendamine Dokobit\" \/>\n<meta property=\"og:description\" content=\"Tarbijavaidluste lahendamine P\u00fc\u00fcame k\u00f5ik vaidlused lahendada rahulikult, kiiresti ja m\u00f5lemale poolele vastuv\u00f5etavatel tingimustel. Kaebuste korral v\u00f5tke meiega \u00fchendust aadressil support@dokobit.com. Kui vaidlust siiski ei \u00f5nnestu k\u00f5igile osapooltele rahuldavalt lahendada, on teil \u00f5igus taotleda alternatiivset vaidluse lahendamist esitades Euroopa internetip\u00f5hise vaidluste lahendamise platvormile (ODR) selleks taotluse. Platvorm on loodud koosk\u00f5las m\u00e4\u00e4rusega nr. 524\/2013 tagamaks turvaline ja [&hellip;]\" \/>\n<meta property=\"og:url\" content=\"https:\/\/www.dokobit.com\/et\/uhilduvus\/tarbijavaidluste-lahendamine\" \/>\n<meta property=\"og:site_name\" content=\"Dokobit\" \/>\n<meta property=\"article:publisher\" content=\"https:\/\/www.facebook.com\/dokobit\" \/>\n<meta property=\"article:modified_time\" content=\"2021-11-09T14:00:21+00:00\" \/>\n<meta property=\"og:image\" content=\"https:\/\/www.dokobit.com\/wp-content\/uploads\/2024\/07\/2x-image-23.png\" \/>\n\t<meta property=\"og:image:width\" content=\"2403\" \/>\n\t<meta property=\"og:image:height\" content=\"1803\" \/>\n\t<meta property=\"og:image:type\" content=\"image\/png\" \/>\n<meta name=\"twitter:card\" content=\"summary_large_image\" \/>\n<script type=\"application\/ld+json\" class=\"yoast-schema-graph\">{\"@context\":\"https:\/\/schema.org\",\"@graph\":[{\"@type\":\"WebPage\",\"@id\":\"https:\/\/www.dokobit.com\/et\/uhilduvus\/tarbijavaidluste-lahendamine\",\"url\":\"https:\/\/www.dokobit.com\/et\/uhilduvus\/tarbijavaidluste-lahendamine\",\"name\":\"Tarbijavaidluste lahendamine Dokobit\",\"isPartOf\":{\"@id\":\"https:\/\/www.dokobit.com\/et#website\"},\"datePublished\":\"2021-10-22T13:19:35+00:00\",\"dateModified\":\"2021-11-09T14:00:21+00:00\",\"breadcrumb\":{\"@id\":\"https:\/\/www.dokobit.com\/et\/uhilduvus\/tarbijavaidluste-lahendamine#breadcrumb\"},\"inLanguage\":\"et\",\"potentialAction\":[{\"@type\":\"ReadAction\",\"target\":[\"https:\/\/www.dokobit.com\/et\/uhilduvus\/tarbijavaidluste-lahendamine\"]}]},{\"@type\":\"BreadcrumbList\",\"@id\":\"https:\/\/www.dokobit.com\/et\/uhilduvus\/tarbijavaidluste-lahendamine#breadcrumb\",\"itemListElement\":[{\"@type\":\"ListItem\",\"position\":1,\"name\":\"Home\",\"item\":\"https:\/\/www.dokobit.com\/et\"},{\"@type\":\"ListItem\",\"position\":2,\"name\":\"\u00dchilduvus\",\"item\":\"https:\/\/www.dokobit.com\/et\/uhilduvus\"},{\"@type\":\"ListItem\",\"position\":3,\"name\":\"Tarbijavaidluste lahendamine\"}]},{\"@type\":\"WebSite\",\"@id\":\"https:\/\/www.dokobit.com\/et#website\",\"url\":\"https:\/\/www.dokobit.com\/et\",\"name\":\"Dokobit\",\"description\":\"Electronic document signing as an everyday service\",\"potentialAction\":[{\"@type\":\"SearchAction\",\"target\":{\"@type\":\"EntryPoint\",\"urlTemplate\":\"https:\/\/www.dokobit.com\/et?s={search_term_string}\"},\"query-input\":\"required name=search_term_string\"}],\"inLanguage\":\"et\"}]}<\/script>\n<!-- \/ Yoast SEO plugin. -->","yoast_head_json":{"title":"Tarbijavaidluste lahendamine Dokobit","robots":{"index":"index","follow":"follow","max-snippet":"max-snippet:-1","max-image-preview":"max-image-preview:large","max-video-preview":"max-video-preview:-1"},"canonical":"https:\/\/www.dokobit.com\/et\/wp-json\/wp\/v2\/pages\/11870","og_locale":"et_EE","og_type":"article","og_title":"Tarbijavaidluste lahendamine Dokobit","og_description":"Tarbijavaidluste lahendamine P\u00fc\u00fcame k\u00f5ik vaidlused lahendada rahulikult, kiiresti ja m\u00f5lemale poolele vastuv\u00f5etavatel tingimustel. Kaebuste korral v\u00f5tke meiega \u00fchendust aadressil support@dokobit.com. Kui vaidlust siiski ei \u00f5nnestu k\u00f5igile osapooltele rahuldavalt lahendada, on teil \u00f5igus taotleda alternatiivset vaidluse lahendamist esitades Euroopa internetip\u00f5hise vaidluste lahendamise platvormile (ODR) selleks taotluse. Platvorm on loodud koosk\u00f5las m\u00e4\u00e4rusega nr. 524\/2013 tagamaks turvaline ja [&hellip;]","og_url":"https:\/\/www.dokobit.com\/et\/uhilduvus\/tarbijavaidluste-lahendamine","og_site_name":"Dokobit","article_publisher":"https:\/\/www.facebook.com\/dokobit","article_modified_time":"2021-11-09T14:00:21+00:00","og_image":[{"width":2403,"height":1803,"url":"https:\/\/www.dokobit.com\/wp-content\/uploads\/2024\/07\/2x-image-23.png","type":"image\/png"}],"twitter_card":"summary_large_image","schema":{"@context":"https:\/\/schema.org","@graph":[{"@type":"WebPage","@id":"https:\/\/www.dokobit.com\/et\/uhilduvus\/tarbijavaidluste-lahendamine","url":"https:\/\/www.dokobit.com\/et\/uhilduvus\/tarbijavaidluste-lahendamine","name":"Tarbijavaidluste lahendamine Dokobit","isPartOf":{"@id":"https:\/\/www.dokobit.com\/et#website"},"datePublished":"2021-10-22T13:19:35+00:00","dateModified":"2021-11-09T14:00:21+00:00","breadcrumb":{"@id":"https:\/\/www.dokobit.com\/et\/uhilduvus\/tarbijavaidluste-lahendamine#breadcrumb"},"inLanguage":"et","potentialAction":[{"@type":"ReadAction","target":["https:\/\/www.dokobit.com\/et\/uhilduvus\/tarbijavaidluste-lahendamine"]}]},{"@type":"BreadcrumbList","@id":"https:\/\/www.dokobit.com\/et\/uhilduvus\/tarbijavaidluste-lahendamine#breadcrumb","itemListElement":[{"@type":"ListItem","position":1,"name":"Home","item":"https:\/\/www.dokobit.com\/et"},{"@type":"ListItem","position":2,"name":"\u00dchilduvus","item":"https:\/\/www.dokobit.com\/et\/uhilduvus"},{"@type":"ListItem","position":3,"name":"Tarbijavaidluste lahendamine"}]},{"@type":"WebSite","@id":"https:\/\/www.dokobit.com\/et#website","url":"https:\/\/www.dokobit.com\/et","name":"Dokobit","description":"Electronic document signing as an everyday service","potentialAction":[{"@type":"SearchAction","target":{"@type":"EntryPoint","urlTemplate":"https:\/\/www.dokobit.com\/et?s={search_term_string}"},"query-input":"required name=search_term_string"}],"inLanguage":"et"}]}},"_links":{"self":[{"href":"https:\/\/www.dokobit.com\/et\/wp-json\/wp\/v2\/pages\/11870"}],"collection":[{"href":"https:\/\/www.dokobit.com\/et\/wp-json\/wp\/v2\/pages"}],"about":[{"href":"https:\/\/www.dokobit.com\/et\/wp-json\/wp\/v2\/types\/page"}],"author":[{"embeddable":true,"href":"https:\/\/www.dokobit.com\/et\/wp-json\/wp\/v2\/users\/2"}],"replies":[{"embeddable":true,"href":"https:\/\/www.dokobit.com\/et\/wp-json\/wp\/v2\/comments?post=11870"}],"version-history":[{"count":4,"href":"https:\/\/www.dokobit.com\/et\/wp-json\/wp\/v2\/pages\/11870\/revisions"}],"predecessor-version":[{"id":11908,"href":"https:\/\/www.dokobit.com\/et\/wp-json\/wp\/v2\/pages\/11870\/revisions\/11908"}],"up":[{"embeddable":true,"href":"https:\/\/www.dokobit.com\/et\/wp-json\/wp\/v2\/pages\/5098"}],"wp:attachment":[{"href":"https:\/\/www.dokobit.com\/et\/wp-json\/wp\/v2\/media?parent=11870"}],"curies":[{"name":"wp","href":"https:\/\/api.w.org\/{rel}","templated":true}]}}