{"id":25476,"date":"2023-06-19T11:07:22","date_gmt":"2023-06-19T11:07:22","guid":{"rendered":"https:\/\/www.dokobit.com\/?page_id=25476"},"modified":"2023-07-24T13:09:32","modified_gmt":"2023-07-24T13:09:32","slug":"akzeptierbare-benutzungsrichtlinie","status":"publish","type":"page","link":"https:\/\/www.dokobit.com\/de\/compliance\/akzeptierbare-benutzungsrichtlinie","title":{"rendered":"Acceptable Use\u00a0Policy"},"content":{"rendered":"\n<h1 class=\"wp-block-heading\">Akzeptierbare Benutzungsrichtlinie<\/h1>\n\n\n\n<div class=\"alert alert-borderless alert-info mb-32\">\n  <div class=\"alert-icon\">\n    <svg width=\"20\" height=\"20\" viewBox=\"0 0 20 20\" fill=\"none\" xmlns=\"http:\/\/www.w3.org\/2000\/svg\">\n      <path d=\"M10 0C4.48 0 0 4.48 0 10C0 15.52 4.48 20 10 20C15.52 20 20 15.52 20 10C20 4.48 15.52 0 10 0ZM11 15H9V13H11V15ZM11 11H9V5H11V11Z\"><\/path>\n    <\/svg>\n  <\/div>\n  <div class=\"alert-content\">\n    <div class=\"alert__text\">\n      <p>Die folgende Akzeptierbare Benutzungsrichtlinie ist g\u00fcltig ab und wurde zuletzt aktualisiert:<\/p>\n      <ul class=\"mb-0\">\n        <li>F\u00fcr Dokobit-Portal-Benutzer am 28.05.2023.<\/li>\n        <li>F\u00fcr Dokobit-API-Nutzer am 18.06.2023.<\/li>\n      <\/ul>\n    <\/div>\n  <\/div>\n<\/div>\n\n\n\n<p>Die Nutzung der Dienste unterliegt dieser Akzeptierbaren Benutzungsrichtlinie. Sie erkl\u00e4ren sich damit einverstanden, die Dienste nicht missbr\u00e4uchlich zu nutzen oder anderen dabei zu helfen, dies auf die unten beschriebene Weise zu tun, und verstehen die Haftungen, die sich aus dem Versto\u00df gegen diese Akzeptierbare Benutzungsrichtlinie ergeben. Bitte beachten Sie, dass Begriffe in Gro\u00dfbuchstaben die in den Nutzungs\u00adbedingungen angegebene Bedeutung haben.<\/p>\n\n\n\n<p>Eine missbr\u00e4uchliche Nutzung der Dienste kann Folgendes sein:<\/p>\n\n\n\n<h2 class=\"wp-block-heading\">1.&nbsp;Unterbrechung des Dienstes<\/h2>\n\n\n\n<p>1.1.&nbsp;Beeintr\u00e4chtigung der Integrit\u00e4t, Vertraulichkeit und\/oder Verf\u00fcgbarkeit unserer Dienste und\/oder der Systeme unserer Dienste, einschlie\u00dflich der Dienste und Systeme unserer Unterauftragsverarbeiter im Zusammenhang mit der Bereitstellung unserer Dienste. Dazu geh\u00f6rt das Untersuchen, Scannen oder Testen der Verwundbarkeit von Systemen oder Netzwerken, die unsere Dienste hosten.<\/p>\n\n\n\n<p>1.2. Manipulation oder Reverse Engineering unserer Software, Umgehung von Sicherheits- oder Authentifizierungsma\u00dfnahmen oder der Versuch, auf die Dienste, zugeh\u00f6rige Systeme, Netzwerke oder Daten unbefugten Zugriff zu erlangen.<\/p>\n\n\n\n<p>1.3.&nbsp;\u00dcberlastung unserer Infrastruktur oder der Versuch, sie zu \u00fcberlasten, indem Sie unseren Systemen eine unangemessen gro\u00dfe Last auferlegen.<\/p>\n\n\n\n<p>1.4. Entschl\u00fcsselung von \u00dcbertragungen zu oder von den Servern, auf denen die Dienste ausgef\u00fchrt werden.<\/p>\n\n\n\n<h2 class=\"wp-block-heading\"><strong>2.&nbsp;<\/strong><strong>Missbrauch des Dienstes<\/strong><strong><\/strong><\/h2>\n\n\n\n<p>2.1. Das Versenden von ver\u00e4nderten, irref\u00fchrenden oder falschen Informationen zur Identifizierung der Quelle, einschlie\u00dflich \u201eSpoofing\u201c oder \u201ePhishing\u201c.<\/p>\n\n\n\n<p>2.2. Verunglimpfung von uns oder unseren Partnern, Anbietern oder verbundenen Unternehmen.<\/p>\n\n\n\n<p>2.3. Das Bewerben oder die Verkaufsf\u00f6rderung von Produkten oder Dienstleistungen, die nicht Ihre eigenen sind, ohne entsprechende Genehmigung.<\/p>\n\n\n\n<p>2.4. Nutzung der Dienste, um die Privatsph\u00e4re anderer zu verletzen, einschlie\u00dflich der Ver\u00f6ffentlichung oder des Postens privater und vertraulicher Informationen anderer Personen ohne deren ausdr\u00fcckliche Erlaubnis oder der Erfassung oder des Sammelns personenbezogener Daten anderer Personen.<\/p>\n\n\n\n<p>2.5. Versenden einer Anforderung zur Authentifizierung und\/oder Signatur an mehrere zuf\u00e4llige Empf\u00e4nger, die die Anforderung nicht erwarten und sich mit der sendenden Partei nicht entsprechend abgestimmt haben.<\/p>\n\n\n\n<p>2.6. Die Dienste d\u00fcrfen nur zur Speicherung von Kundendaten verwendet werden, die der Nutzer rechtm\u00e4\u00dfig erhalten oder erstellt hat. Die Dienste d\u00fcrfen weder direkt noch indirekt f\u00fcr rechtswidrige Handlungen genutzt werden.<\/p>\n\n\n\n<p>2.7. Die Dienste d\u00fcrfen nicht f\u00fcr die Bereitstellung Ihrer eigenen Sicherheitsl\u00f6sung f\u00fcr elektronische Identit\u00e4ten verwendet werden, die auf einer Benutzerauthentifizierung oder einem Signiervorgang basiert, der unter Verwendung von Dokobit-API-Diensten erfolgt. Wenn sich ein Kunde zum Beispiel mit einer der von uns unterst\u00fctzten eIDs anmeldet und Sie bitten den Kunden in derselben Sitzung, einen Benutzer mit einem selbst gew\u00e4hlten Passwort zu registrieren, das der Kunde dann bei zuk\u00fcnftigen Authentifizierungen verwendet.<\/p>\n\n\n\n<p>2.8. Bereitgestellte API-Dienste von Dokobit d\u00fcrfen in den Systemen des Nutzers nur nach erfolgreicher Integrationspr\u00fcfung durch Dokobit verwendet werden. Der bereitgestellte API-Zugang darf weder direkt noch indirekt in anderen Drittanbieter-Systemen wiederverwendet werden, die nicht von der anf\u00e4nglichen Integrationspr\u00fcfung umfasst wurden. Sollen die Dienste in den Drittanbieter-Systemen genutzt werden, ist f\u00fcr jede Nutzung ein neuer Vertrag mit neuem Zugang zu liefern.<\/p>\n\n\n\n<p>2.9. Wenn vers\u00e4umt wird, das von der ENISA empfohlene Sicherheitsniveau in den Systemen, die unsere Dienste integrieren (ENISA-Empfehlungen f\u00fcr Algorithmen, Schl\u00fcsselgr\u00f6\u00dfen und Parameter) zu gew\u00e4hrleisten.&nbsp;<\/p>\n\n\n\n<p>2.10. Zugriff auf oder Durchsuchen eines Teils der Dienste mit anderen Mitteln als unseren \u00f6ffentlich unterst\u00fctzten Schnittstellen (z. B. \u201eScraping\u201c).<\/p>\n\n\n\n<h2 class=\"wp-block-heading\"><strong>3.&nbsp;<\/strong><strong>Unangemessene Inhalte<\/strong><\/h2>\n\n\n\n<p>3.1. Das Posten, Hochladen, Teilen, Einreichen oder anderweitiges Bereitstellen von Inhalten, die:<\/p>\n\n\n\n<p>3.1.1. das geistige Eigentum oder andere Rechte des Dienstanbieters oder eines Dritten verletzen, einschlie\u00dflich Urheberrechte, Marken, Patente, Gesch\u00e4ftsgeheimnisse, Urheberpers\u00f6nlichkeitsrechte, Datenschutzrechte oder andere Rechte an geistigem Eigentum oder Eigentums- oder Vertragsrechte;<\/p>\n\n\n\n<p>3.1.2. pornografisch sind, extreme Gewalttaten oder terroristische Aktivit\u00e4ten, einschlie\u00dflich Terrorpropaganda, enthalten oder anderweitig rechtswidrig sind;<\/p>\n\n\n\n<p>3.1.3. f\u00fcr Fanatismus oder Hass gegen eine Person oder Gruppe von Menschen aufgrund ihrer Rasse, Religion, ethnischen Zugeh\u00f6rigkeit, ihres Geschlechts, ihrer Geschlechtsidentit\u00e4t, ihrer sexuellen Orientierung, ihrer Behinderung oder ihrer Beeintr\u00e4chtigung eintreten;<\/p>\n\n\n\n<p>3.1.4. illegales oder unerlaubtes Verhalten f\u00f6rdern;<\/p>\n\n\n\n<p>3.1.5. Viren, Bots, W\u00fcrmer, Scripting-Exploits oder andere \u00e4hnliche Materialien enthalten;<\/p>\n\n\n\n<p>3.1.6. Sie nicht berechtigt sind, einzureichen;<\/p>\n\n\n\n<p>3.1.7. dem Dienstanbieter oder Dritten anderweitig Schaden zuf\u00fcgen k\u00f6nnen.<\/p>\n\n\n\n<h2 class=\"wp-block-heading\"><strong>4.&nbsp;<\/strong><strong>Versto\u00df gegen die Akzeptierbare Benutzungsrichtlinie<\/strong><\/h2>\n\n\n\n<p>4.1. Verst\u00f6\u00dfe durch Sie, Ihr Unternehmen oder eine andere Partei, die zum Zugriff auf und zur Nutzung der Dienste berechtigt ist, k\u00f6nnen zu einer Sperrung des Zugriffs auf die Dienste oder zu einer teilweisen oder vollst\u00e4ndigen Aussetzung der Dienste oder zu anderen angemessenen Ma\u00dfnahmen f\u00fchren, die, wie von uns nach eigenem Ermessen festgelegt, geeignet sind, den Versto\u00df zu beheben.<\/p>\n\n\n\n<p>4.2. Wir behalten uns das Recht vor, ohne Vorank\u00fcndigung zu handeln, wenn dies, wie von uns nach eigenem Ermessen festgelegt, erforderlich ist, um den stabilen, sicheren und ununterbrochenen Betrieb der Dienste aufrechtzuerhalten.<\/p>\n\n\n\n<p>4.3. Bei einem Verdacht auf kriminelle Handlungen beziehen wir eventuell Strafverfolgungsbeh\u00f6rden und Regierungsbeh\u00f6rden ein und arbeiten mit ihnen zusammen. Zuwiderhandelnde k\u00f6nnen zudem nach geltendem Recht zivil- oder strafrechtlich haftbar gemacht werden.<\/p>\n\n\n\n<p>4.4. Im Falle eines Versto\u00dfes gegen diese Akzeptierbare Benutzungsrichtlinie hat der Kunde keinen Anspruch auf Entsch\u00e4digung.<\/p>\n","protected":false},"excerpt":{"rendered":"<p>Akzeptierbare Benutzungsrichtlinie Die folgende Akzeptierbare Benutzungsrichtlinie ist g\u00fcltig ab und wurde zuletzt aktualisiert: F\u00fcr Dokobit-Portal-Benutzer am 28.05.2023. F\u00fcr Dokobit-API-Nutzer am 18.06.2023. Die Nutzung der Dienste unterliegt dieser Akzeptierbaren Benutzungsrichtlinie. Sie erkl\u00e4ren sich damit einverstanden, die Dienste nicht missbr\u00e4uchlich zu nutzen oder anderen dabei zu helfen, dies auf die unten beschriebene Weise zu tun, und verstehen [&hellip;]<\/p>\n","protected":false},"author":10,"featured_media":0,"parent":23581,"menu_order":0,"comment_status":"closed","ping_status":"closed","template":"","meta":{"footnotes":""},"acf":[],"yoast_head":"<!-- This site is optimized with the Yoast SEO plugin v22.7 - https:\/\/yoast.com\/wordpress\/plugins\/seo\/ -->\n<title>Acceptable Use\u00a0Policy | Dokobit<\/title>\n<meta name=\"robots\" content=\"index, follow, max-snippet:-1, max-image-preview:large, max-video-preview:-1\" \/>\n<link rel=\"canonical\" href=\"https:\/\/www.dokobit.com\/de\/wp-json\/wp\/v2\/pages\/25476\" \/>\n<meta property=\"og:locale\" content=\"de_DE\" \/>\n<meta property=\"og:type\" content=\"article\" \/>\n<meta property=\"og:title\" content=\"Acceptable Use\u00a0Policy | Dokobit\" \/>\n<meta property=\"og:description\" content=\"Akzeptierbare Benutzungsrichtlinie Die folgende Akzeptierbare Benutzungsrichtlinie ist g\u00fcltig ab und wurde zuletzt aktualisiert: F\u00fcr Dokobit-Portal-Benutzer am 28.05.2023. F\u00fcr Dokobit-API-Nutzer am 18.06.2023. Die Nutzung der Dienste unterliegt dieser Akzeptierbaren Benutzungsrichtlinie. Sie erkl\u00e4ren sich damit einverstanden, die Dienste nicht missbr\u00e4uchlich zu nutzen oder anderen dabei zu helfen, dies auf die unten beschriebene Weise zu tun, und verstehen [&hellip;]\" \/>\n<meta property=\"og:url\" content=\"https:\/\/www.dokobit.com\/de\/compliance\/akzeptierbare-benutzungsrichtlinie\" \/>\n<meta property=\"og:site_name\" content=\"Dokobit\" \/>\n<meta property=\"article:publisher\" content=\"https:\/\/www.facebook.com\/dokobit\" \/>\n<meta property=\"article:modified_time\" content=\"2023-07-24T13:09:32+00:00\" \/>\n<meta property=\"og:image\" content=\"https:\/\/www.dokobit.com\/wp-content\/uploads\/2024\/07\/2x-image-23.png\" \/>\n\t<meta property=\"og:image:width\" content=\"2403\" \/>\n\t<meta property=\"og:image:height\" content=\"1803\" \/>\n\t<meta property=\"og:image:type\" content=\"image\/png\" \/>\n<meta name=\"twitter:card\" content=\"summary_large_image\" \/>\n<meta name=\"twitter:label1\" content=\"Gesch\u00e4tzte Lesezeit\" \/>\n\t<meta name=\"twitter:data1\" content=\"4\u00a0Minuten\" \/>\n<script type=\"application\/ld+json\" class=\"yoast-schema-graph\">{\"@context\":\"https:\/\/schema.org\",\"@graph\":[{\"@type\":\"WebPage\",\"@id\":\"https:\/\/www.dokobit.com\/de\/compliance\/akzeptierbare-benutzungsrichtlinie\",\"url\":\"https:\/\/www.dokobit.com\/de\/compliance\/akzeptierbare-benutzungsrichtlinie\",\"name\":\"Acceptable Use\u00a0Policy | Dokobit\",\"isPartOf\":{\"@id\":\"https:\/\/www.dokobit.com\/de#website\"},\"datePublished\":\"2023-06-19T11:07:22+00:00\",\"dateModified\":\"2023-07-24T13:09:32+00:00\",\"breadcrumb\":{\"@id\":\"https:\/\/www.dokobit.com\/de\/compliance\/akzeptierbare-benutzungsrichtlinie#breadcrumb\"},\"inLanguage\":\"de\",\"potentialAction\":[{\"@type\":\"ReadAction\",\"target\":[\"https:\/\/www.dokobit.com\/de\/compliance\/akzeptierbare-benutzungsrichtlinie\"]}]},{\"@type\":\"BreadcrumbList\",\"@id\":\"https:\/\/www.dokobit.com\/de\/compliance\/akzeptierbare-benutzungsrichtlinie#breadcrumb\",\"itemListElement\":[{\"@type\":\"ListItem\",\"position\":1,\"name\":\"Home\",\"item\":\"https:\/\/www.dokobit.com\/de\"},{\"@type\":\"ListItem\",\"position\":2,\"name\":\"Compliance\",\"item\":\"https:\/\/www.dokobit.com\/de\/compliance\"},{\"@type\":\"ListItem\",\"position\":3,\"name\":\"Acceptable Use\u00a0Policy\"}]},{\"@type\":\"WebSite\",\"@id\":\"https:\/\/www.dokobit.com\/de#website\",\"url\":\"https:\/\/www.dokobit.com\/de\",\"name\":\"Dokobit\",\"description\":\"Electronic document signing as an everyday service\",\"potentialAction\":[{\"@type\":\"SearchAction\",\"target\":{\"@type\":\"EntryPoint\",\"urlTemplate\":\"https:\/\/www.dokobit.com\/de?s={search_term_string}\"},\"query-input\":\"required name=search_term_string\"}],\"inLanguage\":\"de\"}]}<\/script>\n<!-- \/ Yoast SEO plugin. -->","yoast_head_json":{"title":"Acceptable Use\u00a0Policy | Dokobit","robots":{"index":"index","follow":"follow","max-snippet":"max-snippet:-1","max-image-preview":"max-image-preview:large","max-video-preview":"max-video-preview:-1"},"canonical":"https:\/\/www.dokobit.com\/de\/wp-json\/wp\/v2\/pages\/25476","og_locale":"de_DE","og_type":"article","og_title":"Acceptable Use\u00a0Policy | Dokobit","og_description":"Akzeptierbare Benutzungsrichtlinie Die folgende Akzeptierbare Benutzungsrichtlinie ist g\u00fcltig ab und wurde zuletzt aktualisiert: F\u00fcr Dokobit-Portal-Benutzer am 28.05.2023. F\u00fcr Dokobit-API-Nutzer am 18.06.2023. Die Nutzung der Dienste unterliegt dieser Akzeptierbaren Benutzungsrichtlinie. Sie erkl\u00e4ren sich damit einverstanden, die Dienste nicht missbr\u00e4uchlich zu nutzen oder anderen dabei zu helfen, dies auf die unten beschriebene Weise zu tun, und verstehen [&hellip;]","og_url":"https:\/\/www.dokobit.com\/de\/compliance\/akzeptierbare-benutzungsrichtlinie","og_site_name":"Dokobit","article_publisher":"https:\/\/www.facebook.com\/dokobit","article_modified_time":"2023-07-24T13:09:32+00:00","og_image":[{"width":2403,"height":1803,"url":"https:\/\/www.dokobit.com\/wp-content\/uploads\/2024\/07\/2x-image-23.png","type":"image\/png"}],"twitter_card":"summary_large_image","twitter_misc":{"Gesch\u00e4tzte Lesezeit":"4\u00a0Minuten"},"schema":{"@context":"https:\/\/schema.org","@graph":[{"@type":"WebPage","@id":"https:\/\/www.dokobit.com\/de\/compliance\/akzeptierbare-benutzungsrichtlinie","url":"https:\/\/www.dokobit.com\/de\/compliance\/akzeptierbare-benutzungsrichtlinie","name":"Acceptable Use\u00a0Policy | Dokobit","isPartOf":{"@id":"https:\/\/www.dokobit.com\/de#website"},"datePublished":"2023-06-19T11:07:22+00:00","dateModified":"2023-07-24T13:09:32+00:00","breadcrumb":{"@id":"https:\/\/www.dokobit.com\/de\/compliance\/akzeptierbare-benutzungsrichtlinie#breadcrumb"},"inLanguage":"de","potentialAction":[{"@type":"ReadAction","target":["https:\/\/www.dokobit.com\/de\/compliance\/akzeptierbare-benutzungsrichtlinie"]}]},{"@type":"BreadcrumbList","@id":"https:\/\/www.dokobit.com\/de\/compliance\/akzeptierbare-benutzungsrichtlinie#breadcrumb","itemListElement":[{"@type":"ListItem","position":1,"name":"Home","item":"https:\/\/www.dokobit.com\/de"},{"@type":"ListItem","position":2,"name":"Compliance","item":"https:\/\/www.dokobit.com\/de\/compliance"},{"@type":"ListItem","position":3,"name":"Acceptable Use\u00a0Policy"}]},{"@type":"WebSite","@id":"https:\/\/www.dokobit.com\/de#website","url":"https:\/\/www.dokobit.com\/de","name":"Dokobit","description":"Electronic document signing as an everyday service","potentialAction":[{"@type":"SearchAction","target":{"@type":"EntryPoint","urlTemplate":"https:\/\/www.dokobit.com\/de?s={search_term_string}"},"query-input":"required name=search_term_string"}],"inLanguage":"de"}]}},"_links":{"self":[{"href":"https:\/\/www.dokobit.com\/de\/wp-json\/wp\/v2\/pages\/25476"}],"collection":[{"href":"https:\/\/www.dokobit.com\/de\/wp-json\/wp\/v2\/pages"}],"about":[{"href":"https:\/\/www.dokobit.com\/de\/wp-json\/wp\/v2\/types\/page"}],"author":[{"embeddable":true,"href":"https:\/\/www.dokobit.com\/de\/wp-json\/wp\/v2\/users\/10"}],"replies":[{"embeddable":true,"href":"https:\/\/www.dokobit.com\/de\/wp-json\/wp\/v2\/comments?post=25476"}],"version-history":[{"count":11,"href":"https:\/\/www.dokobit.com\/de\/wp-json\/wp\/v2\/pages\/25476\/revisions"}],"predecessor-version":[{"id":25921,"href":"https:\/\/www.dokobit.com\/de\/wp-json\/wp\/v2\/pages\/25476\/revisions\/25921"}],"up":[{"embeddable":true,"href":"https:\/\/www.dokobit.com\/de\/wp-json\/wp\/v2\/pages\/23581"}],"wp:attachment":[{"href":"https:\/\/www.dokobit.com\/de\/wp-json\/wp\/v2\/media?parent=25476"}],"curies":[{"name":"wp","href":"https:\/\/api.w.org\/{rel}","templated":true}]}}