{"id":25109,"date":"2023-04-25T12:10:42","date_gmt":"2023-04-25T12:10:42","guid":{"rendered":"https:\/\/www.dokobit.com\/compliance\/cookie-policy"},"modified":"2023-06-19T11:39:15","modified_gmt":"2023-06-19T11:39:15","slug":"cookie-richtlinie","status":"publish","type":"page","link":"https:\/\/www.dokobit.com\/de\/compliance\/cookie-richtlinie","title":{"rendered":"Cookie-Richtlinie"},"content":{"rendered":"\n<h1 class=\"wp-block-heading\">Cookie-Richtlinie<\/h1>\n\n\n\n<p>Wenn Sie die Dokobit-Website, das Portal oder die mobile App oder andere Dokobit-Dienste nutzen, k\u00f6nnen wir und unsere Partner \u00fcber Cookies oder \u00e4hnliche Technologien Informationen auf Ihrem Ger\u00e4t speichern und\/oder darauf zugreifen, um personenbezogene Daten zu verarbeiten. In dieser Cookie-Richtlinie k\u00f6nnen Sie mehr \u00fcber die folgenden Themen lesen:<\/p>\n\n\n\n<ul>\n<li>wie wir Cookies verwenden,<\/li>\n\n\n\n<li>die Arten von Cookies, die wir verwenden,<\/li>\n\n\n\n<li>wie lange diese Cookies aktiv sind und zu welchen Zwecken sie verwendet werden,<\/li>\n\n\n\n<li>wie Sie Ihre Cookie-Einstellungen \u00e4ndern und wie Sie Ihre Einwilligung verweigern k\u00f6nnen, und<\/li>\n\n\n\n<li>wer wir sind und wie Sie mit uns in Kontakt treten k\u00f6nnen.<\/li>\n<\/ul>\n\n\n\n<p>Wenn wir Begriffe wie \u201euns\u201c\/\u201ewir\u201c\/\u201eund unser\u201c verwenden, meinen wir Dokobit. Nachfolgend finden Sie Daten zu unserem Unternehmen. Wir sind der Verantwortliche f\u00fcr die Daten, die durch die Verwendung von Cookies auf unserer Website erhoben werden.<\/p>\n\n\n\n<p>Unsere Website ist&nbsp;<a href=\"https:\/\/www.dokobit.com\/\">https:\/\/www.dokobit.com\/<\/a>, einschlie\u00dflich unserer Subdomains, die wir besitzen und betreiben.<\/p>\n\n\n\n<p>Wenn wir von \u201eIhnen\u201c sprechen, meinen wir Sie als Nutzer oder Besucher unserer Website.<\/p>\n\n\n\n<p>Diese Richtlinie ist Teil unserer Datenschutzrichtlinie. Unsere Verwendung von Cookies kann die Verarbeitung Ihrer personenbezogenen Daten einschlie\u00dfen. Wir empfehlen Ihnen daher, unsere Datenschutzrichtlinie zu lesen, die Sie <a href=\"https:\/\/www.dokobit.com\/de\/compliance\/datenschutzerklarung\">hier finden<\/a>.<\/p>\n\n\n\n<h2 class=\"wp-block-heading\">Einwilligung<\/h2>\n\n\n\n<p>Indem Sie unsere Verwendung von Cookies (abgesehen von erforderlichen Cookies) akzeptieren, stimmen Sie unserer Verwendung von Cookies zu, wie nachstehend unter \u201eArten von Cookies und wie wir sie verwenden\u201c beschrieben. Sie k\u00f6nnen Ihre Cookie-Einwilligung jederzeit \u00e4ndern oder widerrufen &#8211; siehe Abschnitt \u201eWie Sie Ihre Cookie-Einstellungen \u00e4ndern (und&nbsp;Ihre Einwilligung verweigern) k\u00f6nnen\u201c weiter unten.<\/p>\n\n\n\n<h2 class=\"wp-block-heading\">Was muss ich \u00fcber Cookies wissen?<\/h2>\n\n\n\n<p>Es gibt verschiedene Arten von Cookies und sie werden f\u00fcr unterschiedliche Zwecke verwendet.<\/p>\n\n\n\n<p>Im Folgenden erfahren Sie, was ein Cookie ist, den Unterschied zwischen Erst- und Drittanbieter-Cookies und zwischen Sitzungs- und permanenten Cookies und welche Arten von Cookies wir auf unserer Website verwenden und warum.<\/p>\n\n\n\n<h3 class=\"wp-block-heading\">Was ist ein Cookie?<\/h3>\n\n\n\n<p>Ein Cookie ist ein kleiner Datensatz, den eine Website auf Ihrem Ger\u00e4t speichert, wenn Sie sie besuchen, und der dann gelesen wird, wenn Sie die Website sp\u00e4ter erneut besuchen.&nbsp;&nbsp;Der Begriff \u201eCookies\u201c in dieser Richtlinie und das Konzept der Einwilligung bezieht sich auch auf andere Formen der automatischen Datenerfassung, z.&nbsp;B. Flash-Cookies (Lokale  gemeinsame Objekte), Webspeicher (HTML5), Javascripts oder von anderer Software platzierte Cookies.<\/p>\n\n\n\n<p>Ein Cookie kann Folgendes enthalten: Informationen \u00fcber die Website selbst, eine eindeutige Kennung, die es der Website erm\u00f6glicht, Ihren Webbrowser zu erkennen, wenn Sie auf die Website zur\u00fcckkehren, sowie zus\u00e4tzliche Daten, die dem Zweck des Cookies dienen, und Informationen \u00fcber die Lebensdauer des Cookies selbst.<\/p>\n\n\n\n<p>Die Begriffe \u201eCookies\u201c oder \u201eCookie-Daten\u201c beziehen sich auch auf Informationen \u00fcber IP- und MAC-Adressen und andere Informationen \u00fcber Ihr Ger\u00e4t, die durch diese Technologien gesammelt werden.<\/p>\n\n\n\n<p>Cookies werden verwendet, um bestimmte Funktionen zu aktivieren (z.&nbsp;B. das Einloggen), um die Nutzung der Website zu verfolgen (z.&nbsp;B. Analysen), um Ihre Benutzereinstellungen zu speichern (z.&nbsp;B. Zeitzone, Benachrichtigungseinstellungen) und um Ihre Inhalte zu personalisieren (z.&nbsp;B. Werbung, Sprache).<\/p>\n\n\n\n<h3 class=\"wp-block-heading\">Sitzungscookies vs. permanente Cookies<\/h3>\n\n\n\n<p>Sitzungscookies sind nur f\u00fcr die Dauer Ihrer Online-Sitzung g\u00fcltig. Das bedeutet, dass sie von Ihrem Rechner oder Ger\u00e4t verschwinden, wenn Sie Ihren Browser schlie\u00dfen. Sie werden daher manchmal auch als tempor\u00e4re Cookies bezeichnet. In der Regel werden Sitzungscookies verwendet, um sich daran zu erinnern, dass sich ein Benutzer bereits angemeldet hat, wenn er sich auf einer Website bewegt.<\/p>\n\n\n\n<p>Permanente Cookies sind anders. Diese Cookies werden manchmal als dauerhafte Cookies bezeichnet. Sie verbleiben auf Ihrem Rechner oder auf Ihrem Ger\u00e4t, nachdem Sie Ihren Browser geschlossen haben. Diese Arten von Cookies verfallen nach der im Cookie angegebenen Zeit. Sie k\u00f6nnen die spezifische Dauer jedes permanenten Cookies unten sehen.<\/p>\n\n\n\n<h3 class=\"wp-block-heading\">Was ist der Unterschied zwischen Erst- und Drittanbieter-Cookies?<\/h3>\n\n\n\n<p>Erstanbieter-Cookies sind Cookies, die von der von Ihnen besuchten Website gesetzt werden, und nur diese Website kann auf diese Cookies zugreifen und sie lesen.<\/p>\n\n\n\n<p>Drittanbieter-Cookies werden von jemand anderem als dem Eigent\u00fcmer der von Ihnen besuchten Website gesetzt. Cookies, die von anderen Websites und Unternehmen (d.&nbsp;h. Dritten) gesetzt werden, k\u00f6nnen genutzt werden, um Sie auf anderen Websites, die denselben Drittanbieter Dienst nutzen, zu verfolgen.<\/p>\n\n\n\n<p>Wir k\u00f6nnen Dritte damit beauftragen, uns bei der Wartung, dem Betrieb, der Erstellung oder der Funktionalit\u00e4t unserer Website zu unterst\u00fctzen, z.&nbsp;B. Analytik-Anbieter und Content-Partner. Wir gew\u00e4hren diesen Dritten Zugang zu ausgew\u00e4hlten Informationen, um bestimmte Aufgaben in unserem Namen zu erf\u00fcllen.<\/p>\n\n\n\n<p>Wir empfehlen Ihnen, die Datenschutzrichtlinien des Anbieters zu lesen, die Sie \u00fcber die Links in den Tabellen unten finden. Dort k\u00f6nnen Sie auch sehen, welche Cookies auf unserer Website Erstanbieter-Cookies und welche Drittanbieter-Cookies sind.<\/p>\n\n\n\n<h2 class=\"wp-block-heading\">Arten von Cookies und wie wir sie verwenden<\/h2>\n\n\n\n<p>Wir verwenden Cookies zu folgenden Zwecken:<\/p>\n\n\n\n<ol type=\"1\">\n<li>Um sicherzustellen, dass unsere Website wie erwartet funktioniert und um die Verf\u00fcgbarkeit und Qualit\u00e4t der Dienste und Funktionen, die wir unseren Kunden anbieten, zu \u00fcberwachen.<\/li>\n\n\n\n<li>Gew\u00e4hrleistung der Sicherheit, Verhinderung von Betrug und Debugging unserer Systeme, um sicherzustellen, dass unsere Systeme und Prozesse korrekt und sicher funktionieren.<\/li>\n\n\n\n<li>Empfang und Nutzung von Informationen, die automatisch von Ihrem Ger\u00e4t gesendet werden, wie IP-Adresse oder Browsertyp, um Ihr Ger\u00e4t von anderen Ger\u00e4ten zu unterscheiden.<\/li>\n\n\n\n<li>Speichern von und\/oder Zugriff auf Informationen auf einem Ger\u00e4t.&nbsp;&nbsp;Wir speichern Cookies, Ger\u00e4tekennungen oder andere Informationen auf Ihrem Ger\u00e4t zu den Ihnen vorgestellten Zwecken.<\/li>\n\n\n\n<li>Um Sie wiederzuerkennen, wenn Sie unsere Website erneut besuchen.&nbsp;&nbsp;Dies hilft uns, unsere Inhalte f\u00fcr Sie zu personalisieren und Ihre Pr\u00e4ferenzen zu beachten (z. B. Ihre bevorzugte Sprache oder Authentifizierungsmethode).<\/li>\n\n\n\n<li>Um zu verstehen, wie viele Besucher unsere Website besuchen, was ihnen gef\u00e4llt oder nicht gef\u00e4llt und wie sie mit unserer Website interagieren.&nbsp;&nbsp;Dies hilft uns, die Funktionalit\u00e4t unserer Website zu verbessern, z. B. indem wir die Navigation verbessern und dem Nutzer die optimale Nutzung der Website vorzuschlagen.<\/li>\n\n\n\n<li>Bessere Abstimmung unserer Website und der Ihnen angezeigten Werbung auf Ihre Interessen.&nbsp;&nbsp;Wenn Sie uns die Erlaubnis erteilen, Ihnen Marketing-E-Mails zu senden, verwenden wir diese Informationen auch, um Ihnen personalisierte Marketing-E-Mails zu senden.<\/li>\n\n\n\n<li>Um dienst Bezogene Kommunikation und Werbung zu personalisieren, die Leistung von Inhalten und Werbung zu messen und um unserem Produktentwicklungsteam Einblicke in die Zielgruppe zu geben.&nbsp;&nbsp;Wir verwenden diese Daten, um die Benutzererfahrung, die Kundenreise und unsere Systeme und Software zu verbessern.&nbsp;&nbsp;So k\u00f6nnen Ihnen beispielsweise Vorschl\u00e4ge f\u00fcr neue Funktionen oder Werbung angezeigt werden, die auf den von Ihnen aufgerufenen Inhalten, den von Ihnen verwendeten Funktionen oder Ihrem ungef\u00e4hren Standort basieren.&nbsp;&nbsp;Es kann ein Profil \u00fcber Sie und Ihre Interessen erstellt werden, um Ihnen personalisierte Anzeigen und Inhalte zu zeigen, die f\u00fcr Sie relevant sind.&nbsp;&nbsp;Auf der Grundlage Ihres Profils k\u00f6nnen Ihnen personalisierte Anzeigen und Inhalte angezeigt werden.&nbsp;&nbsp;Die Leistung und Wirksamkeit von Anzeigen und Inhalten, die Sie sehen oder mit denen Sie interagieren, kann gemessen werden.&nbsp;&nbsp;Durch Marktforschung kann mehr \u00fcber die Zielgruppen erfahren werden, die Websites\/Apps besuchen und We<ins>r<\/ins>beanzeigen ansehen.&nbsp;&nbsp;Ihre Daten k\u00f6nnen zur Verbesserung bestehender Systeme und Software sowie zur Entwicklung neuer Produkte verwendet werden.<\/li>\n\n\n\n<li>Verwendung pr\u00e4ziser Geolokalisierungsdaten.&nbsp;&nbsp;Wir verwenden Ihre Geolokalisierungsdaten f\u00fcr einen oder mehrere Zwecke.<\/li>\n<\/ol>\n\n\n\n<h3 class=\"wp-block-heading\">Unbedingt erforderliche Cookies<\/h3>\n\n\n\n<p>Erforderliche Cookies werden ben\u00f6tigt, damit die Grundfunktionen unserer Website funktionieren.&nbsp;&nbsp;Diese Cookies sind f\u00fcr die Bereitstellung von Diensten unerl\u00e4sslich und erforderlich, um sicherzustellen, dass Informationen und Dienste sicher und optimal bereitgestellt werden.&nbsp;&nbsp;So verwenden wir beispielsweise erforderliche Cookies, damit Sie sich bei einem Besuch unserer Website nur einmal anmelden m\u00fcssen.&nbsp;&nbsp;Wir verwenden diese Cookies auch, um die Verf\u00fcgbarkeit und Qualit\u00e4t unserer Dienste und Funktionen zu \u00fcberwachen.<\/p>\n\n\n\n<p>Wir verwenden erforderliche Cookies auch, um sicherzustellen, dass Sie die M\u00f6glichkeit haben, Cookies zu akzeptieren oder abzulehnen, nicht-erforderliche Cookies zu blockieren, bis Sie Ihre Einwilligung geben, und Ihre Cookie-Einstellungen und -Entscheidungen zu speichern.&nbsp;&nbsp;Diese Cookies helfen auch dabei, nachzuverfolgen, ob und wann Sie Ihre Zustimmung zu analytischen Cookies, Nutzungsbedingungen und Marketingaktivit\u00e4ten gegeben haben.<\/p>\n\n\n\n<p>Es ist weder notwendig noch m\u00f6glich, die Verwendung der erforderlichen Cookies abzulehnen, da sie f\u00fcr die Funktionalit\u00e4t unserer Website unerl\u00e4sslich sind.<\/p>\n\n\n\n<h3 class=\"wp-block-heading\">Funktionelle Cookies<\/h3>\n\n\n\n<p>Diese Cookies erm\u00f6glichen es der Website, eine verbesserte Funktionalit\u00e4t und Personalisierung zu bieten.&nbsp;&nbsp;Funktionelle Cookies tragen dazu bei, Ihre Erfahrung zu verbessern, indem sie einen st\u00e4rker personalisierten Dienst bieten.&nbsp;&nbsp;Diese Cookies merken sich Ihre Auswahl, z.&nbsp;B.Sprache, bevorzugte Anmeldeoption, usw.&nbsp;&nbsp;Sie k\u00f6nnen von uns oder von Drittanbietern gesetzt werden, deren Dienste wir auf unseren Seiten hinzugef\u00fcgt haben.&nbsp;&nbsp;Wir setzen nur dann funktionelle Cookies auf Ihrem Ger\u00e4t, wenn Sie uns Ihre Einwilligung erteilen. Wenn Sie diese Cookies jedoch nicht zulassen, funktionieren einige oder alle dieser Dienste m\u00f6glicherweise nicht ordnungsgem\u00e4\u00df.&nbsp;<\/p>\n\n\n\n<h3 class=\"wp-block-heading\">Performance-Cookies<\/h3>\n\n\n\n<p>Performance-Cookies, auch als analytische Cookies bezeichnet, sammeln statistische Daten.&nbsp;&nbsp;Wir verwenden diese Informationen, um unsere Website noch besser zu machen.&nbsp;&nbsp;Die \u00fcber die Performance-Cookies gesammelten Informationen verfolgen, wie Sie unsere Website w\u00e4hrend Ihres Besuchs nutzen.&nbsp;&nbsp;Sie helfen uns, das Nutzungsverhalten der Besucher zu verstehen, Probleme oder Fehler zu erkennen und zu diagnostizieren und bessere strategische Entscheidungen zur Verbesserung der Website zu treffen.&nbsp;<\/p>\n\n\n\n<p>Wir setzen nur dann Performance-Cookies auf Ihrem Ger\u00e4t, wenn Sie uns Ihre Einwilligung geben.<\/p>\n\n\n\n<h3 class=\"wp-block-heading\">Targeting-Cookies<\/h3>\n\n\n\n<p>Targeting-Cookies \u2013 Wenn Sie unsere Website besuchen, k\u00f6nnen unsere Werbepartner die Targeting-Cookies setzen.&nbsp;<\/p>\n\n\n\n<p>Targeting-Cookies werden genutzt, um festzustellen, welche Werbeinhalte f\u00fcr Sie und Ihre Interessen besonders relevant und geeignet sind.&nbsp;&nbsp;Unsere Partner verwenden solche Cookies, um ein Profil Ihrer Interessen zu erstellen und Ihnen relevante Werbung auf anderen Websites zu zeigen.&nbsp;&nbsp;Sie verhindern z. B., dass ein und dieselbe Anzeige immer wieder erscheint, stellen sicher, dass die Anzeigen f\u00fcr die Werbetreibenden korrekt angezeigt werden, und w\u00e4hlen in einigen F\u00e4llen Anzeigen aus, die auf Ihren Interessen basieren.&nbsp;&nbsp;Dies hilft den Unternehmen, die Wirksamkeit ihrer Kampagnen und die Qualit\u00e4t der Inhalte, die Ihnen pr\u00e4sentiert werden, zu verbessern.&nbsp;&nbsp;Diese Cookies k\u00f6nnen von der Website, die Sie besuchen (Erstanbieter) oder von Drittanbietern gesetzt werden.&nbsp;&nbsp;Von einem Drittanbieter gesetzte Marketing-Cookies k\u00f6nnen verwendet werden, um Sie auf anderen Websites zu verfolgen, die denselben Drittanbieter-Dienst nutzen.&nbsp;&nbsp;Sie identifizieren Sie nicht direkt, sondern verwenden eindeutige Kennungen f\u00fcr Ihren Browser und Ihr Internetger\u00e4t.&nbsp;&nbsp;Wenn Sie diese Cookies verweigern, werden Sie weniger gezielte Werbung sehen.<\/p>\n\n\n\n<p>Wir setzen nur dann Targeting-Cookies auf Ihrem Ger\u00e4t, wenn Sie uns Ihre Einwilligung geben.<\/p>\n\n\n\n<p>Hier ist eine Cookie-Informationstabelle einzuf\u00fcgen.<\/p>\n\n\n\n<div id=\"ot-sdk-cookie-policy\"><\/div>\n\n\n\n<h2 class=\"wp-block-heading\">Wie Sie Ihre Cookie-Einstellungen \u00e4ndern (und ihre Einwilligung verweigern) k\u00f6nnen<\/h2>\n\n\n\n<p>Im Rahmen unserer Cookie-L\u00f6sung bitten wir Sie stets um Ihre Einwilligung zu Cookies und anderen \u00e4hnlichen Technologien, bevor wir Cookies auf Ihrem Ger\u00e4t platzieren, es sei denn, es handelt sich um erforderliche Cookies.<\/p>\n\n\n\n<p>Wir geben Ihnen auch immer die M\u00f6glichkeit, Ihre Einwilligung zu \u00e4ndern.&nbsp;&nbsp;Wenn Sie bereits Ihre Einwilligung zu nicht-erforderlichen Cookies auf unserer Website erteilt haben, haben Sie immer die M\u00f6glichkeit, Ihre Einwilligung zu bestimmten Cookies zu \u00e4ndern.&nbsp;&nbsp;Suchen Sie einfach nach dem Link zu den Cookie-Einstellungen in der Fu\u00dfzeile unserer Website oder im Men\u00fc \u201eKontoeinstellungen\u201c.&nbsp;Wenn Sie auf die Schaltfl\u00e4che klicken, werden Ihre Cookie-Einstellungen angezeigt, sodass Sie jederzeit Ihre Einstellungen \u00e4ndern und Cookies ablehnen k\u00f6nnen.<\/p>\n\n\n\n<p>Es ist auch m\u00f6glich, Ihren Browser so einzustellen, dass er Cookies von unserer Website ablehnt.&nbsp;&nbsp;Die meisten Browser sind so konfiguriert, dass sie Cookies standardm\u00e4\u00dfig akzeptieren, aber Sie k\u00f6nnen diese Einstellungen so \u00e4ndern, dass Cookies entweder ganz abgelehnt werden oder dass Sie benachrichtigt werden, wenn eine Website versucht, ein Cookie zu setzen oder zu aktualisieren.&nbsp;&nbsp;Wenn Sie mehrere Browser verwenden und Cookies blockieren oder Ihre Einwilligung \u00e4ndern\/widerrufen m\u00f6chten, m\u00fcssen Sie dies in allen Browsern tun.<\/p>\n\n\n\n<p>Wenn Sie von mehreren Ger\u00e4ten aus auf Websites zugreifen, m\u00fcssen Sie Ihre Einstellungen m\u00f6glicherweise auch auf jedem einzelnen Ger\u00e4t aktualisieren.<\/p>\n\n\n\n<p>Obwohl einige Cookies mit geringen Auswirkungen auf Ihre Erfahrung mit einer Website blockiert werden k\u00f6nnen, kann die Blockierung aller Cookies dazu f\u00fchren, dass Sie auf bestimmte Funktionen und Inhalte der Website nicht zugreifen k\u00f6nnen.<\/p>\n\n\n\n<h2 class=\"wp-block-heading\">Verarbeitung Ihrer personenbezogenen Daten<\/h2>\n\n\n\n<p>Wenn Sie in unsere Verwendung von Cookies einwilligen, wird dies in bestimmten F\u00e4llen (wie im Cookie-Hinweis angegeben) die Verarbeitung Ihrer personenbezogenen Daten nach sich ziehen, wie z.\u00a0B. Ihrer IP-Adresse und Informationen dar\u00fcber, wie Sie unsere Dienste nutzen. Weitere Informationen \u00fcber die Verarbeitung personenbezogener Daten und \u00fcber Ihre Rechte finden Sie\u00a0<a href=\"https:\/\/www.dokobit.com\/de\/compliance\/datenschutzerklarung\">in unserer Datenschutzrichtlinie<\/a>.\u00a0<\/p>\n\n\n\n<h2 class=\"wp-block-heading\">Wie oft werden wir diese Cookie-Richtlinie aktualisieren?<\/h2>\n\n\n\n<p>Wir k\u00f6nnen diese Cookie-Richtlinie aktualisieren, um z. B. \u00c4nderungen an den von uns verwendeten Cookies zu ber\u00fccksichtigen oder weil andere betriebliche, rechtliche oder regulatorische Gr\u00fcnde vorliegen.&nbsp;&nbsp;Bitte rufen Sie diese Cookie-Richtlinie daher regelm\u00e4\u00dfig auf, um \u00fcber unsere Verwendung von Cookies und verwandten Technologien informiert zu bleiben.<\/p>\n\n\n\n<h2 class=\"wp-block-heading\">\u00dcber unser Unternehmen und wie Sie mit uns in Kontakt treten k\u00f6nnen<\/h2>\n\n\n\n<p>Informationen \u00fcber unser Unternehmen:<\/p>\n\n\n\n<p>Dokobit, UAB<br>Paupio g. 50-136<br>LT-11341 Vilnius<br>Litauen<\/p>\n\n\n\n<p>Nummer im Handelsregister: 301549834<\/p>\n\n\n\n<p>Senden Sie uns jederzeit eine Nachricht an:&nbsp;<a href=\"mailto:dpo@dokobit.com\">dpo@dokobit.com<\/a><\/p>\n","protected":false},"excerpt":{"rendered":"<p>Cookie-Richtlinie Wenn Sie die Dokobit-Website, das Portal oder die mobile App oder andere Dokobit-Dienste nutzen, k\u00f6nnen wir und unsere Partner \u00fcber Cookies oder \u00e4hnliche Technologien Informationen auf Ihrem Ger\u00e4t speichern und\/oder darauf zugreifen, um personenbezogene Daten zu verarbeiten. In dieser Cookie-Richtlinie k\u00f6nnen Sie mehr \u00fcber die folgenden Themen lesen: Wenn wir Begriffe wie \u201euns\u201c\/\u201ewir\u201c\/\u201eund unser\u201c [&hellip;]<\/p>\n","protected":false},"author":10,"featured_media":0,"parent":23581,"menu_order":0,"comment_status":"closed","ping_status":"closed","template":"","meta":{"footnotes":""},"acf":[],"yoast_head":"<!-- This site is optimized with the Yoast SEO plugin v22.7 - https:\/\/yoast.com\/wordpress\/plugins\/seo\/ -->\n<title>Cookie-Richtlinie | Dokobit<\/title>\n<meta name=\"robots\" content=\"index, follow, max-snippet:-1, max-image-preview:large, max-video-preview:-1\" \/>\n<link rel=\"canonical\" href=\"https:\/\/www.dokobit.com\/de\/wp-json\/wp\/v2\/pages\/25109\" \/>\n<meta property=\"og:locale\" content=\"de_DE\" \/>\n<meta property=\"og:type\" content=\"article\" \/>\n<meta property=\"og:title\" content=\"Cookie-Richtlinie | Dokobit\" \/>\n<meta property=\"og:description\" content=\"Cookie-Richtlinie Wenn Sie die Dokobit-Website, das Portal oder die mobile App oder andere Dokobit-Dienste nutzen, k\u00f6nnen wir und unsere Partner \u00fcber Cookies oder \u00e4hnliche Technologien Informationen auf Ihrem Ger\u00e4t speichern und\/oder darauf zugreifen, um personenbezogene Daten zu verarbeiten. In dieser Cookie-Richtlinie k\u00f6nnen Sie mehr \u00fcber die folgenden Themen lesen: Wenn wir Begriffe wie \u201euns\u201c\/\u201ewir\u201c\/\u201eund unser\u201c [&hellip;]\" \/>\n<meta property=\"og:url\" content=\"https:\/\/www.dokobit.com\/de\/compliance\/cookie-richtlinie\" \/>\n<meta property=\"og:site_name\" content=\"Dokobit\" \/>\n<meta property=\"article:publisher\" content=\"https:\/\/www.facebook.com\/dokobit\" \/>\n<meta property=\"article:modified_time\" content=\"2023-06-19T11:39:15+00:00\" \/>\n<meta property=\"og:image\" content=\"https:\/\/www.dokobit.com\/wp-content\/uploads\/2024\/07\/2x-image-23.png\" \/>\n\t<meta property=\"og:image:width\" content=\"2403\" \/>\n\t<meta property=\"og:image:height\" content=\"1803\" \/>\n\t<meta property=\"og:image:type\" content=\"image\/png\" \/>\n<meta name=\"twitter:card\" content=\"summary_large_image\" \/>\n<meta name=\"twitter:label1\" content=\"Gesch\u00e4tzte Lesezeit\" \/>\n\t<meta name=\"twitter:data1\" content=\"9\u00a0Minuten\" \/>\n<script type=\"application\/ld+json\" class=\"yoast-schema-graph\">{\"@context\":\"https:\/\/schema.org\",\"@graph\":[{\"@type\":\"WebPage\",\"@id\":\"https:\/\/www.dokobit.com\/de\/compliance\/cookie-richtlinie\",\"url\":\"https:\/\/www.dokobit.com\/de\/compliance\/cookie-richtlinie\",\"name\":\"Cookie-Richtlinie | Dokobit\",\"isPartOf\":{\"@id\":\"https:\/\/www.dokobit.com\/de#website\"},\"datePublished\":\"2023-04-25T12:10:42+00:00\",\"dateModified\":\"2023-06-19T11:39:15+00:00\",\"breadcrumb\":{\"@id\":\"https:\/\/www.dokobit.com\/de\/compliance\/cookie-richtlinie#breadcrumb\"},\"inLanguage\":\"de\",\"potentialAction\":[{\"@type\":\"ReadAction\",\"target\":[\"https:\/\/www.dokobit.com\/de\/compliance\/cookie-richtlinie\"]}]},{\"@type\":\"BreadcrumbList\",\"@id\":\"https:\/\/www.dokobit.com\/de\/compliance\/cookie-richtlinie#breadcrumb\",\"itemListElement\":[{\"@type\":\"ListItem\",\"position\":1,\"name\":\"Home\",\"item\":\"https:\/\/www.dokobit.com\/de\"},{\"@type\":\"ListItem\",\"position\":2,\"name\":\"Compliance\",\"item\":\"https:\/\/www.dokobit.com\/de\/compliance\"},{\"@type\":\"ListItem\",\"position\":3,\"name\":\"Cookie-Richtlinie\"}]},{\"@type\":\"WebSite\",\"@id\":\"https:\/\/www.dokobit.com\/de#website\",\"url\":\"https:\/\/www.dokobit.com\/de\",\"name\":\"Dokobit\",\"description\":\"Electronic document signing as an everyday service\",\"potentialAction\":[{\"@type\":\"SearchAction\",\"target\":{\"@type\":\"EntryPoint\",\"urlTemplate\":\"https:\/\/www.dokobit.com\/de?s={search_term_string}\"},\"query-input\":\"required name=search_term_string\"}],\"inLanguage\":\"de\"}]}<\/script>\n<!-- \/ Yoast SEO plugin. -->","yoast_head_json":{"title":"Cookie-Richtlinie | Dokobit","robots":{"index":"index","follow":"follow","max-snippet":"max-snippet:-1","max-image-preview":"max-image-preview:large","max-video-preview":"max-video-preview:-1"},"canonical":"https:\/\/www.dokobit.com\/de\/wp-json\/wp\/v2\/pages\/25109","og_locale":"de_DE","og_type":"article","og_title":"Cookie-Richtlinie | Dokobit","og_description":"Cookie-Richtlinie Wenn Sie die Dokobit-Website, das Portal oder die mobile App oder andere Dokobit-Dienste nutzen, k\u00f6nnen wir und unsere Partner \u00fcber Cookies oder \u00e4hnliche Technologien Informationen auf Ihrem Ger\u00e4t speichern und\/oder darauf zugreifen, um personenbezogene Daten zu verarbeiten. In dieser Cookie-Richtlinie k\u00f6nnen Sie mehr \u00fcber die folgenden Themen lesen: Wenn wir Begriffe wie \u201euns\u201c\/\u201ewir\u201c\/\u201eund unser\u201c [&hellip;]","og_url":"https:\/\/www.dokobit.com\/de\/compliance\/cookie-richtlinie","og_site_name":"Dokobit","article_publisher":"https:\/\/www.facebook.com\/dokobit","article_modified_time":"2023-06-19T11:39:15+00:00","og_image":[{"width":2403,"height":1803,"url":"https:\/\/www.dokobit.com\/wp-content\/uploads\/2024\/07\/2x-image-23.png","type":"image\/png"}],"twitter_card":"summary_large_image","twitter_misc":{"Gesch\u00e4tzte Lesezeit":"9\u00a0Minuten"},"schema":{"@context":"https:\/\/schema.org","@graph":[{"@type":"WebPage","@id":"https:\/\/www.dokobit.com\/de\/compliance\/cookie-richtlinie","url":"https:\/\/www.dokobit.com\/de\/compliance\/cookie-richtlinie","name":"Cookie-Richtlinie | Dokobit","isPartOf":{"@id":"https:\/\/www.dokobit.com\/de#website"},"datePublished":"2023-04-25T12:10:42+00:00","dateModified":"2023-06-19T11:39:15+00:00","breadcrumb":{"@id":"https:\/\/www.dokobit.com\/de\/compliance\/cookie-richtlinie#breadcrumb"},"inLanguage":"de","potentialAction":[{"@type":"ReadAction","target":["https:\/\/www.dokobit.com\/de\/compliance\/cookie-richtlinie"]}]},{"@type":"BreadcrumbList","@id":"https:\/\/www.dokobit.com\/de\/compliance\/cookie-richtlinie#breadcrumb","itemListElement":[{"@type":"ListItem","position":1,"name":"Home","item":"https:\/\/www.dokobit.com\/de"},{"@type":"ListItem","position":2,"name":"Compliance","item":"https:\/\/www.dokobit.com\/de\/compliance"},{"@type":"ListItem","position":3,"name":"Cookie-Richtlinie"}]},{"@type":"WebSite","@id":"https:\/\/www.dokobit.com\/de#website","url":"https:\/\/www.dokobit.com\/de","name":"Dokobit","description":"Electronic document signing as an everyday service","potentialAction":[{"@type":"SearchAction","target":{"@type":"EntryPoint","urlTemplate":"https:\/\/www.dokobit.com\/de?s={search_term_string}"},"query-input":"required name=search_term_string"}],"inLanguage":"de"}]}},"_links":{"self":[{"href":"https:\/\/www.dokobit.com\/de\/wp-json\/wp\/v2\/pages\/25109"}],"collection":[{"href":"https:\/\/www.dokobit.com\/de\/wp-json\/wp\/v2\/pages"}],"about":[{"href":"https:\/\/www.dokobit.com\/de\/wp-json\/wp\/v2\/types\/page"}],"author":[{"embeddable":true,"href":"https:\/\/www.dokobit.com\/de\/wp-json\/wp\/v2\/users\/10"}],"replies":[{"embeddable":true,"href":"https:\/\/www.dokobit.com\/de\/wp-json\/wp\/v2\/comments?post=25109"}],"version-history":[{"count":7,"href":"https:\/\/www.dokobit.com\/de\/wp-json\/wp\/v2\/pages\/25109\/revisions"}],"predecessor-version":[{"id":25506,"href":"https:\/\/www.dokobit.com\/de\/wp-json\/wp\/v2\/pages\/25109\/revisions\/25506"}],"up":[{"embeddable":true,"href":"https:\/\/www.dokobit.com\/de\/wp-json\/wp\/v2\/pages\/23581"}],"wp:attachment":[{"href":"https:\/\/www.dokobit.com\/de\/wp-json\/wp\/v2\/media?parent=25109"}],"curies":[{"name":"wp","href":"https:\/\/api.w.org\/{rel}","templated":true}]}}